{"id":2740,"date":"2022-04-08T10:41:04","date_gmt":"2022-04-08T10:41:04","guid":{"rendered":"https:\/\/jambo.dk\/bestellen\/"},"modified":"2024-10-19T19:52:13","modified_gmt":"2024-10-19T19:52:13","slug":"bestellen","status":"publish","type":"page","link":"https:\/\/jambo.dk\/de\/bestellen","title":{"rendered":"Zur Buchung"},"content":{"rendered":"\t\t<div data-elementor-type=\"wp-page\" data-elementor-id=\"2740\" class=\"elementor elementor-2740 elementor-559\" data-elementor-post-type=\"page\">\n\t\t\t\t\t\t<section class=\"elementor-section elementor-top-section elementor-element elementor-element-d1e4b4b elementor-section-boxed elementor-section-height-default elementor-section-height-default\" data-id=\"d1e4b4b\" data-element_type=\"section\" data-e-type=\"section\" id=\"profileFilterLayout\">\n\t\t\t\t\t\t<div class=\"elementor-container elementor-column-gap-default\">\n\t\t\t\t\t<div class=\"elementor-column elementor-col-100 elementor-top-column elementor-element elementor-element-ead005f\" data-id=\"ead005f\" data-element_type=\"column\" data-e-type=\"column\">\n\t\t\t<div class=\"elementor-widget-wrap elementor-element-populated\">\n\t\t\t\t\t\t<div class=\"elementor-element elementor-element-504c8cb elementor-align-left elementor-widget elementor-widget-breadcrumbs\" data-id=\"504c8cb\" data-element_type=\"widget\" data-e-type=\"widget\" data-widget_type=\"breadcrumbs.default\">\n\t\t\t\t<div class=\"elementor-widget-container\">\n\t\t\t\t\t<p id=\"breadcrumbs\"><span><span><a href=\"https:\/\/jambo.dk\/de\/titelseite\">Home<\/a><\/span><\/span><\/p>\t\t\t\t<\/div>\n\t\t\t\t<\/div>\n\t\t\t\t<div class=\"elementor-element elementor-element-64b818f elementor-widget elementor-widget-shortcode\" data-id=\"64b818f\" data-element_type=\"widget\" data-e-type=\"widget\" data-widget_type=\"shortcode.default\">\n\t\t\t\t<div class=\"elementor-widget-container\">\n\t\t\t\t\t            <script type=\"text\/javascript\" src=\"https:\/\/v3.onlinebooking.dk\/csobV2\/csob.controller.min.js\"><\/script>\n            <script>\n                jQuery(document).ready(function () {\n                    var csobController = null;\n                    jQuery.noConflict();\n\n                    jQuery('main section .elementor-widget-wrap').append(\n                        \"<div id='csob-left-content'   style='display:inline-block'><\/div>\" +\n                        \"<div id='csob-center-content' style='display:inline-block'><\/div>\" +\n                        \"<div id='csob-right-content'  style='display:inline-block'><\/div>\")\n\n                    jQuery('#csob-left-content').append(\"<div id='ProfileFilterWrapper'><\/div>\")\n                    jQuery('#csob-center-content').append(\n                        \"<div id='ErrorPanelWrapper'        class='csob-wrapper'><\/div>\",\n                        \"<div id='CalendarWrapper'          class='csob-wrapper'><\/div>\",\n                        \"<div id='CalendarSmallWrapper'     class='csob-wrapper'><\/div>\",\n                        \"<div id='CartWrapper'              class='csob-wrapper'><\/div>\",\n                        \"<div id='ProfileResultListWrapper' class='csob-wrapper'><\/div>\",\n                        \"<div id='shopProfileListWrapper' class='csob-wrapper'><\/div>\",\n                    )\n                    jQuery('#csob-right-content').append(\"<div id='LoginWrapper' class='csob-wrapper'><\/div>\")\n\n                    \/*render back button and jQuery dialogbox\n                    * apply styles to different elements and handles Cart events\n                    * Focus on elements that have value 0 in checkout page\n                    *\/\n                    function checkout() {\n                        let loaded = jQuery(\".button__continue\").length === 1;\n                        if (!loaded) {\n                            return;\n                        }\n\n                        \/\/Render Back button, jquery dialog\n                        if (jQuery(\"#back-button\").length === 0) {\n                            let backBtn = jQuery(\"<button id='back-button' class='button__previous float_left'>G\u00e5 tilbage<\/button>\");\n                            let dialog = jQuery(\n                                \"<div id='dialog_wrapper'><p>Vil du t\u00f8mme kurven?<\/p><\/div>\"\n                            );\n\n                            jQuery(\".orderWrapper\").append(backBtn);\n                            jQuery('.orderWrapper').append(dialog);\n                            dialog.on('dialogclose', function () {\n                                csobController.showCart();\n                            });\n\n                            jQuery('#dialog_wrapper').dialog({\n                                autoOpen: false,\n                                title: 'Onlinebooking',\n                                modal: true,\n                                buttons: {\n                                    'Ja': function () {\n                                        jQuery(this).dialog('close');\n                                        csobController.clearCart();\n                                        window.location.replace('\/book-dit-ophold-her');\n                                    },\n                                    'Nej': function () {\n                                        jQuery(this).dialog('close');\n                                        \/\/ csobController.showCart();\n                                    }\n                                },\n                                width: '600px',\n                                resizable: false,\n                                draggable: false,\n                                closeOnEscape: true,\n                            });\n\n                            backBtn.on('click', function () {\n                                setTimeout(() => {\n                                    jQuery('.csob-mb').hide();\n                                }, \"2000\");\n\n                                jQuery('#dialog_wrapper').dialog('open');\n                                jQuery('.ui-widget-header').css({\n                                    'border': 'none',\n                                    'color': 'black'\n                                });\n                                jQuery('.ui-dialog').css('background', 'white');\n                                jQuery('.ui-dialog-titlebar-close').text(\"\\u2715\");\n                                jQuery('.ui-dialog .ui-dialog-buttonpane button').css('width', '70px');\n                            });\n                        }\/\/button end\n\n\n                        \/\/ Animation focus element\n                        \/*\n                        *  Did not find a better way to target voksneFieldValue. [Data-cart-item-id] is always 'S1' for Voksen for all bookings and it should be the correct way to target.\n                        *  Let's hope they don't change the id again.\n                        *\/\n                        let voksneFieldValue = jQuery(\"[data-cart-item-id='S1'] .field__number .number__picker .number_content_container .number_amount\");\n\n                        jQuery('.button__continue').click(function (e) {\n\n                            let firstElem = undefined;\n\n                            voksneFieldValue.each(function (i, val) {\n\n                                \/\/get value for number of adults\n                                let value = jQuery(val).text();\n                                \/\/get grandparent of the element that has 0 value\n                                let parent = jQuery(this).parents().eq(5);\n\n                                if (value === '0') {\n                                    e.stopPropagation();\n                                    if (!firstElem) {\n                                        firstElem = parent;\n                                    }\n                                }\n\n                                if (!parent.children().hasClass('item__header--collapsed') && (parseInt(value) > 0)) {\n                                    parent.children().click();\n                                }\n\n                            })\n\n                            if (firstElem !== undefined) {\n                                if (firstElem.children().hasClass('item__header--collapsed')) {\n                                    firstElem.children().click();\n                                }\n                                setTimeout(() => {\n                                    jQuery('html, body').animate({\n                                        scrollTop: firstElem.children().offset().top\n                                    }, 500);\n                                }, 300)\n                            }\n                        });\n                    }\n\n                    let initOptions = {\n                        csobPortalKey: \"1e2b3947-663e-4e13-a8d2-ea5131b10929\",\n                        csobHost: \"https:\/\/v3.onlinebooking.dk\/\",\n                        redirectURLOnFeatureNotSupported: \"www.compusoft.dk\",\n                        errorPanelWrapper: jQuery(\"#ErrorPanelWrapper\"),\n                        initialCalendarWrapper: jQuery(\"#CalendarWrapper\"),\n                        secondaryCalendarWrapper: jQuery(\"#CalendarSmallWrapper\"),\n                        profileListWrapper: jQuery(\"#ProfileResultListWrapper\"),\n                        profileFilterWrapper: jQuery(\"#ProfileFilterWrapper\"),\n                        dealsCarouselWrapper: jQuery(\"#DealsCarouselWrapper\"),\n                        cartWrapper: jQuery(\"#CartWrapper\"),\n                        loginWrapper: jQuery(\"#LoginWrapper\"),\n                        modalTitle: jQuery(\"#dialog_wrapper\"),\n                        shopProfileListWrapper: jQuery(\"#shopProfileListWrapper\"),\n                        calendarGoToFirstAvailableDate: true,\n                        language: 'DE',\n                        cartWatch: checkout,\n                    }\n\n                    setTimeout(function () {\n                        \/\/ This instance can be use to access the csob.Controller API\n                        csobController = new csob.Controller(initOptions);\n                    });\n\n                });\n\n            <\/script>\n            \t\t<div class=\"elementor-shortcode\"><\/div>\n\t\t\t\t\t\t<\/div>\n\t\t\t\t<\/div>\n\t\t\t\t\t<\/div>\n\t\t<\/div>\n\t\t\t\t\t<\/div>\n\t\t<\/section>\n\t\t\t\t<section class=\"elementor-section elementor-top-section elementor-element elementor-element-c66a630 elementor-section-boxed elementor-section-height-default elementor-section-height-default\" data-id=\"c66a630\" data-element_type=\"section\" data-e-type=\"section\" id=\"initialCalendarWrapper\">\n\t\t\t\t\t\t<div class=\"elementor-container elementor-column-gap-default\">\n\t\t\t\t\t<div class=\"elementor-column elementor-col-100 elementor-top-column elementor-element elementor-element-1caa33d\" data-id=\"1caa33d\" data-element_type=\"column\" data-e-type=\"column\">\n\t\t\t<div class=\"elementor-widget-wrap\">\n\t\t\t\t\t\t\t<\/div>\n\t\t<\/div>\n\t\t\t\t\t<\/div>\n\t\t<\/section>\n\t\t\t\t<section class=\"elementor-section elementor-top-section elementor-element elementor-element-5cfcabf elementor-section-boxed elementor-section-height-default elementor-section-height-default\" data-id=\"5cfcabf\" data-element_type=\"section\" data-e-type=\"section\">\n\t\t\t\t\t\t<div class=\"elementor-container elementor-column-gap-default\">\n\t\t\t\t\t<div class=\"elementor-column elementor-col-100 elementor-top-column elementor-element elementor-element-c46f404\" data-id=\"c46f404\" data-element_type=\"column\" data-e-type=\"column\">\n\t\t\t<div class=\"elementor-widget-wrap\">\n\t\t\t\t\t\t\t<\/div>\n\t\t<\/div>\n\t\t\t\t\t<\/div>\n\t\t<\/section>\n\t\t\t\t<section class=\"elementor-section elementor-top-section elementor-element elementor-element-ec1c457 elementor-section-boxed elementor-section-height-default elementor-section-height-default\" data-id=\"ec1c457\" data-element_type=\"section\" data-e-type=\"section\" id=\"secondaryCalendarWrapper\">\n\t\t\t\t\t\t<div class=\"elementor-container elementor-column-gap-default\">\n\t\t\t\t\t<div class=\"elementor-column elementor-col-100 elementor-top-column elementor-element elementor-element-2b6eaca\" data-id=\"2b6eaca\" data-element_type=\"column\" data-e-type=\"column\">\n\t\t\t<div class=\"elementor-widget-wrap\">\n\t\t\t\t\t\t\t<\/div>\n\t\t<\/div>\n\t\t\t\t\t<\/div>\n\t\t<\/section>\n\t\t\t\t<\/div>\n\t\t","protected":false},"excerpt":{"rendered":"","protected":false},"author":1,"featured_media":0,"parent":0,"menu_order":0,"comment_status":"closed","ping_status":"closed","template":"","meta":{"_acf_changed":false,"footnotes":""},"class_list":["post-2740","page","type-page","status-publish","hentry"],"acf":[],"yoast_head":"<!-- This site is optimized with the Yoast SEO plugin v27.4 - https:\/\/yoast.com\/product\/yoast-seo-wordpress\/ -->\n<title>Zur Buchung - jambo feriepark<\/title>\n<meta name=\"description\" content=\"Buchen Sie hier Ihren Campingurlaub in Nordj\u00fctland. Genie\u00dfen Sie das Campingleben in Ihrem Zelt oder Wohnwagen. Sie k\u00f6nnen auch einen Wohnwagen oder eine H\u00fctte mieten.\" \/>\n<meta name=\"robots\" content=\"index, follow, max-snippet:-1, max-image-preview:large, max-video-preview:-1\" \/>\n<link rel=\"canonical\" href=\"https:\/\/jambo.dk\/de\/bestellen\" \/>\n<meta property=\"og:locale\" content=\"de_DE\" \/>\n<meta property=\"og:type\" content=\"article\" \/>\n<meta property=\"og:title\" content=\"Zur Buchung - jambo feriepark\" \/>\n<meta property=\"og:description\" content=\"Buchen Sie hier Ihren Campingurlaub in Nordj\u00fctland. Genie\u00dfen Sie das Campingleben in Ihrem Zelt oder Wohnwagen. Sie k\u00f6nnen auch einen Wohnwagen oder eine H\u00fctte mieten.\" \/>\n<meta property=\"og:url\" content=\"https:\/\/jambo.dk\/de\/bestellen\" \/>\n<meta property=\"og:site_name\" content=\"jambo feriepark\" \/>\n<meta property=\"article:publisher\" content=\"https:\/\/www.facebook.com\/feriepark\/\" \/>\n<meta property=\"article:modified_time\" content=\"2024-10-19T19:52:13+00:00\" \/>\n<meta name=\"twitter:card\" content=\"summary_large_image\" \/>\n<meta name=\"twitter:label1\" content=\"Gesch\u00e4tzte Lesezeit\" \/>\n\t<meta name=\"twitter:data1\" content=\"1\u00a0Minute\" \/>\n<script type=\"application\/ld+json\" class=\"yoast-schema-graph\">{\"@context\":\"https:\\\/\\\/schema.org\",\"@graph\":[{\"@type\":\"WebPage\",\"@id\":\"https:\\\/\\\/jambo.dk\\\/de\\\/bestellen\",\"url\":\"https:\\\/\\\/jambo.dk\\\/de\\\/bestellen\",\"name\":\"Zur Buchung - jambo feriepark\",\"isPartOf\":{\"@id\":\"https:\\\/\\\/jambo.dk\\\/de#website\"},\"datePublished\":\"2022-04-08T10:41:04+00:00\",\"dateModified\":\"2024-10-19T19:52:13+00:00\",\"description\":\"Buchen Sie hier Ihren Campingurlaub in Nordj\u00fctland. Genie\u00dfen Sie das Campingleben in Ihrem Zelt oder Wohnwagen. Sie k\u00f6nnen auch einen Wohnwagen oder eine H\u00fctte mieten.\",\"breadcrumb\":{\"@id\":\"https:\\\/\\\/jambo.dk\\\/de\\\/bestellen#breadcrumb\"},\"inLanguage\":\"de\",\"potentialAction\":[{\"@type\":\"ReadAction\",\"target\":[\"https:\\\/\\\/jambo.dk\\\/de\\\/bestellen\"]}]},{\"@type\":\"BreadcrumbList\",\"@id\":\"https:\\\/\\\/jambo.dk\\\/de\\\/bestellen#breadcrumb\",\"itemListElement\":[{\"@type\":\"ListItem\",\"position\":1,\"name\":\"Home\",\"item\":\"https:\\\/\\\/jambo.dk\\\/de\\\/titelseite\"},{\"@type\":\"ListItem\",\"position\":2,\"name\":\"Zur Buchung\"}]},{\"@type\":\"WebSite\",\"@id\":\"https:\\\/\\\/jambo.dk\\\/de#website\",\"url\":\"https:\\\/\\\/jambo.dk\\\/de\",\"name\":\"jambo feriepark\",\"description\":\"5 stjerners campingplads\",\"publisher\":{\"@id\":\"https:\\\/\\\/jambo.dk\\\/de#organization\"},\"potentialAction\":[{\"@type\":\"SearchAction\",\"target\":{\"@type\":\"EntryPoint\",\"urlTemplate\":\"https:\\\/\\\/jambo.dk\\\/de?s={search_term_string}\"},\"query-input\":{\"@type\":\"PropertyValueSpecification\",\"valueRequired\":true,\"valueName\":\"search_term_string\"}}],\"inLanguage\":\"de\"},{\"@type\":\"Organization\",\"@id\":\"https:\\\/\\\/jambo.dk\\\/de#organization\",\"name\":\"Jambo Feriepark A\\\/S\",\"url\":\"https:\\\/\\\/jambo.dk\\\/de\",\"logo\":{\"@type\":\"ImageObject\",\"inLanguage\":\"de\",\"@id\":\"https:\\\/\\\/jambo.dk\\\/de#\\\/schema\\\/logo\\\/image\\\/\",\"url\":\"https:\\\/\\\/jambo.dk\\\/wp-content\\\/uploads\\\/2022\\\/03\\\/logo.png\",\"contentUrl\":\"https:\\\/\\\/jambo.dk\\\/wp-content\\\/uploads\\\/2022\\\/03\\\/logo.png\",\"width\":457,\"height\":196,\"caption\":\"Jambo Feriepark A\\\/S\"},\"image\":{\"@id\":\"https:\\\/\\\/jambo.dk\\\/de#\\\/schema\\\/logo\\\/image\\\/\"},\"sameAs\":[\"https:\\\/\\\/www.facebook.com\\\/feriepark\\\/\"]}]}<\/script>\n<!-- \/ Yoast SEO plugin. -->","yoast_head_json":{"title":"Zur Buchung - jambo feriepark","description":"Buchen Sie hier Ihren Campingurlaub in Nordj\u00fctland. Genie\u00dfen Sie das Campingleben in Ihrem Zelt oder Wohnwagen. Sie k\u00f6nnen auch einen Wohnwagen oder eine H\u00fctte mieten.","robots":{"index":"index","follow":"follow","max-snippet":"max-snippet:-1","max-image-preview":"max-image-preview:large","max-video-preview":"max-video-preview:-1"},"canonical":"https:\/\/jambo.dk\/de\/bestellen","og_locale":"de_DE","og_type":"article","og_title":"Zur Buchung - jambo feriepark","og_description":"Buchen Sie hier Ihren Campingurlaub in Nordj\u00fctland. Genie\u00dfen Sie das Campingleben in Ihrem Zelt oder Wohnwagen. Sie k\u00f6nnen auch einen Wohnwagen oder eine H\u00fctte mieten.","og_url":"https:\/\/jambo.dk\/de\/bestellen","og_site_name":"jambo feriepark","article_publisher":"https:\/\/www.facebook.com\/feriepark\/","article_modified_time":"2024-10-19T19:52:13+00:00","twitter_card":"summary_large_image","twitter_misc":{"Gesch\u00e4tzte Lesezeit":"1\u00a0Minute"},"schema":{"@context":"https:\/\/schema.org","@graph":[{"@type":"WebPage","@id":"https:\/\/jambo.dk\/de\/bestellen","url":"https:\/\/jambo.dk\/de\/bestellen","name":"Zur Buchung - jambo feriepark","isPartOf":{"@id":"https:\/\/jambo.dk\/de#website"},"datePublished":"2022-04-08T10:41:04+00:00","dateModified":"2024-10-19T19:52:13+00:00","description":"Buchen Sie hier Ihren Campingurlaub in Nordj\u00fctland. Genie\u00dfen Sie das Campingleben in Ihrem Zelt oder Wohnwagen. Sie k\u00f6nnen auch einen Wohnwagen oder eine H\u00fctte mieten.","breadcrumb":{"@id":"https:\/\/jambo.dk\/de\/bestellen#breadcrumb"},"inLanguage":"de","potentialAction":[{"@type":"ReadAction","target":["https:\/\/jambo.dk\/de\/bestellen"]}]},{"@type":"BreadcrumbList","@id":"https:\/\/jambo.dk\/de\/bestellen#breadcrumb","itemListElement":[{"@type":"ListItem","position":1,"name":"Home","item":"https:\/\/jambo.dk\/de\/titelseite"},{"@type":"ListItem","position":2,"name":"Zur Buchung"}]},{"@type":"WebSite","@id":"https:\/\/jambo.dk\/de#website","url":"https:\/\/jambo.dk\/de","name":"jambo feriepark","description":"5 stjerners campingplads","publisher":{"@id":"https:\/\/jambo.dk\/de#organization"},"potentialAction":[{"@type":"SearchAction","target":{"@type":"EntryPoint","urlTemplate":"https:\/\/jambo.dk\/de?s={search_term_string}"},"query-input":{"@type":"PropertyValueSpecification","valueRequired":true,"valueName":"search_term_string"}}],"inLanguage":"de"},{"@type":"Organization","@id":"https:\/\/jambo.dk\/de#organization","name":"Jambo Feriepark A\/S","url":"https:\/\/jambo.dk\/de","logo":{"@type":"ImageObject","inLanguage":"de","@id":"https:\/\/jambo.dk\/de#\/schema\/logo\/image\/","url":"https:\/\/jambo.dk\/wp-content\/uploads\/2022\/03\/logo.png","contentUrl":"https:\/\/jambo.dk\/wp-content\/uploads\/2022\/03\/logo.png","width":457,"height":196,"caption":"Jambo Feriepark A\/S"},"image":{"@id":"https:\/\/jambo.dk\/de#\/schema\/logo\/image\/"},"sameAs":["https:\/\/www.facebook.com\/feriepark\/"]}]}},"_links":{"self":[{"href":"https:\/\/jambo.dk\/de\/wp-json\/wp\/v2\/pages\/2740","targetHints":{"allow":["GET"]}}],"collection":[{"href":"https:\/\/jambo.dk\/de\/wp-json\/wp\/v2\/pages"}],"about":[{"href":"https:\/\/jambo.dk\/de\/wp-json\/wp\/v2\/types\/page"}],"author":[{"embeddable":true,"href":"https:\/\/jambo.dk\/de\/wp-json\/wp\/v2\/users\/1"}],"replies":[{"embeddable":true,"href":"https:\/\/jambo.dk\/de\/wp-json\/wp\/v2\/comments?post=2740"}],"version-history":[{"count":15,"href":"https:\/\/jambo.dk\/de\/wp-json\/wp\/v2\/pages\/2740\/revisions"}],"predecessor-version":[{"id":5732,"href":"https:\/\/jambo.dk\/de\/wp-json\/wp\/v2\/pages\/2740\/revisions\/5732"}],"wp:attachment":[{"href":"https:\/\/jambo.dk\/de\/wp-json\/wp\/v2\/media?parent=2740"}],"curies":[{"name":"wp","href":"https:\/\/api.w.org\/{rel}","templated":true}]}}