{"id":4397,"date":"2022-05-09T13:45:26","date_gmt":"2022-05-09T13:45:26","guid":{"rendered":"https:\/\/jambo.dk\/partners\/"},"modified":"2023-12-07T14:38:27","modified_gmt":"2023-12-07T14:38:27","slug":"partners","status":"publish","type":"page","link":"https:\/\/jambo.dk\/de\/partners","title":{"rendered":"Partner"},"content":{"rendered":"\t\t<div data-elementor-type=\"wp-page\" data-elementor-id=\"4397\" class=\"elementor elementor-4397 elementor-2955\" data-elementor-post-type=\"page\">\n\t\t\t\t\t\t<section class=\"elementor-section elementor-top-section elementor-element elementor-element-267d0bd elementor-section-boxed elementor-section-height-default elementor-section-height-default\" data-id=\"267d0bd\" data-element_type=\"section\" data-e-type=\"section\" data-settings=\"{&quot;background_background&quot;:&quot;classic&quot;}\">\n\t\t\t\t\t\t\t<div class=\"elementor-background-overlay\"><\/div>\n\t\t\t\t\t\t\t<div class=\"elementor-container elementor-column-gap-default\">\n\t\t\t\t\t<div class=\"elementor-column elementor-col-100 elementor-top-column elementor-element elementor-element-69056e4\" data-id=\"69056e4\" data-element_type=\"column\" data-e-type=\"column\">\n\t\t\t<div class=\"elementor-widget-wrap elementor-element-populated\">\n\t\t\t\t\t\t<section class=\"elementor-section elementor-inner-section elementor-element elementor-element-03ce289 elementor-section-content-middle elementor-section-boxed elementor-section-height-default elementor-section-height-default\" data-id=\"03ce289\" data-element_type=\"section\" data-e-type=\"section\">\n\t\t\t\t\t\t<div class=\"elementor-container elementor-column-gap-default\">\n\t\t\t\t\t<div class=\"elementor-column elementor-col-100 elementor-inner-column elementor-element elementor-element-14cf24f\" data-id=\"14cf24f\" data-element_type=\"column\" data-e-type=\"column\">\n\t\t\t<div class=\"elementor-widget-wrap elementor-element-populated\">\n\t\t\t\t\t\t<div class=\"elementor-element elementor-element-433e26a elementor-widget__width-auto elementor-view-default elementor-widget elementor-widget-icon\" data-id=\"433e26a\" data-element_type=\"widget\" data-e-type=\"widget\" data-widget_type=\"icon.default\">\n\t\t\t\t<div class=\"elementor-widget-container\">\n\t\t\t\t\t\t\t<div class=\"elementor-icon-wrapper\">\n\t\t\t<div class=\"elementor-icon\">\n\t\t\t<i aria-hidden=\"true\" class=\"fas fa-star\"><\/i>\t\t\t<\/div>\n\t\t<\/div>\n\t\t\t\t\t\t<\/div>\n\t\t\t\t<\/div>\n\t\t\t\t<div class=\"elementor-element elementor-element-6117346 elementor-widget__width-auto elementor-view-default elementor-widget elementor-widget-icon\" data-id=\"6117346\" data-element_type=\"widget\" data-e-type=\"widget\" data-widget_type=\"icon.default\">\n\t\t\t\t<div class=\"elementor-widget-container\">\n\t\t\t\t\t\t\t<div class=\"elementor-icon-wrapper\">\n\t\t\t<div class=\"elementor-icon\">\n\t\t\t<i aria-hidden=\"true\" class=\"fas fa-star\"><\/i>\t\t\t<\/div>\n\t\t<\/div>\n\t\t\t\t\t\t<\/div>\n\t\t\t\t<\/div>\n\t\t\t\t<div class=\"elementor-element elementor-element-e2212b8 elementor-widget__width-auto elementor-view-default elementor-widget elementor-widget-icon\" data-id=\"e2212b8\" data-element_type=\"widget\" data-e-type=\"widget\" data-widget_type=\"icon.default\">\n\t\t\t\t<div class=\"elementor-widget-container\">\n\t\t\t\t\t\t\t<div class=\"elementor-icon-wrapper\">\n\t\t\t<div class=\"elementor-icon\">\n\t\t\t<i aria-hidden=\"true\" class=\"fas fa-star\"><\/i>\t\t\t<\/div>\n\t\t<\/div>\n\t\t\t\t\t\t<\/div>\n\t\t\t\t<\/div>\n\t\t\t\t<div class=\"elementor-element elementor-element-1f29dd3 elementor-widget__width-auto elementor-view-default elementor-widget elementor-widget-icon\" data-id=\"1f29dd3\" data-element_type=\"widget\" data-e-type=\"widget\" data-widget_type=\"icon.default\">\n\t\t\t\t<div class=\"elementor-widget-container\">\n\t\t\t\t\t\t\t<div class=\"elementor-icon-wrapper\">\n\t\t\t<div class=\"elementor-icon\">\n\t\t\t<i aria-hidden=\"true\" class=\"fas fa-star\"><\/i>\t\t\t<\/div>\n\t\t<\/div>\n\t\t\t\t\t\t<\/div>\n\t\t\t\t<\/div>\n\t\t\t\t<div class=\"elementor-element elementor-element-d8ed564 elementor-widget__width-auto elementor-view-default elementor-widget elementor-widget-icon\" data-id=\"d8ed564\" data-element_type=\"widget\" data-e-type=\"widget\" data-widget_type=\"icon.default\">\n\t\t\t\t<div class=\"elementor-widget-container\">\n\t\t\t\t\t\t\t<div class=\"elementor-icon-wrapper\">\n\t\t\t<div class=\"elementor-icon\">\n\t\t\t<i aria-hidden=\"true\" class=\"fas fa-star\"><\/i>\t\t\t<\/div>\n\t\t<\/div>\n\t\t\t\t\t\t<\/div>\n\t\t\t\t<\/div>\n\t\t\t\t\t<\/div>\n\t\t<\/div>\n\t\t\t\t\t<\/div>\n\t\t<\/section>\n\t\t\t\t<div class=\"elementor-element elementor-element-84c5768 elementor-widget elementor-widget-heading\" data-id=\"84c5768\" data-element_type=\"widget\" data-e-type=\"widget\" data-widget_type=\"heading.default\">\n\t\t\t\t<div class=\"elementor-widget-container\">\n\t\t\t\t\t<h1 class=\"elementor-heading-title elementor-size-default\">Partner<\/h1>\t\t\t\t<\/div>\n\t\t\t\t<\/div>\n\t\t\t\t<div class=\"elementor-element elementor-element-f8a44e4 elementor-align-center elementor-widget elementor-widget-breadcrumbs\" data-id=\"f8a44e4\" data-element_type=\"widget\" data-e-type=\"widget\" data-widget_type=\"breadcrumbs.default\">\n\t\t\t\t<div class=\"elementor-widget-container\">\n\t\t\t\t\t<p id=\"breadcrumbs\"><span><span><a href=\"https:\/\/jambo.dk\/de\/titelseite\">Home<\/a><\/span><\/span><\/p>\t\t\t\t<\/div>\n\t\t\t\t<\/div>\n\t\t\t\t\t<\/div>\n\t\t<\/div>\n\t\t\t\t\t<\/div>\n\t\t<\/section>\n\t\t\t\t<section class=\"elementor-section elementor-top-section elementor-element elementor-element-d19b0a1 elementor-section-boxed elementor-section-height-default elementor-section-height-default\" data-id=\"d19b0a1\" data-element_type=\"section\" data-e-type=\"section\">\n\t\t\t\t\t\t<div class=\"elementor-container elementor-column-gap-default\">\n\t\t\t\t\t<div class=\"elementor-column elementor-col-100 elementor-top-column elementor-element elementor-element-7532d56\" data-id=\"7532d56\" data-element_type=\"column\" data-e-type=\"column\">\n\t\t\t<div class=\"elementor-widget-wrap elementor-element-populated\">\n\t\t\t\t\t\t<div class=\"elementor-element elementor-element-a40be71 elementor-widget elementor-widget-text-editor\" data-id=\"a40be71\" data-element_type=\"widget\" data-e-type=\"widget\" data-widget_type=\"text-editor.default\">\n\t\t\t\t<div class=\"elementor-widget-container\">\n\t\t\t\t\t\t\t\t\t<h1 style=\"margin: 0cm; font-size: 12pt; font-family: Calibri, sans-serif;\"><b><span style=\"font-family: Roboto; background-image: initial; background-position: initial; background-size: initial; background-repeat: initial; background-attachment: initial; background-origin: initial; background-clip: initial;\">Super Partner in ganz Europa<br><br><\/span><\/b><\/h1>\n<p style=\"margin: 0cm; font-size: 12pt; font-family: Calibri, sans-serif;\"><span style=\"font-family: Roboto; background-image: initial; background-position: initial; background-size: initial; background-repeat: initial; background-attachment: initial; background-origin: initial; background-clip: initial;\">Jambo Feriepark ist Mitglied der europ\u00e4ischen Kette von Luxuscampingpl\u00e4tzen Leading Camping in Europe. Eine starke Kette mit Mitgliedern in ganz Europa, die das Beste im europ\u00e4ischen Camping bietet. Wenn Sie wissen m\u00f6chten, warum Leading Camping die besten Campingpl\u00e4tze hat, k\u00f6nnen Sie uns besuchen&nbsp;<\/span><a href=\"http:\/\/www.leadingcampings.com\/dk\/welcome.html\" target=\"_blank\" rel=\"noopener noreferrer nofollow\"><span style=\"font-family: Roboto;\">www.leadingcampings.com<\/span><\/a><span style=\"font-family: Roboto; background-image: initial; background-position: initial; background-size: initial; background-repeat: initial; background-attachment: initial; background-origin: initial; background-clip: initial;\">.<\/span><\/p>\t\t\t\t\t\t\t\t<\/div>\n\t\t\t\t<\/div>\n\t\t\t\t\t<\/div>\n\t\t<\/div>\n\t\t\t\t\t<\/div>\n\t\t<\/section>\n\t\t\t\t<\/div>\n\t\t","protected":false},"excerpt":{"rendered":"<p>Super Partner in ganz Europa Jambo Feriepark ist Mitglied der europ\u00e4ischen Kette von Luxuscampingpl\u00e4tzen Leading Camping in Europe. Eine starke Kette mit Mitgliedern in ganz Europa, die das Beste im europ\u00e4ischen Camping bietet. Wenn Sie wissen m\u00f6chten, warum Leading Camping die besten Campingpl\u00e4tze hat, k\u00f6nnen Sie uns besuchen&nbsp;www.leadingcampings.com.<\/p>\n","protected":false},"author":1,"featured_media":0,"parent":0,"menu_order":0,"comment_status":"closed","ping_status":"closed","template":"","meta":{"_acf_changed":false,"footnotes":""},"class_list":["post-4397","page","type-page","status-publish","hentry"],"acf":[],"yoast_head":"<!-- This site is optimized with the Yoast SEO plugin v27.4 - https:\/\/yoast.com\/product\/yoast-seo-wordpress\/ -->\n<title>Partner - jambo feriepark<\/title>\n<meta name=\"robots\" content=\"index, follow, max-snippet:-1, max-image-preview:large, max-video-preview:-1\" \/>\n<link rel=\"canonical\" href=\"https:\/\/jambo.dk\/de\/partners\" \/>\n<meta property=\"og:locale\" content=\"de_DE\" \/>\n<meta property=\"og:type\" content=\"article\" \/>\n<meta property=\"og:title\" content=\"Partner - jambo feriepark\" \/>\n<meta property=\"og:description\" content=\"Super Partner in ganz Europa Jambo Feriepark ist Mitglied der europ\u00e4ischen Kette von Luxuscampingpl\u00e4tzen Leading Camping in Europe. Eine starke Kette mit Mitgliedern in ganz Europa, die das Beste im europ\u00e4ischen Camping bietet. Wenn Sie wissen m\u00f6chten, warum Leading Camping die besten Campingpl\u00e4tze hat, k\u00f6nnen Sie uns besuchen&nbsp;www.leadingcampings.com.\" \/>\n<meta property=\"og:url\" content=\"https:\/\/jambo.dk\/de\/partners\" \/>\n<meta property=\"og:site_name\" content=\"jambo feriepark\" \/>\n<meta property=\"article:publisher\" content=\"https:\/\/www.facebook.com\/feriepark\/\" \/>\n<meta property=\"article:modified_time\" content=\"2023-12-07T14:38:27+00:00\" \/>\n<meta name=\"twitter:card\" content=\"summary_large_image\" \/>\n<meta name=\"twitter:label1\" content=\"Gesch\u00e4tzte Lesezeit\" \/>\n\t<meta name=\"twitter:data1\" content=\"1\u00a0Minute\" \/>\n<script type=\"application\/ld+json\" class=\"yoast-schema-graph\">{\"@context\":\"https:\\\/\\\/schema.org\",\"@graph\":[{\"@type\":\"WebPage\",\"@id\":\"https:\\\/\\\/jambo.dk\\\/de\\\/partners\",\"url\":\"https:\\\/\\\/jambo.dk\\\/de\\\/partners\",\"name\":\"Partner - jambo feriepark\",\"isPartOf\":{\"@id\":\"https:\\\/\\\/jambo.dk\\\/de#website\"},\"datePublished\":\"2022-05-09T13:45:26+00:00\",\"dateModified\":\"2023-12-07T14:38:27+00:00\",\"breadcrumb\":{\"@id\":\"https:\\\/\\\/jambo.dk\\\/de\\\/partners#breadcrumb\"},\"inLanguage\":\"de\",\"potentialAction\":[{\"@type\":\"ReadAction\",\"target\":[\"https:\\\/\\\/jambo.dk\\\/de\\\/partners\"]}]},{\"@type\":\"BreadcrumbList\",\"@id\":\"https:\\\/\\\/jambo.dk\\\/de\\\/partners#breadcrumb\",\"itemListElement\":[{\"@type\":\"ListItem\",\"position\":1,\"name\":\"Home\",\"item\":\"https:\\\/\\\/jambo.dk\\\/de\\\/titelseite\"},{\"@type\":\"ListItem\",\"position\":2,\"name\":\"Partner\"}]},{\"@type\":\"WebSite\",\"@id\":\"https:\\\/\\\/jambo.dk\\\/de#website\",\"url\":\"https:\\\/\\\/jambo.dk\\\/de\",\"name\":\"jambo feriepark\",\"description\":\"5 stjerners campingplads\",\"publisher\":{\"@id\":\"https:\\\/\\\/jambo.dk\\\/de#organization\"},\"potentialAction\":[{\"@type\":\"SearchAction\",\"target\":{\"@type\":\"EntryPoint\",\"urlTemplate\":\"https:\\\/\\\/jambo.dk\\\/de?s={search_term_string}\"},\"query-input\":{\"@type\":\"PropertyValueSpecification\",\"valueRequired\":true,\"valueName\":\"search_term_string\"}}],\"inLanguage\":\"de\"},{\"@type\":\"Organization\",\"@id\":\"https:\\\/\\\/jambo.dk\\\/de#organization\",\"name\":\"Jambo Feriepark A\\\/S\",\"url\":\"https:\\\/\\\/jambo.dk\\\/de\",\"logo\":{\"@type\":\"ImageObject\",\"inLanguage\":\"de\",\"@id\":\"https:\\\/\\\/jambo.dk\\\/de#\\\/schema\\\/logo\\\/image\\\/\",\"url\":\"https:\\\/\\\/jambo.dk\\\/wp-content\\\/uploads\\\/2022\\\/03\\\/logo.png\",\"contentUrl\":\"https:\\\/\\\/jambo.dk\\\/wp-content\\\/uploads\\\/2022\\\/03\\\/logo.png\",\"width\":457,\"height\":196,\"caption\":\"Jambo Feriepark A\\\/S\"},\"image\":{\"@id\":\"https:\\\/\\\/jambo.dk\\\/de#\\\/schema\\\/logo\\\/image\\\/\"},\"sameAs\":[\"https:\\\/\\\/www.facebook.com\\\/feriepark\\\/\"]}]}<\/script>\n<!-- \/ Yoast SEO plugin. -->","yoast_head_json":{"title":"Partner - jambo feriepark","robots":{"index":"index","follow":"follow","max-snippet":"max-snippet:-1","max-image-preview":"max-image-preview:large","max-video-preview":"max-video-preview:-1"},"canonical":"https:\/\/jambo.dk\/de\/partners","og_locale":"de_DE","og_type":"article","og_title":"Partner - jambo feriepark","og_description":"Super Partner in ganz Europa Jambo Feriepark ist Mitglied der europ\u00e4ischen Kette von Luxuscampingpl\u00e4tzen Leading Camping in Europe. Eine starke Kette mit Mitgliedern in ganz Europa, die das Beste im europ\u00e4ischen Camping bietet. Wenn Sie wissen m\u00f6chten, warum Leading Camping die besten Campingpl\u00e4tze hat, k\u00f6nnen Sie uns besuchen&nbsp;www.leadingcampings.com.","og_url":"https:\/\/jambo.dk\/de\/partners","og_site_name":"jambo feriepark","article_publisher":"https:\/\/www.facebook.com\/feriepark\/","article_modified_time":"2023-12-07T14:38:27+00:00","twitter_card":"summary_large_image","twitter_misc":{"Gesch\u00e4tzte Lesezeit":"1\u00a0Minute"},"schema":{"@context":"https:\/\/schema.org","@graph":[{"@type":"WebPage","@id":"https:\/\/jambo.dk\/de\/partners","url":"https:\/\/jambo.dk\/de\/partners","name":"Partner - jambo feriepark","isPartOf":{"@id":"https:\/\/jambo.dk\/de#website"},"datePublished":"2022-05-09T13:45:26+00:00","dateModified":"2023-12-07T14:38:27+00:00","breadcrumb":{"@id":"https:\/\/jambo.dk\/de\/partners#breadcrumb"},"inLanguage":"de","potentialAction":[{"@type":"ReadAction","target":["https:\/\/jambo.dk\/de\/partners"]}]},{"@type":"BreadcrumbList","@id":"https:\/\/jambo.dk\/de\/partners#breadcrumb","itemListElement":[{"@type":"ListItem","position":1,"name":"Home","item":"https:\/\/jambo.dk\/de\/titelseite"},{"@type":"ListItem","position":2,"name":"Partner"}]},{"@type":"WebSite","@id":"https:\/\/jambo.dk\/de#website","url":"https:\/\/jambo.dk\/de","name":"jambo feriepark","description":"5 stjerners campingplads","publisher":{"@id":"https:\/\/jambo.dk\/de#organization"},"potentialAction":[{"@type":"SearchAction","target":{"@type":"EntryPoint","urlTemplate":"https:\/\/jambo.dk\/de?s={search_term_string}"},"query-input":{"@type":"PropertyValueSpecification","valueRequired":true,"valueName":"search_term_string"}}],"inLanguage":"de"},{"@type":"Organization","@id":"https:\/\/jambo.dk\/de#organization","name":"Jambo Feriepark A\/S","url":"https:\/\/jambo.dk\/de","logo":{"@type":"ImageObject","inLanguage":"de","@id":"https:\/\/jambo.dk\/de#\/schema\/logo\/image\/","url":"https:\/\/jambo.dk\/wp-content\/uploads\/2022\/03\/logo.png","contentUrl":"https:\/\/jambo.dk\/wp-content\/uploads\/2022\/03\/logo.png","width":457,"height":196,"caption":"Jambo Feriepark A\/S"},"image":{"@id":"https:\/\/jambo.dk\/de#\/schema\/logo\/image\/"},"sameAs":["https:\/\/www.facebook.com\/feriepark\/"]}]}},"_links":{"self":[{"href":"https:\/\/jambo.dk\/de\/wp-json\/wp\/v2\/pages\/4397","targetHints":{"allow":["GET"]}}],"collection":[{"href":"https:\/\/jambo.dk\/de\/wp-json\/wp\/v2\/pages"}],"about":[{"href":"https:\/\/jambo.dk\/de\/wp-json\/wp\/v2\/types\/page"}],"author":[{"embeddable":true,"href":"https:\/\/jambo.dk\/de\/wp-json\/wp\/v2\/users\/1"}],"replies":[{"embeddable":true,"href":"https:\/\/jambo.dk\/de\/wp-json\/wp\/v2\/comments?post=4397"}],"version-history":[{"count":11,"href":"https:\/\/jambo.dk\/de\/wp-json\/wp\/v2\/pages\/4397\/revisions"}],"predecessor-version":[{"id":10146,"href":"https:\/\/jambo.dk\/de\/wp-json\/wp\/v2\/pages\/4397\/revisions\/10146"}],"wp:attachment":[{"href":"https:\/\/jambo.dk\/de\/wp-json\/wp\/v2\/media?parent=4397"}],"curies":[{"name":"wp","href":"https:\/\/api.w.org\/{rel}","templated":true}]}}