{"id":4412,"date":"2022-05-09T13:53:18","date_gmt":"2022-05-09T13:53:18","guid":{"rendered":"https:\/\/jambo.dk\/arbeit\/"},"modified":"2023-12-07T14:38:05","modified_gmt":"2023-12-07T14:38:05","slug":"arbeit","status":"publish","type":"page","link":"https:\/\/jambo.dk\/de\/arbeit","title":{"rendered":"Arbeit"},"content":{"rendered":"\t\t<div data-elementor-type=\"wp-page\" data-elementor-id=\"4412\" class=\"elementor elementor-4412 elementor-2980\" data-elementor-post-type=\"page\">\n\t\t\t\t\t\t<section class=\"elementor-section elementor-top-section elementor-element elementor-element-82a0291 elementor-section-boxed elementor-section-height-default elementor-section-height-default\" data-id=\"82a0291\" data-element_type=\"section\" data-e-type=\"section\" data-settings=\"{&quot;background_background&quot;:&quot;classic&quot;}\">\n\t\t\t\t\t\t\t<div class=\"elementor-background-overlay\"><\/div>\n\t\t\t\t\t\t\t<div class=\"elementor-container elementor-column-gap-default\">\n\t\t\t\t\t<div class=\"elementor-column elementor-col-100 elementor-top-column elementor-element elementor-element-93235c6\" data-id=\"93235c6\" data-element_type=\"column\" data-e-type=\"column\">\n\t\t\t<div class=\"elementor-widget-wrap elementor-element-populated\">\n\t\t\t\t\t\t<section class=\"elementor-section elementor-inner-section elementor-element elementor-element-0f83d83 elementor-section-content-middle elementor-section-boxed elementor-section-height-default elementor-section-height-default\" data-id=\"0f83d83\" data-element_type=\"section\" data-e-type=\"section\">\n\t\t\t\t\t\t<div class=\"elementor-container elementor-column-gap-default\">\n\t\t\t\t\t<div class=\"elementor-column elementor-col-100 elementor-inner-column elementor-element elementor-element-d7a8d29\" data-id=\"d7a8d29\" data-element_type=\"column\" data-e-type=\"column\">\n\t\t\t<div class=\"elementor-widget-wrap elementor-element-populated\">\n\t\t\t\t\t\t<div class=\"elementor-element elementor-element-66ef237 elementor-widget__width-auto elementor-view-default elementor-widget elementor-widget-icon\" data-id=\"66ef237\" data-element_type=\"widget\" data-e-type=\"widget\" data-widget_type=\"icon.default\">\n\t\t\t\t<div class=\"elementor-widget-container\">\n\t\t\t\t\t\t\t<div class=\"elementor-icon-wrapper\">\n\t\t\t<div class=\"elementor-icon\">\n\t\t\t<i aria-hidden=\"true\" class=\"fas fa-star\"><\/i>\t\t\t<\/div>\n\t\t<\/div>\n\t\t\t\t\t\t<\/div>\n\t\t\t\t<\/div>\n\t\t\t\t<div class=\"elementor-element elementor-element-a7c5c42 elementor-widget__width-auto elementor-view-default elementor-widget elementor-widget-icon\" data-id=\"a7c5c42\" data-element_type=\"widget\" data-e-type=\"widget\" data-widget_type=\"icon.default\">\n\t\t\t\t<div class=\"elementor-widget-container\">\n\t\t\t\t\t\t\t<div class=\"elementor-icon-wrapper\">\n\t\t\t<div class=\"elementor-icon\">\n\t\t\t<i aria-hidden=\"true\" class=\"fas fa-star\"><\/i>\t\t\t<\/div>\n\t\t<\/div>\n\t\t\t\t\t\t<\/div>\n\t\t\t\t<\/div>\n\t\t\t\t<div class=\"elementor-element elementor-element-b7a6ace elementor-widget__width-auto elementor-view-default elementor-widget elementor-widget-icon\" data-id=\"b7a6ace\" data-element_type=\"widget\" data-e-type=\"widget\" data-widget_type=\"icon.default\">\n\t\t\t\t<div class=\"elementor-widget-container\">\n\t\t\t\t\t\t\t<div class=\"elementor-icon-wrapper\">\n\t\t\t<div class=\"elementor-icon\">\n\t\t\t<i aria-hidden=\"true\" class=\"fas fa-star\"><\/i>\t\t\t<\/div>\n\t\t<\/div>\n\t\t\t\t\t\t<\/div>\n\t\t\t\t<\/div>\n\t\t\t\t<div class=\"elementor-element elementor-element-06d3842 elementor-widget__width-auto elementor-view-default elementor-widget elementor-widget-icon\" data-id=\"06d3842\" data-element_type=\"widget\" data-e-type=\"widget\" data-widget_type=\"icon.default\">\n\t\t\t\t<div class=\"elementor-widget-container\">\n\t\t\t\t\t\t\t<div class=\"elementor-icon-wrapper\">\n\t\t\t<div class=\"elementor-icon\">\n\t\t\t<i aria-hidden=\"true\" class=\"fas fa-star\"><\/i>\t\t\t<\/div>\n\t\t<\/div>\n\t\t\t\t\t\t<\/div>\n\t\t\t\t<\/div>\n\t\t\t\t<div class=\"elementor-element elementor-element-58b091d elementor-widget__width-auto elementor-view-default elementor-widget elementor-widget-icon\" data-id=\"58b091d\" data-element_type=\"widget\" data-e-type=\"widget\" data-widget_type=\"icon.default\">\n\t\t\t\t<div class=\"elementor-widget-container\">\n\t\t\t\t\t\t\t<div class=\"elementor-icon-wrapper\">\n\t\t\t<div class=\"elementor-icon\">\n\t\t\t<i aria-hidden=\"true\" class=\"fas fa-star\"><\/i>\t\t\t<\/div>\n\t\t<\/div>\n\t\t\t\t\t\t<\/div>\n\t\t\t\t<\/div>\n\t\t\t\t\t<\/div>\n\t\t<\/div>\n\t\t\t\t\t<\/div>\n\t\t<\/section>\n\t\t\t\t<div class=\"elementor-element elementor-element-a8735be elementor-widget elementor-widget-heading\" data-id=\"a8735be\" data-element_type=\"widget\" data-e-type=\"widget\" data-widget_type=\"heading.default\">\n\t\t\t\t<div class=\"elementor-widget-container\">\n\t\t\t\t\t<h1 class=\"elementor-heading-title elementor-size-default\">Arbeit<\/h1>\t\t\t\t<\/div>\n\t\t\t\t<\/div>\n\t\t\t\t<div class=\"elementor-element elementor-element-7e585ca elementor-align-center elementor-widget elementor-widget-breadcrumbs\" data-id=\"7e585ca\" data-element_type=\"widget\" data-e-type=\"widget\" data-widget_type=\"breadcrumbs.default\">\n\t\t\t\t<div class=\"elementor-widget-container\">\n\t\t\t\t\t<p id=\"breadcrumbs\"><span><span><a href=\"https:\/\/jambo.dk\/de\/titelseite\">Home<\/a><\/span><\/span><\/p>\t\t\t\t<\/div>\n\t\t\t\t<\/div>\n\t\t\t\t\t<\/div>\n\t\t<\/div>\n\t\t\t\t\t<\/div>\n\t\t<\/section>\n\t\t\t\t<section class=\"elementor-section elementor-top-section elementor-element elementor-element-a019658 elementor-section-boxed elementor-section-height-default elementor-section-height-default\" data-id=\"a019658\" data-element_type=\"section\" data-e-type=\"section\">\n\t\t\t\t\t\t<div class=\"elementor-container elementor-column-gap-default\">\n\t\t\t\t\t<div class=\"elementor-column elementor-col-100 elementor-top-column elementor-element elementor-element-ae9d706\" data-id=\"ae9d706\" data-element_type=\"column\" data-e-type=\"column\">\n\t\t\t<div class=\"elementor-widget-wrap elementor-element-populated\">\n\t\t\t\t\t\t<div class=\"elementor-element elementor-element-6c3dfec elementor-widget elementor-widget-text-editor\" data-id=\"6c3dfec\" data-element_type=\"widget\" data-e-type=\"widget\" data-widget_type=\"text-editor.default\">\n\t\t\t\t<div class=\"elementor-widget-container\">\n\t\t\t\t\t\t\t\t\t<p style=\"margin: 0cm; font-size: 12pt; font-family: Calibri, sans-serif;\"><span style=\"font-family: Arial, sans-serif;\">Wenn Sie auf der Suche nach einem Job in einem jungen, lebendigen und unterhaltsamen Umfeld mit netten G\u00e4sten, guten Kollegen, vielen Kindern und Herausforderungen sind, senden Sie Ihre Bewerbung und Ihren Lebenslauf an<\/span><a href=\"mailto:info@jambo.dk\" style=\"color: blue; text-decoration-line: underline;\"><span style=\"font-family: Arial, sans-serif;\">info@jambo.dk<br \/><\/span> <span style=\"color: windowtext; text-decoration-line: none;\"><br \/><\/span><\/a><span style=\"font-family: Arial, sans-serif;\"><o:p><\/o:p><\/span><\/p>\n<p style=\"margin: 0cm; font-size: 12pt; font-family: Calibri, sans-serif;\"><span style=\"font-family: Arial, sans-serif;\">Wir haben viele verschiedene Jobs, also schreiben Sie uns gerne, was Ihre Interessen und W\u00fcnsche f\u00fcr einen Job sind.&nbsp;<\/span><\/p>\n<p><span style=\"font-family: Arial, sans-serif;\"><o:p><\/o:p><\/span><\/p>\n<p style=\"margin: 0cm; font-size: 12pt; font-family: Calibri, sans-serif;\"><span style=\"font-family: Arial, sans-serif;\">Da die Jobs saisonabh\u00e4ngig sind, k\u00f6nnen Sie sich in unserer gesch\u00e4ftigsten Zeit, der Woche 29 bis 31, keine freien Tage w\u00fcnschen.<o:p><\/o:p><\/span><\/p>\n\t\t\t\t\t\t\t\t<\/div>\n\t\t\t\t<\/div>\n\t\t\t\t\t<\/div>\n\t\t<\/div>\n\t\t\t\t\t<\/div>\n\t\t<\/section>\n\t\t\t\t<\/div>\n\t\t","protected":false},"excerpt":{"rendered":"<p>Wenn Sie auf der Suche nach einem Job in einem jungen, lebendigen und unterhaltsamen Umfeld mit netten G\u00e4sten, guten Kollegen, vielen Kindern und Herausforderungen sind, senden Sie Ihre Bewerbung und Ihren Lebenslauf aninfo@jambo.dk Wir haben viele verschiedene Jobs, also schreiben Sie uns gerne, was Ihre Interessen und W\u00fcnsche f\u00fcr einen Job sind.&nbsp; Da die Jobs [&hellip;]<\/p>\n","protected":false},"author":1,"featured_media":0,"parent":0,"menu_order":0,"comment_status":"closed","ping_status":"closed","template":"","meta":{"_acf_changed":false,"footnotes":""},"class_list":["post-4412","page","type-page","status-publish","hentry"],"acf":[],"yoast_head":"<!-- This site is optimized with the Yoast SEO plugin v27.6 - https:\/\/yoast.com\/product\/yoast-seo-wordpress\/ -->\n<title>Arbeit - jambo feriepark<\/title>\n<meta name=\"robots\" content=\"index, follow, max-snippet:-1, max-image-preview:large, max-video-preview:-1\" \/>\n<link rel=\"canonical\" href=\"https:\/\/jambo.dk\/de\/arbeit\" \/>\n<meta property=\"og:locale\" content=\"de_DE\" \/>\n<meta property=\"og:type\" content=\"article\" \/>\n<meta property=\"og:title\" content=\"Arbeit - jambo feriepark\" \/>\n<meta property=\"og:description\" content=\"Wenn Sie auf der Suche nach einem Job in einem jungen, lebendigen und unterhaltsamen Umfeld mit netten G\u00e4sten, guten Kollegen, vielen Kindern und Herausforderungen sind, senden Sie Ihre Bewerbung und Ihren Lebenslauf aninfo@jambo.dk Wir haben viele verschiedene Jobs, also schreiben Sie uns gerne, was Ihre Interessen und W\u00fcnsche f\u00fcr einen Job sind.&nbsp; Da die Jobs [&hellip;]\" \/>\n<meta property=\"og:url\" content=\"https:\/\/jambo.dk\/de\/arbeit\" \/>\n<meta property=\"og:site_name\" content=\"jambo feriepark\" \/>\n<meta property=\"article:publisher\" content=\"https:\/\/www.facebook.com\/feriepark\/\" \/>\n<meta property=\"article:modified_time\" content=\"2023-12-07T14:38:05+00:00\" \/>\n<meta name=\"twitter:card\" content=\"summary_large_image\" \/>\n<meta name=\"twitter:label1\" content=\"Gesch\u00e4tzte Lesezeit\" \/>\n\t<meta name=\"twitter:data1\" content=\"1\u00a0Minute\" \/>\n<script type=\"application\/ld+json\" class=\"yoast-schema-graph\">{\"@context\":\"https:\\\/\\\/schema.org\",\"@graph\":[{\"@type\":\"WebPage\",\"@id\":\"https:\\\/\\\/jambo.dk\\\/de\\\/arbeit\",\"url\":\"https:\\\/\\\/jambo.dk\\\/de\\\/arbeit\",\"name\":\"Arbeit - jambo feriepark\",\"isPartOf\":{\"@id\":\"https:\\\/\\\/jambo.dk\\\/de#website\"},\"datePublished\":\"2022-05-09T13:53:18+00:00\",\"dateModified\":\"2023-12-07T14:38:05+00:00\",\"breadcrumb\":{\"@id\":\"https:\\\/\\\/jambo.dk\\\/de\\\/arbeit#breadcrumb\"},\"inLanguage\":\"de\",\"potentialAction\":[{\"@type\":\"ReadAction\",\"target\":[\"https:\\\/\\\/jambo.dk\\\/de\\\/arbeit\"]}]},{\"@type\":\"BreadcrumbList\",\"@id\":\"https:\\\/\\\/jambo.dk\\\/de\\\/arbeit#breadcrumb\",\"itemListElement\":[{\"@type\":\"ListItem\",\"position\":1,\"name\":\"Home\",\"item\":\"https:\\\/\\\/jambo.dk\\\/de\\\/titelseite\"},{\"@type\":\"ListItem\",\"position\":2,\"name\":\"Arbeit\"}]},{\"@type\":\"WebSite\",\"@id\":\"https:\\\/\\\/jambo.dk\\\/de#website\",\"url\":\"https:\\\/\\\/jambo.dk\\\/de\",\"name\":\"jambo feriepark\",\"description\":\"5 stjerners campingplads\",\"publisher\":{\"@id\":\"https:\\\/\\\/jambo.dk\\\/de#organization\"},\"potentialAction\":[{\"@type\":\"SearchAction\",\"target\":{\"@type\":\"EntryPoint\",\"urlTemplate\":\"https:\\\/\\\/jambo.dk\\\/de?s={search_term_string}\"},\"query-input\":{\"@type\":\"PropertyValueSpecification\",\"valueRequired\":true,\"valueName\":\"search_term_string\"}}],\"inLanguage\":\"de\"},{\"@type\":\"Organization\",\"@id\":\"https:\\\/\\\/jambo.dk\\\/de#organization\",\"name\":\"Jambo Feriepark A\\\/S\",\"url\":\"https:\\\/\\\/jambo.dk\\\/de\",\"logo\":{\"@type\":\"ImageObject\",\"inLanguage\":\"de\",\"@id\":\"https:\\\/\\\/jambo.dk\\\/de#\\\/schema\\\/logo\\\/image\\\/\",\"url\":\"https:\\\/\\\/jambo.dk\\\/wp-content\\\/uploads\\\/2022\\\/03\\\/logo.png\",\"contentUrl\":\"https:\\\/\\\/jambo.dk\\\/wp-content\\\/uploads\\\/2022\\\/03\\\/logo.png\",\"width\":457,\"height\":196,\"caption\":\"Jambo Feriepark A\\\/S\"},\"image\":{\"@id\":\"https:\\\/\\\/jambo.dk\\\/de#\\\/schema\\\/logo\\\/image\\\/\"},\"sameAs\":[\"https:\\\/\\\/www.facebook.com\\\/feriepark\\\/\"]}]}<\/script>\n<!-- \/ Yoast SEO plugin. -->","yoast_head_json":{"title":"Arbeit - jambo feriepark","robots":{"index":"index","follow":"follow","max-snippet":"max-snippet:-1","max-image-preview":"max-image-preview:large","max-video-preview":"max-video-preview:-1"},"canonical":"https:\/\/jambo.dk\/de\/arbeit","og_locale":"de_DE","og_type":"article","og_title":"Arbeit - jambo feriepark","og_description":"Wenn Sie auf der Suche nach einem Job in einem jungen, lebendigen und unterhaltsamen Umfeld mit netten G\u00e4sten, guten Kollegen, vielen Kindern und Herausforderungen sind, senden Sie Ihre Bewerbung und Ihren Lebenslauf aninfo@jambo.dk Wir haben viele verschiedene Jobs, also schreiben Sie uns gerne, was Ihre Interessen und W\u00fcnsche f\u00fcr einen Job sind.&nbsp; Da die Jobs [&hellip;]","og_url":"https:\/\/jambo.dk\/de\/arbeit","og_site_name":"jambo feriepark","article_publisher":"https:\/\/www.facebook.com\/feriepark\/","article_modified_time":"2023-12-07T14:38:05+00:00","twitter_card":"summary_large_image","twitter_misc":{"Gesch\u00e4tzte Lesezeit":"1\u00a0Minute"},"schema":{"@context":"https:\/\/schema.org","@graph":[{"@type":"WebPage","@id":"https:\/\/jambo.dk\/de\/arbeit","url":"https:\/\/jambo.dk\/de\/arbeit","name":"Arbeit - jambo feriepark","isPartOf":{"@id":"https:\/\/jambo.dk\/de#website"},"datePublished":"2022-05-09T13:53:18+00:00","dateModified":"2023-12-07T14:38:05+00:00","breadcrumb":{"@id":"https:\/\/jambo.dk\/de\/arbeit#breadcrumb"},"inLanguage":"de","potentialAction":[{"@type":"ReadAction","target":["https:\/\/jambo.dk\/de\/arbeit"]}]},{"@type":"BreadcrumbList","@id":"https:\/\/jambo.dk\/de\/arbeit#breadcrumb","itemListElement":[{"@type":"ListItem","position":1,"name":"Home","item":"https:\/\/jambo.dk\/de\/titelseite"},{"@type":"ListItem","position":2,"name":"Arbeit"}]},{"@type":"WebSite","@id":"https:\/\/jambo.dk\/de#website","url":"https:\/\/jambo.dk\/de","name":"jambo feriepark","description":"5 stjerners campingplads","publisher":{"@id":"https:\/\/jambo.dk\/de#organization"},"potentialAction":[{"@type":"SearchAction","target":{"@type":"EntryPoint","urlTemplate":"https:\/\/jambo.dk\/de?s={search_term_string}"},"query-input":{"@type":"PropertyValueSpecification","valueRequired":true,"valueName":"search_term_string"}}],"inLanguage":"de"},{"@type":"Organization","@id":"https:\/\/jambo.dk\/de#organization","name":"Jambo Feriepark A\/S","url":"https:\/\/jambo.dk\/de","logo":{"@type":"ImageObject","inLanguage":"de","@id":"https:\/\/jambo.dk\/de#\/schema\/logo\/image\/","url":"https:\/\/jambo.dk\/wp-content\/uploads\/2022\/03\/logo.png","contentUrl":"https:\/\/jambo.dk\/wp-content\/uploads\/2022\/03\/logo.png","width":457,"height":196,"caption":"Jambo Feriepark A\/S"},"image":{"@id":"https:\/\/jambo.dk\/de#\/schema\/logo\/image\/"},"sameAs":["https:\/\/www.facebook.com\/feriepark\/"]}]}},"_links":{"self":[{"href":"https:\/\/jambo.dk\/de\/wp-json\/wp\/v2\/pages\/4412","targetHints":{"allow":["GET"]}}],"collection":[{"href":"https:\/\/jambo.dk\/de\/wp-json\/wp\/v2\/pages"}],"about":[{"href":"https:\/\/jambo.dk\/de\/wp-json\/wp\/v2\/types\/page"}],"author":[{"embeddable":true,"href":"https:\/\/jambo.dk\/de\/wp-json\/wp\/v2\/users\/1"}],"replies":[{"embeddable":true,"href":"https:\/\/jambo.dk\/de\/wp-json\/wp\/v2\/comments?post=4412"}],"version-history":[{"count":10,"href":"https:\/\/jambo.dk\/de\/wp-json\/wp\/v2\/pages\/4412\/revisions"}],"predecessor-version":[{"id":10134,"href":"https:\/\/jambo.dk\/de\/wp-json\/wp\/v2\/pages\/4412\/revisions\/10134"}],"wp:attachment":[{"href":"https:\/\/jambo.dk\/de\/wp-json\/wp\/v2\/media?parent=4412"}],"curies":[{"name":"wp","href":"https:\/\/api.w.org\/{rel}","templated":true}]}}