{"id":5339,"date":"2022-08-03T08:41:34","date_gmt":"2022-08-03T08:41:34","guid":{"rendered":"https:\/\/jambo.dk\/cookies\/"},"modified":"2024-10-19T19:55:56","modified_gmt":"2024-10-19T19:55:56","slug":"cookies","status":"publish","type":"page","link":"https:\/\/jambo.dk\/de\/cookies","title":{"rendered":"Cookies"},"content":{"rendered":"\t\t<div data-elementor-type=\"wp-page\" data-elementor-id=\"5339\" class=\"elementor elementor-5339 elementor-5327\" data-elementor-post-type=\"page\">\n\t\t\t\t\t\t<section class=\"elementor-section elementor-top-section elementor-element elementor-element-fe44866 elementor-section-boxed elementor-section-height-default elementor-section-height-default\" data-id=\"fe44866\" data-element_type=\"section\" data-e-type=\"section\">\n\t\t\t\t\t\t<div class=\"elementor-container elementor-column-gap-default\">\n\t\t\t\t\t<div class=\"elementor-column elementor-col-100 elementor-top-column elementor-element elementor-element-fb2e51f\" data-id=\"fb2e51f\" data-element_type=\"column\" data-e-type=\"column\">\n\t\t\t<div class=\"elementor-widget-wrap elementor-element-populated\">\n\t\t\t\t\t\t<div class=\"elementor-element elementor-element-73cb91d elementor-align-left elementor-widget elementor-widget-breadcrumbs\" data-id=\"73cb91d\" data-element_type=\"widget\" data-e-type=\"widget\" data-widget_type=\"breadcrumbs.default\">\n\t\t\t\t<div class=\"elementor-widget-container\">\n\t\t\t\t\t<p id=\"breadcrumbs\"><span><span><a href=\"https:\/\/jambo.dk\/de\/titelseite\">Home<\/a><\/span><\/span><\/p>\t\t\t\t<\/div>\n\t\t\t\t<\/div>\n\t\t\t\t<div class=\"elementor-element elementor-element-bc6aab7 elementor-widget elementor-widget-text-editor\" data-id=\"bc6aab7\" data-element_type=\"widget\" data-e-type=\"widget\" data-widget_type=\"text-editor.default\">\n\t\t\t\t<div class=\"elementor-widget-container\">\n\t\t\t\t\t\t\t\t\t<h1>Cookiepolitik<\/h1>\n<div class=\"elementor-element elementor-element-9635322 elementor-icon-list--layout-traditional elementor-list-item-link-full_width elementor-widget elementor-widget-icon-list\" data-id=\"9635322\" data-element_type=\"widget\" data-widget_type=\"icon-list.default\">\n<div class=\"elementor-widget-container\">\n<h3>Was ist ein cookie?<\/h3>\n<\/div>\n<\/div>\n<p>Ein Cookie ist eine kleine Datendatei, die in Ihrem Internetbrowser gespeichert wird. Dadurch kann unsere Website Ihren Rechner wiedererkennen, wenn Sie uns einmal besucht haben. Zur Verbesserung der Benutzerfreundlichkeit verwenden wir Cookies, die Ihre Dateien nicht besch\u00e4digen oder das Risiko von Viren auf Ihrem Computer erh\u00f6hen k\u00f6nnen.<\/p>\n<h3>Wof\u00fcr verwenden wir Cookies?<\/h3>\n<p>Diese Website verwendet Cookies. Viele Funktionen auf der Website h\u00e4ngen von Cookies ab, und wir setzen sie haupts\u00e4chlich ein, um eine gute und funktionale Seite zu haben. Cookies helfen dabei, einen \u00dcberblick \u00fcber Ihren Besuch auf unserer Website zu erhalten, und wir verwenden sie beispielsweise auch, um relevantes Marketing zu erstellen. Die Website verwendet verschiedene Arten von Cookies, einschlie\u00dflich Dienste von Drittanbietern (z. B. Google, Facebook). In unserer Richtlinie zu personenbezogenen Daten k\u00f6nnen Sie mehr dar\u00fcber lesen, wer wir sind, wie Sie uns kontaktieren k\u00f6nnen und wie wir Ihre personenbezogenen Daten verarbeiten.<\/p>\n<h4>Unbedingt erforderlich<\/h4>\n<p>Notwendige Cookies sind Voraussetzung, damit die Grundfunktionen der Website genutzt werden k\u00f6nnen, z.B. Seitennavigation. Ohne notwendige Cookies kann die Website nicht richtig funktionieren.<\/p>\n<h4>Leistung<\/h4>\n<p>Statistik-Cookies bieten die M\u00f6glichkeit, Einblick in die Interaktion des Benutzers mit der Website zu gewinnen. Daten werden anonym erhoben und gemeldet.<\/p>\n<h4>Ausrichtung<\/h4>\n<p>Wir verwenden Marketing-Cookies, um Benutzer \u00fcber Websites hinweg zu verfolgen. Dadurch k\u00f6nnen relevante Anzeigen geschaltet werden.<\/p>\n<h4>Funktionalit\u00e4t<\/h4>\n<p>Funktionsbezogene Cookies werden beispielsweise verwendet, um sich daran zu erinnern, welche Sprache der Benutzer bevorzugt.<\/p>\n<h4>Nicht klassifiziert<\/h4>\n<p>Wir sind dabei, nicht klassifizierte Cookies zusammen mit den Anbietern der einzelnen Cookies zu klassifizieren.<\/p>\n\t\t\t\t\t\t\t\t<\/div>\n\t\t\t\t<\/div>\n\t\t\t\t<div class=\"elementor-element elementor-element-fb1d50a elementor-widget elementor-widget-html\" data-id=\"fb1d50a\" data-element_type=\"widget\" data-e-type=\"widget\" data-widget_type=\"html.default\">\n\t\t\t\t<div class=\"elementor-widget-container\">\n\t\t\t\t\t<script type=\"text\/javascript\" charset=\"UTF-8\" data-cookiescriptreport=\"report\" src=\"\/\/report.cookie-script.com\/r\/73ed97f1beb33f8ec6f0553688b354af.js\"><\/script>\t\t\t\t<\/div>\n\t\t\t\t<\/div>\n\t\t\t\t\t<\/div>\n\t\t<\/div>\n\t\t\t\t\t<\/div>\n\t\t<\/section>\n\t\t\t\t<section class=\"elementor-section elementor-top-section elementor-element elementor-element-fe44a49 elementor-section-boxed elementor-section-height-default elementor-section-height-default\" data-id=\"fe44a49\" data-element_type=\"section\" data-e-type=\"section\">\n\t\t\t\t\t\t<div class=\"elementor-container elementor-column-gap-default\">\n\t\t\t\t\t<div class=\"elementor-column elementor-col-100 elementor-top-column elementor-element elementor-element-6f998f0\" data-id=\"6f998f0\" data-element_type=\"column\" data-e-type=\"column\">\n\t\t\t<div class=\"elementor-widget-wrap elementor-element-populated\">\n\t\t\t\t\t\t<div class=\"elementor-element elementor-element-373a950 elementor-widget elementor-widget-text-editor\" data-id=\"373a950\" data-element_type=\"widget\" data-e-type=\"widget\" data-widget_type=\"text-editor.default\">\n\t\t\t\t<div class=\"elementor-widget-container\">\n\t\t\t\t\t\t\t\t\t<h3>Wie \u00e4ndern Sie Ihre Einwilligung?<\/h3>\n<p>Sie k\u00f6nnen Ihre Zustimmung zu Cookies jederzeit widerrufen, indem Sie die H\u00e4kchen direkt \u00fcber der Liste der Cookies entfernen und auf Speichern klicken. Ihre Zustimmung wird dann aktualisiert. Sie k\u00f6nnen Cookies auf Ihrem Ger\u00e4t auch jederzeit ablehnen, indem Sie die Einstellungen in Ihrem Browser \u00e4ndern. Wenn Sie Cookies von Drittanbietern l\u00f6schen oder blockieren m\u00f6chten, k\u00f6nnen Sie dies nur in Ihrem Browser tun. Denken Sie daran, dass Sie Cookies in allen von Ihnen verwendeten Browsern l\u00f6schen oder blockieren m\u00fcssen.<\/p>\n<h3>\u00c4nderungen<\/h3>\n<p>Jambo Feriepark A\/S beh\u00e4lt sich das Recht vor, die Cookie-Richtlinie zu \u00e4ndern und zu aktualisieren. Zuletzt aktualisiert am 1. M\u00e4rz 2023<\/p>\t\t\t\t\t\t\t\t<\/div>\n\t\t\t\t<\/div>\n\t\t\t\t\t<\/div>\n\t\t<\/div>\n\t\t\t\t\t<\/div>\n\t\t<\/section>\n\t\t\t\t<\/div>\n\t\t","protected":false},"excerpt":{"rendered":"<p>Cookiepolitik Was ist ein cookie? Ein Cookie ist eine kleine Datendatei, die in Ihrem Internetbrowser gespeichert wird. Dadurch kann unsere Website Ihren Rechner wiedererkennen, wenn Sie uns einmal besucht haben. Zur Verbesserung der Benutzerfreundlichkeit verwenden wir Cookies, die Ihre Dateien nicht besch\u00e4digen oder das Risiko von Viren auf Ihrem Computer erh\u00f6hen k\u00f6nnen. Wof\u00fcr verwenden wir [&hellip;]<\/p>\n","protected":false},"author":6,"featured_media":0,"parent":0,"menu_order":0,"comment_status":"closed","ping_status":"closed","template":"","meta":{"_acf_changed":false,"footnotes":""},"class_list":["post-5339","page","type-page","status-publish","hentry"],"acf":[],"yoast_head":"<!-- This site is optimized with the Yoast SEO plugin v27.4 - https:\/\/yoast.com\/product\/yoast-seo-wordpress\/ -->\n<title>Cookies - jambo feriepark<\/title>\n<meta name=\"description\" content=\"Was sind Cookies und wie verwenden wir sie? Hier finden Sie die Cookie-Richtlinien von Jambo Feriepark, damit Sie selbst entscheiden k\u00f6nnen.\" \/>\n<meta name=\"robots\" content=\"noindex, follow\" \/>\n<meta property=\"og:locale\" content=\"de_DE\" \/>\n<meta property=\"og:type\" content=\"article\" \/>\n<meta property=\"og:title\" content=\"Cookies - jambo feriepark\" \/>\n<meta property=\"og:description\" content=\"Was sind Cookies und wie verwenden wir sie? Hier finden Sie die Cookie-Richtlinien von Jambo Feriepark, damit Sie selbst entscheiden k\u00f6nnen.\" \/>\n<meta property=\"og:url\" content=\"https:\/\/jambo.dk\/de\/cookies\" \/>\n<meta property=\"og:site_name\" content=\"jambo feriepark\" \/>\n<meta property=\"article:publisher\" content=\"https:\/\/www.facebook.com\/feriepark\/\" \/>\n<meta property=\"article:modified_time\" content=\"2024-10-19T19:55:56+00:00\" \/>\n<meta name=\"twitter:card\" content=\"summary_large_image\" \/>\n<meta name=\"twitter:label1\" content=\"Gesch\u00e4tzte Lesezeit\" \/>\n\t<meta name=\"twitter:data1\" content=\"4\u00a0Minuten\" \/>\n<script type=\"application\/ld+json\" class=\"yoast-schema-graph\">{\"@context\":\"https:\\\/\\\/schema.org\",\"@graph\":[{\"@type\":\"WebPage\",\"@id\":\"https:\\\/\\\/jambo.dk\\\/de\\\/cookies\",\"url\":\"https:\\\/\\\/jambo.dk\\\/de\\\/cookies\",\"name\":\"Cookies - jambo feriepark\",\"isPartOf\":{\"@id\":\"https:\\\/\\\/jambo.dk\\\/de#website\"},\"datePublished\":\"2022-08-03T08:41:34+00:00\",\"dateModified\":\"2024-10-19T19:55:56+00:00\",\"description\":\"Was sind Cookies und wie verwenden wir sie? Hier finden Sie die Cookie-Richtlinien von Jambo Feriepark, damit Sie selbst entscheiden k\u00f6nnen.\",\"breadcrumb\":{\"@id\":\"https:\\\/\\\/jambo.dk\\\/de\\\/cookies#breadcrumb\"},\"inLanguage\":\"de\",\"potentialAction\":[{\"@type\":\"ReadAction\",\"target\":[\"https:\\\/\\\/jambo.dk\\\/de\\\/cookies\"]}]},{\"@type\":\"BreadcrumbList\",\"@id\":\"https:\\\/\\\/jambo.dk\\\/de\\\/cookies#breadcrumb\",\"itemListElement\":[{\"@type\":\"ListItem\",\"position\":1,\"name\":\"Home\",\"item\":\"https:\\\/\\\/jambo.dk\\\/de\\\/titelseite\"},{\"@type\":\"ListItem\",\"position\":2,\"name\":\"Cookies\"}]},{\"@type\":\"WebSite\",\"@id\":\"https:\\\/\\\/jambo.dk\\\/de#website\",\"url\":\"https:\\\/\\\/jambo.dk\\\/de\",\"name\":\"jambo feriepark\",\"description\":\"5 stjerners campingplads\",\"publisher\":{\"@id\":\"https:\\\/\\\/jambo.dk\\\/de#organization\"},\"potentialAction\":[{\"@type\":\"SearchAction\",\"target\":{\"@type\":\"EntryPoint\",\"urlTemplate\":\"https:\\\/\\\/jambo.dk\\\/de?s={search_term_string}\"},\"query-input\":{\"@type\":\"PropertyValueSpecification\",\"valueRequired\":true,\"valueName\":\"search_term_string\"}}],\"inLanguage\":\"de\"},{\"@type\":\"Organization\",\"@id\":\"https:\\\/\\\/jambo.dk\\\/de#organization\",\"name\":\"Jambo Feriepark A\\\/S\",\"url\":\"https:\\\/\\\/jambo.dk\\\/de\",\"logo\":{\"@type\":\"ImageObject\",\"inLanguage\":\"de\",\"@id\":\"https:\\\/\\\/jambo.dk\\\/de#\\\/schema\\\/logo\\\/image\\\/\",\"url\":\"https:\\\/\\\/jambo.dk\\\/wp-content\\\/uploads\\\/2022\\\/03\\\/logo.png\",\"contentUrl\":\"https:\\\/\\\/jambo.dk\\\/wp-content\\\/uploads\\\/2022\\\/03\\\/logo.png\",\"width\":457,\"height\":196,\"caption\":\"Jambo Feriepark A\\\/S\"},\"image\":{\"@id\":\"https:\\\/\\\/jambo.dk\\\/de#\\\/schema\\\/logo\\\/image\\\/\"},\"sameAs\":[\"https:\\\/\\\/www.facebook.com\\\/feriepark\\\/\"]}]}<\/script>\n<!-- \/ Yoast SEO plugin. -->","yoast_head_json":{"title":"Cookies - jambo feriepark","description":"Was sind Cookies und wie verwenden wir sie? Hier finden Sie die Cookie-Richtlinien von Jambo Feriepark, damit Sie selbst entscheiden k\u00f6nnen.","robots":{"index":"noindex","follow":"follow"},"og_locale":"de_DE","og_type":"article","og_title":"Cookies - jambo feriepark","og_description":"Was sind Cookies und wie verwenden wir sie? Hier finden Sie die Cookie-Richtlinien von Jambo Feriepark, damit Sie selbst entscheiden k\u00f6nnen.","og_url":"https:\/\/jambo.dk\/de\/cookies","og_site_name":"jambo feriepark","article_publisher":"https:\/\/www.facebook.com\/feriepark\/","article_modified_time":"2024-10-19T19:55:56+00:00","twitter_card":"summary_large_image","twitter_misc":{"Gesch\u00e4tzte Lesezeit":"4\u00a0Minuten"},"schema":{"@context":"https:\/\/schema.org","@graph":[{"@type":"WebPage","@id":"https:\/\/jambo.dk\/de\/cookies","url":"https:\/\/jambo.dk\/de\/cookies","name":"Cookies - jambo feriepark","isPartOf":{"@id":"https:\/\/jambo.dk\/de#website"},"datePublished":"2022-08-03T08:41:34+00:00","dateModified":"2024-10-19T19:55:56+00:00","description":"Was sind Cookies und wie verwenden wir sie? Hier finden Sie die Cookie-Richtlinien von Jambo Feriepark, damit Sie selbst entscheiden k\u00f6nnen.","breadcrumb":{"@id":"https:\/\/jambo.dk\/de\/cookies#breadcrumb"},"inLanguage":"de","potentialAction":[{"@type":"ReadAction","target":["https:\/\/jambo.dk\/de\/cookies"]}]},{"@type":"BreadcrumbList","@id":"https:\/\/jambo.dk\/de\/cookies#breadcrumb","itemListElement":[{"@type":"ListItem","position":1,"name":"Home","item":"https:\/\/jambo.dk\/de\/titelseite"},{"@type":"ListItem","position":2,"name":"Cookies"}]},{"@type":"WebSite","@id":"https:\/\/jambo.dk\/de#website","url":"https:\/\/jambo.dk\/de","name":"jambo feriepark","description":"5 stjerners campingplads","publisher":{"@id":"https:\/\/jambo.dk\/de#organization"},"potentialAction":[{"@type":"SearchAction","target":{"@type":"EntryPoint","urlTemplate":"https:\/\/jambo.dk\/de?s={search_term_string}"},"query-input":{"@type":"PropertyValueSpecification","valueRequired":true,"valueName":"search_term_string"}}],"inLanguage":"de"},{"@type":"Organization","@id":"https:\/\/jambo.dk\/de#organization","name":"Jambo Feriepark A\/S","url":"https:\/\/jambo.dk\/de","logo":{"@type":"ImageObject","inLanguage":"de","@id":"https:\/\/jambo.dk\/de#\/schema\/logo\/image\/","url":"https:\/\/jambo.dk\/wp-content\/uploads\/2022\/03\/logo.png","contentUrl":"https:\/\/jambo.dk\/wp-content\/uploads\/2022\/03\/logo.png","width":457,"height":196,"caption":"Jambo Feriepark A\/S"},"image":{"@id":"https:\/\/jambo.dk\/de#\/schema\/logo\/image\/"},"sameAs":["https:\/\/www.facebook.com\/feriepark\/"]}]}},"_links":{"self":[{"href":"https:\/\/jambo.dk\/de\/wp-json\/wp\/v2\/pages\/5339","targetHints":{"allow":["GET"]}}],"collection":[{"href":"https:\/\/jambo.dk\/de\/wp-json\/wp\/v2\/pages"}],"about":[{"href":"https:\/\/jambo.dk\/de\/wp-json\/wp\/v2\/types\/page"}],"author":[{"embeddable":true,"href":"https:\/\/jambo.dk\/de\/wp-json\/wp\/v2\/users\/6"}],"replies":[{"embeddable":true,"href":"https:\/\/jambo.dk\/de\/wp-json\/wp\/v2\/comments?post=5339"}],"version-history":[{"count":15,"href":"https:\/\/jambo.dk\/de\/wp-json\/wp\/v2\/pages\/5339\/revisions"}],"predecessor-version":[{"id":11573,"href":"https:\/\/jambo.dk\/de\/wp-json\/wp\/v2\/pages\/5339\/revisions\/11573"}],"wp:attachment":[{"href":"https:\/\/jambo.dk\/de\/wp-json\/wp\/v2\/media?parent=5339"}],"curies":[{"name":"wp","href":"https:\/\/api.w.org\/{rel}","templated":true}]}}