{"id":8175,"date":"2023-03-03T10:49:38","date_gmt":"2023-03-03T10:49:38","guid":{"rendered":"https:\/\/jambo.dk\/datenschutzrichtlinie"},"modified":"2024-02-27T18:55:39","modified_gmt":"2024-02-27T18:55:39","slug":"datenschutzrichtlinie","status":"publish","type":"page","link":"https:\/\/jambo.dk\/de\/datenschutzrichtlinie","title":{"rendered":"Datenschutz"},"content":{"rendered":"\t\t<div data-elementor-type=\"wp-page\" data-elementor-id=\"8175\" class=\"elementor elementor-8175 elementor-7500\" data-elementor-post-type=\"page\">\n\t\t\t\t\t\t<section class=\"elementor-section elementor-top-section elementor-element elementor-element-cd05c91 elementor-section-boxed elementor-section-height-default elementor-section-height-default\" data-id=\"cd05c91\" data-element_type=\"section\" data-e-type=\"section\" data-settings=\"{&quot;background_background&quot;:&quot;classic&quot;}\">\n\t\t\t\t\t\t\t<div class=\"elementor-background-overlay\"><\/div>\n\t\t\t\t\t\t\t<div class=\"elementor-container elementor-column-gap-default\">\n\t\t\t\t\t<div class=\"elementor-column elementor-col-100 elementor-top-column elementor-element elementor-element-e6af377\" data-id=\"e6af377\" data-element_type=\"column\" data-e-type=\"column\">\n\t\t\t<div class=\"elementor-widget-wrap elementor-element-populated\">\n\t\t\t\t\t\t<section class=\"elementor-section elementor-inner-section elementor-element elementor-element-0f212c4 elementor-section-content-middle elementor-section-boxed elementor-section-height-default elementor-section-height-default\" data-id=\"0f212c4\" data-element_type=\"section\" data-e-type=\"section\">\n\t\t\t\t\t\t<div class=\"elementor-container elementor-column-gap-default\">\n\t\t\t\t\t<div class=\"elementor-column elementor-col-100 elementor-inner-column elementor-element elementor-element-e43d121\" data-id=\"e43d121\" data-element_type=\"column\" data-e-type=\"column\">\n\t\t\t<div class=\"elementor-widget-wrap elementor-element-populated\">\n\t\t\t\t\t\t<div class=\"elementor-element elementor-element-842cead elementor-widget__width-auto elementor-view-default elementor-widget elementor-widget-icon\" data-id=\"842cead\" data-element_type=\"widget\" data-e-type=\"widget\" data-widget_type=\"icon.default\">\n\t\t\t\t<div class=\"elementor-widget-container\">\n\t\t\t\t\t\t\t<div class=\"elementor-icon-wrapper\">\n\t\t\t<div class=\"elementor-icon\">\n\t\t\t<i aria-hidden=\"true\" class=\"fas fa-star\"><\/i>\t\t\t<\/div>\n\t\t<\/div>\n\t\t\t\t\t\t<\/div>\n\t\t\t\t<\/div>\n\t\t\t\t<div class=\"elementor-element elementor-element-4d04b25 elementor-widget__width-auto elementor-view-default elementor-widget elementor-widget-icon\" data-id=\"4d04b25\" data-element_type=\"widget\" data-e-type=\"widget\" data-widget_type=\"icon.default\">\n\t\t\t\t<div class=\"elementor-widget-container\">\n\t\t\t\t\t\t\t<div class=\"elementor-icon-wrapper\">\n\t\t\t<div class=\"elementor-icon\">\n\t\t\t<i aria-hidden=\"true\" class=\"fas fa-star\"><\/i>\t\t\t<\/div>\n\t\t<\/div>\n\t\t\t\t\t\t<\/div>\n\t\t\t\t<\/div>\n\t\t\t\t<div class=\"elementor-element elementor-element-496ff10 elementor-widget__width-auto elementor-view-default elementor-widget elementor-widget-icon\" data-id=\"496ff10\" data-element_type=\"widget\" data-e-type=\"widget\" data-widget_type=\"icon.default\">\n\t\t\t\t<div class=\"elementor-widget-container\">\n\t\t\t\t\t\t\t<div class=\"elementor-icon-wrapper\">\n\t\t\t<div class=\"elementor-icon\">\n\t\t\t<i aria-hidden=\"true\" class=\"fas fa-star\"><\/i>\t\t\t<\/div>\n\t\t<\/div>\n\t\t\t\t\t\t<\/div>\n\t\t\t\t<\/div>\n\t\t\t\t<div class=\"elementor-element elementor-element-dba597b elementor-widget__width-auto elementor-view-default elementor-widget elementor-widget-icon\" data-id=\"dba597b\" data-element_type=\"widget\" data-e-type=\"widget\" data-widget_type=\"icon.default\">\n\t\t\t\t<div class=\"elementor-widget-container\">\n\t\t\t\t\t\t\t<div class=\"elementor-icon-wrapper\">\n\t\t\t<div class=\"elementor-icon\">\n\t\t\t<i aria-hidden=\"true\" class=\"fas fa-star\"><\/i>\t\t\t<\/div>\n\t\t<\/div>\n\t\t\t\t\t\t<\/div>\n\t\t\t\t<\/div>\n\t\t\t\t<div class=\"elementor-element elementor-element-627d7de elementor-widget__width-auto elementor-view-default elementor-widget elementor-widget-icon\" data-id=\"627d7de\" data-element_type=\"widget\" data-e-type=\"widget\" data-widget_type=\"icon.default\">\n\t\t\t\t<div class=\"elementor-widget-container\">\n\t\t\t\t\t\t\t<div class=\"elementor-icon-wrapper\">\n\t\t\t<div class=\"elementor-icon\">\n\t\t\t<i aria-hidden=\"true\" class=\"fas fa-star\"><\/i>\t\t\t<\/div>\n\t\t<\/div>\n\t\t\t\t\t\t<\/div>\n\t\t\t\t<\/div>\n\t\t\t\t\t<\/div>\n\t\t<\/div>\n\t\t\t\t\t<\/div>\n\t\t<\/section>\n\t\t\t\t<div class=\"elementor-element elementor-element-1395775 elementor-widget elementor-widget-heading\" data-id=\"1395775\" data-element_type=\"widget\" data-e-type=\"widget\" data-widget_type=\"heading.default\">\n\t\t\t\t<div class=\"elementor-widget-container\">\n\t\t\t\t\t<h1 class=\"elementor-heading-title elementor-size-default\">Datenschutz<\/h1>\t\t\t\t<\/div>\n\t\t\t\t<\/div>\n\t\t\t\t<div class=\"elementor-element elementor-element-7e995e1 elementor-align-center elementor-widget elementor-widget-breadcrumbs\" data-id=\"7e995e1\" data-element_type=\"widget\" data-e-type=\"widget\" data-widget_type=\"breadcrumbs.default\">\n\t\t\t\t<div class=\"elementor-widget-container\">\n\t\t\t\t\t<p id=\"breadcrumbs\"><span><span><a href=\"https:\/\/jambo.dk\/de\/titelseite\">Home<\/a><\/span><\/span><\/p>\t\t\t\t<\/div>\n\t\t\t\t<\/div>\n\t\t\t\t\t<\/div>\n\t\t<\/div>\n\t\t\t\t\t<\/div>\n\t\t<\/section>\n\t\t\t\t<section class=\"elementor-section elementor-top-section elementor-element elementor-element-399a13b elementor-section-boxed elementor-section-height-default elementor-section-height-default\" data-id=\"399a13b\" data-element_type=\"section\" data-e-type=\"section\">\n\t\t\t\t\t\t<div class=\"elementor-container elementor-column-gap-default\">\n\t\t\t\t\t<div class=\"elementor-column elementor-col-33 elementor-top-column elementor-element elementor-element-0d0eed9\" data-id=\"0d0eed9\" data-element_type=\"column\" data-e-type=\"column\">\n\t\t\t<div class=\"elementor-widget-wrap elementor-element-populated\">\n\t\t\t\t\t\t<div class=\"elementor-element elementor-element-8dcbca5 elementor-toc--minimized-on-tablet elementor-widget elementor-widget-table-of-contents\" data-id=\"8dcbca5\" data-element_type=\"widget\" data-e-type=\"widget\" data-settings=\"{&quot;exclude_headings_by_selector&quot;:[],&quot;marker_view&quot;:&quot;bullets&quot;,&quot;icon&quot;:{&quot;value&quot;:&quot;&quot;,&quot;library&quot;:&quot;&quot;},&quot;headings_by_tags&quot;:[&quot;h2&quot;,&quot;h3&quot;,&quot;h4&quot;,&quot;h5&quot;,&quot;h6&quot;],&quot;no_headings_message&quot;:&quot;Es wurden keine \\u00dcberschriften auf dieser Seite gefunden.&quot;,&quot;minimize_box&quot;:&quot;yes&quot;,&quot;minimized_on&quot;:&quot;tablet&quot;,&quot;hierarchical_view&quot;:&quot;yes&quot;,&quot;min_height&quot;:{&quot;unit&quot;:&quot;px&quot;,&quot;size&quot;:&quot;&quot;,&quot;sizes&quot;:[]},&quot;min_height_tablet&quot;:{&quot;unit&quot;:&quot;px&quot;,&quot;size&quot;:&quot;&quot;,&quot;sizes&quot;:[]},&quot;min_height_mobile&quot;:{&quot;unit&quot;:&quot;px&quot;,&quot;size&quot;:&quot;&quot;,&quot;sizes&quot;:[]}}\" data-widget_type=\"table-of-contents.default\">\n\t\t\t\t<div class=\"elementor-widget-container\">\n\t\t\t\t\t\t\t\t\t<div class=\"elementor-toc__header\">\n\t\t\t\t\t\t<h4 class=\"elementor-toc__header-title\">\n\t\t\t\tDatenschutz\t\t\t<\/h4>\n\t\t\t\t\t\t\t\t\t\t<div class=\"elementor-toc__toggle-button elementor-toc__toggle-button--expand\" role=\"button\" tabindex=\"0\" aria-controls=\"elementor-toc__8dcbca5\" aria-expanded=\"true\" aria-label=\"Inhaltsverzeichnis \u00f6ffnen\"><i aria-hidden=\"true\" class=\"fas fa-chevron-down\"><\/i><\/div>\n\t\t\t\t<div class=\"elementor-toc__toggle-button elementor-toc__toggle-button--collapse\" role=\"button\" tabindex=\"0\" aria-controls=\"elementor-toc__8dcbca5\" aria-expanded=\"true\" aria-label=\"Inhaltsverzeichnis schlie\u00dfen\"><i aria-hidden=\"true\" class=\"fas fa-chevron-up\"><\/i><\/div>\n\t\t\t\t\t<\/div>\n\t\t\t\t<div id=\"elementor-toc__8dcbca5\" class=\"elementor-toc__body\">\n\t\t\t<div class=\"elementor-toc__spinner-container\">\n\t\t\t\t<i class=\"elementor-toc__spinner eicon-animation-spin eicon-loading\" aria-hidden=\"true\"><\/i>\t\t\t<\/div>\n\t\t<\/div>\n\t\t\t\t\t\t<\/div>\n\t\t\t\t<\/div>\n\t\t\t\t\t<\/div>\n\t\t<\/div>\n\t\t\t\t<div class=\"elementor-column elementor-col-66 elementor-top-column elementor-element elementor-element-74cd545\" data-id=\"74cd545\" data-element_type=\"column\" data-e-type=\"column\">\n\t\t\t<div class=\"elementor-widget-wrap elementor-element-populated\">\n\t\t\t\t\t\t<div class=\"elementor-element elementor-element-827d31f elementor-widget elementor-widget-text-editor\" data-id=\"827d31f\" data-element_type=\"widget\" data-e-type=\"widget\" data-widget_type=\"text-editor.default\">\n\t\t\t\t<div class=\"elementor-widget-container\">\n\t\t\t\t\t\t\t\t\t<p>Wir erheben personenbezogene Daten nur in F\u00e4llen, in denen dies f\u00fcr Ihren Einkauf bei uns relevant ist. Hier k\u00f6nnen Sie mehr \u00fcber die Daten lesen, die wir \u00fcber Sie sammeln.<\/p>\n<h2>Datencontroller<\/h2>\n<p>Der Datenverantwortliche f\u00fcr die Erhebung, Verarbeitung und Nutzung Ihrer personenbezogenen Daten ist Jambo Feriepark A\/S, Solvejen 60, 9493 Saltum, CVR-Nr. 25472489. Sie k\u00f6nnen uns per Post oder pers\u00f6nlich, per E-Mail unter <a href=\"mailto:info@jambo.dk\">info@jambo.dk<\/a> oder telefonisch unter +45 9888 1666 erreichen.<\/p>\n<h2>Indsamling af jeres oplysninger<\/h2>\n<p>Wenn Sie einen Aufenthalt bei uns buchen m\u00f6chten, m\u00fcssen wir bestimmte personenbezogene Daten erheben, um Ihren Aufenthalt bei Jambo Feriepark A\/S zu verarbeiten. Wir erfassen Informationen wie Name, Adresse, Telefonnummer und E-Mail-Adresse. Wir verarbeiten Ihre Daten, wenn Sie:<\/p>\n<ul>\n<li>eine Buchung abschlie\u00dfen<\/li>\n<li>sich f\u00fcr unseren Newsletter anmelden<\/li>\n<li>uns Fragen, Beschwerden oder sonstiges senden<\/li>\n<\/ul>\n<h2>Behandlungsgrundlage und Zweck<\/h2>\n<p>Wir erfassen Ihre allgemeinen Kontaktinformationen wie Name und Adresse, um Ihre Buchung bei uns zu bearbeiten. Wir ben\u00f6tigen Ihre E-Mail-Adresse, um Ihnen eine Buchungsbest\u00e4tigung und andere Informationen zu Ihrer Buchung zusenden zu k\u00f6nnen. Wir ben\u00f6tigen Ihre Telefonnummer, um Sie bez\u00fcglich Ihres Aufenthalts bei uns zu kontaktieren.<\/p>\n<p>Wir sammeln diese Informationen, um unseren Vertrag mit Ihnen zu erf\u00fcllen. Ihre Daten werden am Ende des Kalenderjahres 5 Jahre nach Ihrem Aufenthalt bei Jambo Feriepark A\/S gel\u00f6scht.<\/p>\n<p>Wenn Sie sich f\u00fcr unseren Newsletter angemeldet haben, verwenden wir Ihre E-Mail-Adresse und Ihren Namen, um Ihnen den Newsletter zuzusenden. Sie stimmen der Verarbeitung im Zusammenhang mit der Registrierung zu und k\u00f6nnen den Newsletter jederzeit abbestellen. Bei Abmeldung vom Newsletter werden Ihre personenbezogenen Daten nach 3 Monaten gel\u00f6scht.<\/p>\n<h2>Andere Empf\u00e4nger personenbezogener Daten<\/h2>\n<p>Wir verkaufen Ihre personenbezogenen Daten nicht an Dritte. Wir haben mit unseren Datenverarbeitern Datenverarbeitungsvertr\u00e4ge abgeschlossen, die Ihnen garantieren, dass sie die geltenden Vorschriften zum Schutz Ihrer personenbezogenen Daten einhalten. Wir verwenden Ihre Informationen nicht, um automatisierte Entscheidungen zu treffen, die Sie betreffen k\u00f6nnten.<\/p>\n<h3>Buchung<\/h3>\n<p>Ihre personenbezogenen Daten im Zusammenhang mit der Buchung werden in unserem Verwaltungssystem gespeichert. Wir hosten das System bei CompuSoft A\/S, dessen Daten sich auf Servern in D\u00e4nemark befinden.<\/p>\n<h3>Zahlung<\/h3>\n<p>Wenn Sie eine Online-Zahlung abschlie\u00dfen, leiten wir Ihre Buchungsdaten an NETS Easy weiter. Jambo Feriepark A\/S speichert keine Zahlungsinformationen.<\/p>\n<h3>Newsletter<\/h3>\n<p>Wenn Sie sich entschieden haben, unseren Newsletter zu abonnieren, verarbeitet MailChimp (The Rocket Science Group, LLC) mit Sitz in den USA Ihre E-Mail-Adresse und Ihren Namen. Im Zusammenhang mit dem Newsletter hat LAZZAWEB ApS Zugriff auf das System.<\/p>\n<h2>Ihre Rechte<\/h2>\n<p>Sie haben das Recht, von uns Einsicht in Ihre personenbezogenen Daten zu verlangen, diese zu korrigieren oder zu \u00e4ndern und Ihre Daten l\u00f6schen zu lassen. Sie haben auch das Recht, sich bei der norwegischen Datenschutzbeh\u00f6rde \u00fcber unsere Verwendung Ihrer personenbezogenen Daten zu beschweren. Wenn Sie m\u00f6chten, dass wir Ihre personenbezogenen Daten nicht mehr verarbeiten oder dass wir die Verarbeitung einschr\u00e4nken, k\u00f6nnen Sie uns eine Anfrage an <a href=\"mailto:info@jambo.dk\">info@jambo.dk<\/a> senden.<\/p>\n<h2>\u00c4nderungen<\/h2>\n<p>Die Richtlinie zu personenbezogenen Daten wurde zuletzt am 27. Februar 2024 aktualisiert.<\/p>\n\t\t\t\t\t\t\t\t<\/div>\n\t\t\t\t<\/div>\n\t\t\t\t\t<\/div>\n\t\t<\/div>\n\t\t\t\t\t<\/div>\n\t\t<\/section>\n\t\t\t\t<\/div>\n\t\t","protected":false},"excerpt":{"rendered":"<p>Datenschutz Wir erheben personenbezogene Daten nur in F\u00e4llen, in denen dies f\u00fcr Ihren Einkauf bei uns relevant ist. Hier k\u00f6nnen Sie mehr \u00fcber die Daten lesen, die wir \u00fcber Sie sammeln. Datencontroller Der Datenverantwortliche f\u00fcr die Erhebung, Verarbeitung und Nutzung Ihrer personenbezogenen Daten ist Jambo Feriepark A\/S, Solvejen 60, 9493 Saltum, CVR-Nr. 25472489. Sie k\u00f6nnen [&hellip;]<\/p>\n","protected":false},"author":4,"featured_media":0,"parent":0,"menu_order":0,"comment_status":"closed","ping_status":"closed","template":"","meta":{"_acf_changed":false,"footnotes":""},"class_list":["post-8175","page","type-page","status-publish","hentry"],"acf":[],"yoast_head":"<!-- This site is optimized with the Yoast SEO plugin v27.4 - https:\/\/yoast.com\/product\/yoast-seo-wordpress\/ -->\n<title>Datenschutz - jambo feriepark<\/title>\n<meta name=\"robots\" content=\"index, follow, max-snippet:-1, max-image-preview:large, max-video-preview:-1\" \/>\n<link rel=\"canonical\" href=\"https:\/\/jambo.dk\/de\/datenschutzrichtlinie\" \/>\n<meta property=\"og:locale\" content=\"de_DE\" \/>\n<meta property=\"og:type\" content=\"article\" \/>\n<meta property=\"og:title\" content=\"Datenschutz - jambo feriepark\" \/>\n<meta property=\"og:description\" content=\"Datenschutz Wir erheben personenbezogene Daten nur in F\u00e4llen, in denen dies f\u00fcr Ihren Einkauf bei uns relevant ist. Hier k\u00f6nnen Sie mehr \u00fcber die Daten lesen, die wir \u00fcber Sie sammeln. Datencontroller Der Datenverantwortliche f\u00fcr die Erhebung, Verarbeitung und Nutzung Ihrer personenbezogenen Daten ist Jambo Feriepark A\/S, Solvejen 60, 9493 Saltum, CVR-Nr. 25472489. Sie k\u00f6nnen [&hellip;]\" \/>\n<meta property=\"og:url\" content=\"https:\/\/jambo.dk\/de\/datenschutzrichtlinie\" \/>\n<meta property=\"og:site_name\" content=\"jambo feriepark\" \/>\n<meta property=\"article:publisher\" content=\"https:\/\/www.facebook.com\/feriepark\/\" \/>\n<meta property=\"article:modified_time\" content=\"2024-02-27T18:55:39+00:00\" \/>\n<meta name=\"twitter:card\" content=\"summary_large_image\" \/>\n<meta name=\"twitter:label1\" content=\"Gesch\u00e4tzte Lesezeit\" \/>\n\t<meta name=\"twitter:data1\" content=\"2\u00a0Minuten\" \/>\n<script type=\"application\/ld+json\" class=\"yoast-schema-graph\">{\"@context\":\"https:\\\/\\\/schema.org\",\"@graph\":[{\"@type\":\"WebPage\",\"@id\":\"https:\\\/\\\/jambo.dk\\\/de\\\/datenschutzrichtlinie\",\"url\":\"https:\\\/\\\/jambo.dk\\\/de\\\/datenschutzrichtlinie\",\"name\":\"Datenschutz - jambo feriepark\",\"isPartOf\":{\"@id\":\"https:\\\/\\\/jambo.dk\\\/de#website\"},\"datePublished\":\"2023-03-03T10:49:38+00:00\",\"dateModified\":\"2024-02-27T18:55:39+00:00\",\"breadcrumb\":{\"@id\":\"https:\\\/\\\/jambo.dk\\\/de\\\/datenschutzrichtlinie#breadcrumb\"},\"inLanguage\":\"de\",\"potentialAction\":[{\"@type\":\"ReadAction\",\"target\":[\"https:\\\/\\\/jambo.dk\\\/de\\\/datenschutzrichtlinie\"]}]},{\"@type\":\"BreadcrumbList\",\"@id\":\"https:\\\/\\\/jambo.dk\\\/de\\\/datenschutzrichtlinie#breadcrumb\",\"itemListElement\":[{\"@type\":\"ListItem\",\"position\":1,\"name\":\"Home\",\"item\":\"https:\\\/\\\/jambo.dk\\\/de\\\/titelseite\"},{\"@type\":\"ListItem\",\"position\":2,\"name\":\"Datenschutz\"}]},{\"@type\":\"WebSite\",\"@id\":\"https:\\\/\\\/jambo.dk\\\/de#website\",\"url\":\"https:\\\/\\\/jambo.dk\\\/de\",\"name\":\"jambo feriepark\",\"description\":\"5 stjerners campingplads\",\"publisher\":{\"@id\":\"https:\\\/\\\/jambo.dk\\\/de#organization\"},\"potentialAction\":[{\"@type\":\"SearchAction\",\"target\":{\"@type\":\"EntryPoint\",\"urlTemplate\":\"https:\\\/\\\/jambo.dk\\\/de?s={search_term_string}\"},\"query-input\":{\"@type\":\"PropertyValueSpecification\",\"valueRequired\":true,\"valueName\":\"search_term_string\"}}],\"inLanguage\":\"de\"},{\"@type\":\"Organization\",\"@id\":\"https:\\\/\\\/jambo.dk\\\/de#organization\",\"name\":\"Jambo Feriepark A\\\/S\",\"url\":\"https:\\\/\\\/jambo.dk\\\/de\",\"logo\":{\"@type\":\"ImageObject\",\"inLanguage\":\"de\",\"@id\":\"https:\\\/\\\/jambo.dk\\\/de#\\\/schema\\\/logo\\\/image\\\/\",\"url\":\"https:\\\/\\\/jambo.dk\\\/wp-content\\\/uploads\\\/2022\\\/03\\\/logo.png\",\"contentUrl\":\"https:\\\/\\\/jambo.dk\\\/wp-content\\\/uploads\\\/2022\\\/03\\\/logo.png\",\"width\":457,\"height\":196,\"caption\":\"Jambo Feriepark A\\\/S\"},\"image\":{\"@id\":\"https:\\\/\\\/jambo.dk\\\/de#\\\/schema\\\/logo\\\/image\\\/\"},\"sameAs\":[\"https:\\\/\\\/www.facebook.com\\\/feriepark\\\/\"]}]}<\/script>\n<!-- \/ Yoast SEO plugin. -->","yoast_head_json":{"title":"Datenschutz - jambo feriepark","robots":{"index":"index","follow":"follow","max-snippet":"max-snippet:-1","max-image-preview":"max-image-preview:large","max-video-preview":"max-video-preview:-1"},"canonical":"https:\/\/jambo.dk\/de\/datenschutzrichtlinie","og_locale":"de_DE","og_type":"article","og_title":"Datenschutz - jambo feriepark","og_description":"Datenschutz Wir erheben personenbezogene Daten nur in F\u00e4llen, in denen dies f\u00fcr Ihren Einkauf bei uns relevant ist. Hier k\u00f6nnen Sie mehr \u00fcber die Daten lesen, die wir \u00fcber Sie sammeln. Datencontroller Der Datenverantwortliche f\u00fcr die Erhebung, Verarbeitung und Nutzung Ihrer personenbezogenen Daten ist Jambo Feriepark A\/S, Solvejen 60, 9493 Saltum, CVR-Nr. 25472489. Sie k\u00f6nnen [&hellip;]","og_url":"https:\/\/jambo.dk\/de\/datenschutzrichtlinie","og_site_name":"jambo feriepark","article_publisher":"https:\/\/www.facebook.com\/feriepark\/","article_modified_time":"2024-02-27T18:55:39+00:00","twitter_card":"summary_large_image","twitter_misc":{"Gesch\u00e4tzte Lesezeit":"2\u00a0Minuten"},"schema":{"@context":"https:\/\/schema.org","@graph":[{"@type":"WebPage","@id":"https:\/\/jambo.dk\/de\/datenschutzrichtlinie","url":"https:\/\/jambo.dk\/de\/datenschutzrichtlinie","name":"Datenschutz - jambo feriepark","isPartOf":{"@id":"https:\/\/jambo.dk\/de#website"},"datePublished":"2023-03-03T10:49:38+00:00","dateModified":"2024-02-27T18:55:39+00:00","breadcrumb":{"@id":"https:\/\/jambo.dk\/de\/datenschutzrichtlinie#breadcrumb"},"inLanguage":"de","potentialAction":[{"@type":"ReadAction","target":["https:\/\/jambo.dk\/de\/datenschutzrichtlinie"]}]},{"@type":"BreadcrumbList","@id":"https:\/\/jambo.dk\/de\/datenschutzrichtlinie#breadcrumb","itemListElement":[{"@type":"ListItem","position":1,"name":"Home","item":"https:\/\/jambo.dk\/de\/titelseite"},{"@type":"ListItem","position":2,"name":"Datenschutz"}]},{"@type":"WebSite","@id":"https:\/\/jambo.dk\/de#website","url":"https:\/\/jambo.dk\/de","name":"jambo feriepark","description":"5 stjerners campingplads","publisher":{"@id":"https:\/\/jambo.dk\/de#organization"},"potentialAction":[{"@type":"SearchAction","target":{"@type":"EntryPoint","urlTemplate":"https:\/\/jambo.dk\/de?s={search_term_string}"},"query-input":{"@type":"PropertyValueSpecification","valueRequired":true,"valueName":"search_term_string"}}],"inLanguage":"de"},{"@type":"Organization","@id":"https:\/\/jambo.dk\/de#organization","name":"Jambo Feriepark A\/S","url":"https:\/\/jambo.dk\/de","logo":{"@type":"ImageObject","inLanguage":"de","@id":"https:\/\/jambo.dk\/de#\/schema\/logo\/image\/","url":"https:\/\/jambo.dk\/wp-content\/uploads\/2022\/03\/logo.png","contentUrl":"https:\/\/jambo.dk\/wp-content\/uploads\/2022\/03\/logo.png","width":457,"height":196,"caption":"Jambo Feriepark A\/S"},"image":{"@id":"https:\/\/jambo.dk\/de#\/schema\/logo\/image\/"},"sameAs":["https:\/\/www.facebook.com\/feriepark\/"]}]}},"_links":{"self":[{"href":"https:\/\/jambo.dk\/de\/wp-json\/wp\/v2\/pages\/8175","targetHints":{"allow":["GET"]}}],"collection":[{"href":"https:\/\/jambo.dk\/de\/wp-json\/wp\/v2\/pages"}],"about":[{"href":"https:\/\/jambo.dk\/de\/wp-json\/wp\/v2\/types\/page"}],"author":[{"embeddable":true,"href":"https:\/\/jambo.dk\/de\/wp-json\/wp\/v2\/users\/4"}],"replies":[{"embeddable":true,"href":"https:\/\/jambo.dk\/de\/wp-json\/wp\/v2\/comments?post=8175"}],"version-history":[{"count":8,"href":"https:\/\/jambo.dk\/de\/wp-json\/wp\/v2\/pages\/8175\/revisions"}],"predecessor-version":[{"id":10852,"href":"https:\/\/jambo.dk\/de\/wp-json\/wp\/v2\/pages\/8175\/revisions\/10852"}],"wp:attachment":[{"href":"https:\/\/jambo.dk\/de\/wp-json\/wp\/v2\/media?parent=8175"}],"curies":[{"name":"wp","href":"https:\/\/api.w.org\/{rel}","templated":true}]}}