{"id":8469,"date":"2022-09-08T08:05:39","date_gmt":"2022-09-08T08:05:39","guid":{"rendered":"https:\/\/jambo.dk\/?page_id=8469"},"modified":"2024-07-31T15:05:40","modified_gmt":"2024-07-31T15:05:40","slug":"baderegeln","status":"publish","type":"page","link":"https:\/\/jambo.dk\/de\/baderegeln","title":{"rendered":"Baderegeln"},"content":{"rendered":"\t\t<div data-elementor-type=\"wp-page\" data-elementor-id=\"8469\" class=\"elementor elementor-8469 elementor-6682\" data-elementor-post-type=\"page\">\n\t\t\t\t\t\t<section class=\"elementor-section elementor-top-section elementor-element elementor-element-33a9458 elementor-section-boxed elementor-section-height-default elementor-section-height-default\" data-id=\"33a9458\" data-element_type=\"section\" data-e-type=\"section\" data-settings=\"{&quot;background_background&quot;:&quot;classic&quot;}\">\n\t\t\t\t\t\t\t<div class=\"elementor-background-overlay\"><\/div>\n\t\t\t\t\t\t\t<div class=\"elementor-container elementor-column-gap-default\">\n\t\t\t\t\t<div class=\"elementor-column elementor-col-100 elementor-top-column elementor-element elementor-element-01a3e8c\" data-id=\"01a3e8c\" data-element_type=\"column\" data-e-type=\"column\">\n\t\t\t<div class=\"elementor-widget-wrap elementor-element-populated\">\n\t\t\t\t\t\t<section class=\"elementor-section elementor-inner-section elementor-element elementor-element-b4f7a10 elementor-section-content-middle elementor-section-boxed elementor-section-height-default elementor-section-height-default\" data-id=\"b4f7a10\" data-element_type=\"section\" data-e-type=\"section\">\n\t\t\t\t\t\t<div class=\"elementor-container elementor-column-gap-default\">\n\t\t\t\t\t<div class=\"elementor-column elementor-col-100 elementor-inner-column elementor-element elementor-element-3d887b1\" data-id=\"3d887b1\" data-element_type=\"column\" data-e-type=\"column\">\n\t\t\t<div class=\"elementor-widget-wrap elementor-element-populated\">\n\t\t\t\t\t\t<div class=\"elementor-element elementor-element-7c5347e elementor-widget__width-auto elementor-view-default elementor-widget elementor-widget-icon\" data-id=\"7c5347e\" data-element_type=\"widget\" data-e-type=\"widget\" data-widget_type=\"icon.default\">\n\t\t\t\t<div class=\"elementor-widget-container\">\n\t\t\t\t\t\t\t<div class=\"elementor-icon-wrapper\">\n\t\t\t<div class=\"elementor-icon\">\n\t\t\t<i aria-hidden=\"true\" class=\"fas fa-star\"><\/i>\t\t\t<\/div>\n\t\t<\/div>\n\t\t\t\t\t\t<\/div>\n\t\t\t\t<\/div>\n\t\t\t\t<div class=\"elementor-element elementor-element-9d8607b elementor-widget__width-auto elementor-view-default elementor-widget elementor-widget-icon\" data-id=\"9d8607b\" data-element_type=\"widget\" data-e-type=\"widget\" data-widget_type=\"icon.default\">\n\t\t\t\t<div class=\"elementor-widget-container\">\n\t\t\t\t\t\t\t<div class=\"elementor-icon-wrapper\">\n\t\t\t<div class=\"elementor-icon\">\n\t\t\t<i aria-hidden=\"true\" class=\"fas fa-star\"><\/i>\t\t\t<\/div>\n\t\t<\/div>\n\t\t\t\t\t\t<\/div>\n\t\t\t\t<\/div>\n\t\t\t\t<div class=\"elementor-element elementor-element-4d21155 elementor-widget__width-auto elementor-view-default elementor-widget elementor-widget-icon\" data-id=\"4d21155\" data-element_type=\"widget\" data-e-type=\"widget\" data-widget_type=\"icon.default\">\n\t\t\t\t<div class=\"elementor-widget-container\">\n\t\t\t\t\t\t\t<div class=\"elementor-icon-wrapper\">\n\t\t\t<div class=\"elementor-icon\">\n\t\t\t<i aria-hidden=\"true\" class=\"fas fa-star\"><\/i>\t\t\t<\/div>\n\t\t<\/div>\n\t\t\t\t\t\t<\/div>\n\t\t\t\t<\/div>\n\t\t\t\t<div class=\"elementor-element elementor-element-da9e8e1 elementor-widget__width-auto elementor-view-default elementor-widget elementor-widget-icon\" data-id=\"da9e8e1\" data-element_type=\"widget\" data-e-type=\"widget\" data-widget_type=\"icon.default\">\n\t\t\t\t<div class=\"elementor-widget-container\">\n\t\t\t\t\t\t\t<div class=\"elementor-icon-wrapper\">\n\t\t\t<div class=\"elementor-icon\">\n\t\t\t<i aria-hidden=\"true\" class=\"fas fa-star\"><\/i>\t\t\t<\/div>\n\t\t<\/div>\n\t\t\t\t\t\t<\/div>\n\t\t\t\t<\/div>\n\t\t\t\t<div class=\"elementor-element elementor-element-078bf92 elementor-widget__width-auto elementor-view-default elementor-widget elementor-widget-icon\" data-id=\"078bf92\" data-element_type=\"widget\" data-e-type=\"widget\" data-widget_type=\"icon.default\">\n\t\t\t\t<div class=\"elementor-widget-container\">\n\t\t\t\t\t\t\t<div class=\"elementor-icon-wrapper\">\n\t\t\t<div class=\"elementor-icon\">\n\t\t\t<i aria-hidden=\"true\" class=\"fas fa-star\"><\/i>\t\t\t<\/div>\n\t\t<\/div>\n\t\t\t\t\t\t<\/div>\n\t\t\t\t<\/div>\n\t\t\t\t\t<\/div>\n\t\t<\/div>\n\t\t\t\t\t<\/div>\n\t\t<\/section>\n\t\t\t\t<div class=\"elementor-element elementor-element-e6ae547 elementor-widget elementor-widget-heading\" data-id=\"e6ae547\" data-element_type=\"widget\" data-e-type=\"widget\" data-widget_type=\"heading.default\">\n\t\t\t\t<div class=\"elementor-widget-container\">\n\t\t\t\t\t<h1 class=\"elementor-heading-title elementor-size-default\">Baderegeln<\/h1>\t\t\t\t<\/div>\n\t\t\t\t<\/div>\n\t\t\t\t<div class=\"elementor-element elementor-element-f5548c2 elementor-align-center elementor-widget elementor-widget-breadcrumbs\" data-id=\"f5548c2\" data-element_type=\"widget\" data-e-type=\"widget\" data-widget_type=\"breadcrumbs.default\">\n\t\t\t\t<div class=\"elementor-widget-container\">\n\t\t\t\t\t<p id=\"breadcrumbs\"><span><span><a href=\"https:\/\/jambo.dk\/de\/titelseite\">Home<\/a><\/span><\/span><\/p>\t\t\t\t<\/div>\n\t\t\t\t<\/div>\n\t\t\t\t\t<\/div>\n\t\t<\/div>\n\t\t\t\t\t<\/div>\n\t\t<\/section>\n\t\t\t\t<section class=\"elementor-section elementor-top-section elementor-element elementor-element-fa54390 elementor-section-boxed elementor-section-height-default elementor-section-height-default\" data-id=\"fa54390\" data-element_type=\"section\" data-e-type=\"section\">\n\t\t\t\t\t\t<div class=\"elementor-container elementor-column-gap-default\">\n\t\t\t\t\t<div class=\"elementor-column elementor-col-50 elementor-top-column elementor-element elementor-element-2357982\" data-id=\"2357982\" data-element_type=\"column\" data-e-type=\"column\" data-settings=\"{&quot;background_background&quot;:&quot;classic&quot;}\">\n\t\t\t<div class=\"elementor-widget-wrap elementor-element-populated\">\n\t\t\t\t\t\t<div class=\"elementor-element elementor-element-7e31662 elementor-drop-cap-yes elementor-drop-cap-view-default elementor-widget elementor-widget-text-editor\" data-id=\"7e31662\" data-element_type=\"widget\" data-e-type=\"widget\" data-settings=\"{&quot;drop_cap&quot;:&quot;yes&quot;}\" data-widget_type=\"text-editor.default\">\n\t\t\t\t<div class=\"elementor-widget-container\">\n\t\t\t\t\t\t\t\t\t<p>1 Das Schwimmbad von Jambo ist mit einem extragro\u00dfen Filtersystem und einer automatischen Dosierung von Chlor ausgestattet. Je besser sich die G\u00e4ste waschen, desto weniger Chlor m\u00fcssen wir zugeben.<\/p>\n<p>Chlor kann die Augen und Schleimh\u00e4ute reizen, also je besser man sich w\u00e4scht, desto besser wird die Wasserqualit\u00e4t zum Wohle aller. Damit alle sicher in unserem Schwimmbad schwimmen k\u00f6nnen, bitten wir Sie, ein paar Hygieneregeln zu beachten.<\/p>\n<p>Sollte im Schwimmbad ein Unfall passieren, bitten wir Sie, uns in der Information zu kontaktieren, damit wir uns darum k\u00fcmmern k\u00f6nnen.<\/p>\n<p>Wenn Sie an Infektionskrankheiten (Durchfallerkrankungen, Erk\u00e4ltungen, Halsschmerzen, Augen-, Ohren- und Hautinfektionen) leiden, d\u00fcrfen Sie dann nicht im Schwimmbad schwimmen.<\/p>\n\t\t\t\t\t\t\t\t<\/div>\n\t\t\t\t<\/div>\n\t\t\t\t\t<\/div>\n\t\t<\/div>\n\t\t\t\t<div class=\"elementor-column elementor-col-50 elementor-top-column elementor-element elementor-element-dd2de60 elementor-hidden-mobile\" data-id=\"dd2de60\" data-element_type=\"column\" data-e-type=\"column\">\n\t\t\t<div class=\"elementor-widget-wrap elementor-element-populated\">\n\t\t\t\t\t\t<div class=\"elementor-element elementor-element-49ab8fc elementor-widget elementor-widget-image\" data-id=\"49ab8fc\" data-element_type=\"widget\" data-e-type=\"widget\" data-widget_type=\"image.default\">\n\t\t\t\t<div class=\"elementor-widget-container\">\n\t\t\t\t\t\t\t\t\t\t\t\t\t\t\t<img fetchpriority=\"high\" decoding=\"async\" width=\"768\" height=\"510\" src=\"https:\/\/jambo.dk\/wp-content\/uploads\/2022\/04\/629c1545aeff4481519dd0787ff3d428-768x510.jpeg\" class=\"attachment-medium_large size-medium_large wp-image-2060\" alt=\"Swimmingpool for hele familie\" srcset=\"https:\/\/jambo.dk\/wp-content\/uploads\/2022\/04\/629c1545aeff4481519dd0787ff3d428-768x510.jpeg 768w, https:\/\/jambo.dk\/wp-content\/uploads\/2022\/04\/629c1545aeff4481519dd0787ff3d428-300x199.jpeg 300w, https:\/\/jambo.dk\/wp-content\/uploads\/2022\/04\/629c1545aeff4481519dd0787ff3d428.jpeg 960w\" sizes=\"(max-width: 768px) 100vw, 768px\" \/>\t\t\t\t\t\t\t\t\t\t\t\t\t\t\t<\/div>\n\t\t\t\t<\/div>\n\t\t\t\t\t<\/div>\n\t\t<\/div>\n\t\t\t\t\t<\/div>\n\t\t<\/section>\n\t\t\t\t<section class=\"elementor-section elementor-top-section elementor-element elementor-element-fcdc767 elementor-section-boxed elementor-section-height-default elementor-section-height-default\" data-id=\"fcdc767\" data-element_type=\"section\" data-e-type=\"section\">\n\t\t\t\t\t\t<div class=\"elementor-container elementor-column-gap-default\">\n\t\t\t\t\t<div class=\"elementor-column elementor-col-50 elementor-top-column elementor-element elementor-element-686430c elementor-hidden-mobile\" data-id=\"686430c\" data-element_type=\"column\" data-e-type=\"column\">\n\t\t\t<div class=\"elementor-widget-wrap elementor-element-populated\">\n\t\t\t\t\t\t<div class=\"elementor-element elementor-element-516338f elementor-widget elementor-widget-image\" data-id=\"516338f\" data-element_type=\"widget\" data-e-type=\"widget\" data-widget_type=\"image.default\">\n\t\t\t\t<div class=\"elementor-widget-container\">\n\t\t\t\t\t\t\t\t\t\t\t\t\t\t\t<img decoding=\"async\" width=\"768\" height=\"510\" src=\"https:\/\/jambo.dk\/wp-content\/uploads\/2022\/04\/005b20aeb272dee56d442b4bf332a2a7-768x510.jpeg\" class=\"attachment-medium_large size-medium_large wp-image-2048\" alt=\"Jacuzzi med plads til 8\" srcset=\"https:\/\/jambo.dk\/wp-content\/uploads\/2022\/04\/005b20aeb272dee56d442b4bf332a2a7-768x510.jpeg 768w, https:\/\/jambo.dk\/wp-content\/uploads\/2022\/04\/005b20aeb272dee56d442b4bf332a2a7-300x199.jpeg 300w, https:\/\/jambo.dk\/wp-content\/uploads\/2022\/04\/005b20aeb272dee56d442b4bf332a2a7.jpeg 960w\" sizes=\"(max-width: 768px) 100vw, 768px\" \/>\t\t\t\t\t\t\t\t\t\t\t\t\t\t\t<\/div>\n\t\t\t\t<\/div>\n\t\t\t\t\t<\/div>\n\t\t<\/div>\n\t\t\t\t<div class=\"elementor-column elementor-col-50 elementor-top-column elementor-element elementor-element-7055fc6\" data-id=\"7055fc6\" data-element_type=\"column\" data-e-type=\"column\" data-settings=\"{&quot;background_background&quot;:&quot;classic&quot;}\">\n\t\t\t<div class=\"elementor-widget-wrap elementor-element-populated\">\n\t\t\t\t\t\t<div class=\"elementor-element elementor-element-7a14b9e elementor-drop-cap-yes elementor-drop-cap-view-default elementor-widget elementor-widget-text-editor\" data-id=\"7a14b9e\" data-element_type=\"widget\" data-e-type=\"widget\" data-settings=\"{&quot;drop_cap&quot;:&quot;yes&quot;}\" data-widget_type=\"text-editor.default\">\n\t\t\t\t<div class=\"elementor-widget-container\">\n\t\t\t\t\t\t\t\t\t<p>2 Bevor Sie ins Schwimmbad springen, ist es wichtig, dass Sie sich gut gewaschen haben <span style=\"text-decoration: underline;\">uohne Badebekleidung<\/span>.<\/p>\n<p>Waschen Sie das Haar, es kann fettig sein und alle Haarprodukte m\u00fcssen ausgewaschen werden. <span style=\"color: var( --e-global-color-text ); font-family: var( --e-global-typography-text-font-family ), Sans-serif; font-weight: var( --e-global-typography-text-font-weight ); font-size: 1rem;\">Waschen Sie den K\u00f6rper gr\u00fcndlich und achten Sie besonders auf Achseln, F\u00fc\u00dfe usw.<\/span><\/p>\n<p><span style=\"color: var( --e-global-color-text ); font-family: var( --e-global-typography-text-font-family ), Sans-serif; font-weight: var( --e-global-typography-text-font-weight ); font-size: 1rem;\">Achte darauf, dass du vor dem Baden auf die Toilette gehst. Nach jedem Toilettengang ist es wichtig, dass Sie sich gr\u00fcndlich waschen, bevor Sie wieder ins Schwimmbecken springen.<\/span><\/p>\n<p>Im Interesse der anderen Badeg\u00e4ste m\u00fcssen kleine Kinder eine Windel benutzen, um Unf\u00e4lle im Wasser zu vermeiden.<\/p>\n<p>Kleinere Kinder m\u00fcssen von Erwachsenen begleitet werden. Hunde sind im Schwimmbadbereich nicht erlaubt.<\/p>\n\t\t\t\t\t\t\t\t<\/div>\n\t\t\t\t<\/div>\n\t\t\t\t\t<\/div>\n\t\t<\/div>\n\t\t\t\t\t<\/div>\n\t\t<\/section>\n\t\t\t\t<section class=\"elementor-section elementor-top-section elementor-element elementor-element-127a9be elementor-section-boxed elementor-section-height-default elementor-section-height-default\" data-id=\"127a9be\" data-element_type=\"section\" data-e-type=\"section\">\n\t\t\t\t\t\t<div class=\"elementor-container elementor-column-gap-default\">\n\t\t\t\t\t<div class=\"elementor-column elementor-col-50 elementor-top-column elementor-element elementor-element-78d4ff9\" data-id=\"78d4ff9\" data-element_type=\"column\" data-e-type=\"column\" data-settings=\"{&quot;background_background&quot;:&quot;classic&quot;}\">\n\t\t\t<div class=\"elementor-widget-wrap elementor-element-populated\">\n\t\t\t\t\t\t<div class=\"elementor-element elementor-element-ff0e64d elementor-drop-cap-yes elementor-drop-cap-view-default elementor-widget elementor-widget-text-editor\" data-id=\"ff0e64d\" data-element_type=\"widget\" data-e-type=\"widget\" data-settings=\"{&quot;drop_cap&quot;:&quot;yes&quot;}\" data-widget_type=\"text-editor.default\">\n\t\t\t\t<div class=\"elementor-widget-container\">\n\t\t\t\t\t\t\t\t\t<p>3 In einem Whirlpool befinden sich viele Menschen in einer kleinen Wassermenge. Au\u00dferdem ist das Wasser w\u00e4rmer.<\/p>\n<p>Damit das Wasser immer sauber und badesicher ist, darf nur gebadet werden, wenn es Blasen im Wasser gibt. Wenn es keine Blasen gibt, wird das Wasser gereinigt und gefiltert, sodass es f\u00fcr die n\u00e4chste Ladung Badeg\u00e4ste bereit ist. <span style=\"color: var( --e-global-color-text ); font-family: var( --e-global-typography-text-font-family ), Sans-serif; font-weight: var( --e-global-typography-text-font-weight ); background-color: var( --e-global-color-9a46ce1 ); font-size: 1rem;\">Speisen und Getr\u00e4nke d\u00fcrfen nicht ins Badewasser mitgebracht werden.<\/span><\/p>\n\t\t\t\t\t\t\t\t<\/div>\n\t\t\t\t<\/div>\n\t\t\t\t<div class=\"elementor-element elementor-element-2869148 elementor-drop-cap-yes elementor-drop-cap-view-default elementor-widget elementor-widget-text-editor\" data-id=\"2869148\" data-element_type=\"widget\" data-e-type=\"widget\" data-settings=\"{&quot;drop_cap&quot;:&quot;yes&quot;}\" data-widget_type=\"text-editor.default\">\n\t\t\t\t<div class=\"elementor-widget-container\">\n\t\t\t\t\t\t\t\t\t<p>4 Wenn Sie mit dem Baden fertig sind, sollten Sie duschen, um das gechlorte Wasser abzuwaschen. Die nasse Badebekleidung sollte nach dem Baden nicht lange getragen werden.<\/p>\n\t\t\t\t\t\t\t\t<\/div>\n\t\t\t\t<\/div>\n\t\t\t\t<div class=\"elementor-element elementor-element-a01998c elementor-drop-cap-yes elementor-drop-cap-view-default elementor-widget elementor-widget-text-editor\" data-id=\"a01998c\" data-element_type=\"widget\" data-e-type=\"widget\" data-settings=\"{&quot;drop_cap&quot;:&quot;yes&quot;}\" data-widget_type=\"text-editor.default\">\n\t\t\t\t<div class=\"elementor-widget-container\">\n\t\t\t\t\t\t\t\t\t<p>5 Nehmen Sie R\u00fccksicht auf die anderen Badeg\u00e4ste.<\/p>\n\t\t\t\t\t\t\t\t<\/div>\n\t\t\t\t<\/div>\n\t\t\t\t\t<\/div>\n\t\t<\/div>\n\t\t\t\t<div class=\"elementor-column elementor-col-50 elementor-top-column elementor-element elementor-element-5c9c2cc elementor-hidden-mobile\" data-id=\"5c9c2cc\" data-element_type=\"column\" data-e-type=\"column\">\n\t\t\t<div class=\"elementor-widget-wrap elementor-element-populated\">\n\t\t\t\t\t\t<div class=\"elementor-element elementor-element-ea45354 elementor-widget elementor-widget-image\" data-id=\"ea45354\" data-element_type=\"widget\" data-e-type=\"widget\" data-widget_type=\"image.default\">\n\t\t\t\t<div class=\"elementor-widget-container\">\n\t\t\t\t\t\t\t\t\t\t\t\t\t\t\t<img decoding=\"async\" width=\"633\" height=\"603\" src=\"https:\/\/jambo.dk\/wp-content\/uploads\/2022\/08\/67780323_2535964153129418_2633029675042996224_n.png\" class=\"attachment-medium_large size-medium_large wp-image-5212\" alt=\"\" \/>\t\t\t\t\t\t\t\t\t\t\t\t\t\t\t<\/div>\n\t\t\t\t<\/div>\n\t\t\t\t\t<\/div>\n\t\t<\/div>\n\t\t\t\t\t<\/div>\n\t\t<\/section>\n\t\t\t\t<\/div>\n\t\t","protected":false},"excerpt":{"rendered":"<p>1 Das Schwimmbad von Jambo ist mit einem extragro\u00dfen Filtersystem und einer automatischen Dosierung von Chlor ausgestattet. Je besser sich die G\u00e4ste waschen, desto weniger Chlor m\u00fcssen wir zugeben. Chlor kann die Augen und Schleimh\u00e4ute reizen, also je besser man sich w\u00e4scht, desto besser wird die Wasserqualit\u00e4t zum Wohle aller. Damit alle sicher in unserem [&hellip;]<\/p>\n","protected":false},"author":1,"featured_media":0,"parent":0,"menu_order":0,"comment_status":"closed","ping_status":"closed","template":"","meta":{"_acf_changed":false,"footnotes":""},"class_list":["post-8469","page","type-page","status-publish","hentry"],"acf":[],"yoast_head":"<!-- This site is optimized with the Yoast SEO plugin v27.4 - https:\/\/yoast.com\/product\/yoast-seo-wordpress\/ -->\n<title>Baderegeln - jambo feriepark<\/title>\n<meta name=\"robots\" content=\"noindex, nofollow\" \/>\n<meta property=\"og:locale\" content=\"de_DE\" \/>\n<meta property=\"og:type\" content=\"article\" \/>\n<meta property=\"og:title\" content=\"Baderegeln - jambo feriepark\" \/>\n<meta property=\"og:description\" content=\"1 Das Schwimmbad von Jambo ist mit einem extragro\u00dfen Filtersystem und einer automatischen Dosierung von Chlor ausgestattet. Je besser sich die G\u00e4ste waschen, desto weniger Chlor m\u00fcssen wir zugeben. Chlor kann die Augen und Schleimh\u00e4ute reizen, also je besser man sich w\u00e4scht, desto besser wird die Wasserqualit\u00e4t zum Wohle aller. Damit alle sicher in unserem [&hellip;]\" \/>\n<meta property=\"og:url\" content=\"https:\/\/jambo.dk\/de\/baderegeln\" \/>\n<meta property=\"og:site_name\" content=\"jambo feriepark\" \/>\n<meta property=\"article:publisher\" content=\"https:\/\/www.facebook.com\/feriepark\/\" \/>\n<meta property=\"article:modified_time\" content=\"2024-07-31T15:05:40+00:00\" \/>\n<meta property=\"og:image\" content=\"https:\/\/jambo.dk\/wp-content\/uploads\/2022\/04\/629c1545aeff4481519dd0787ff3d428-768x510.jpeg\" \/>\n<meta name=\"twitter:card\" content=\"summary_large_image\" \/>\n<meta name=\"twitter:label1\" content=\"Gesch\u00e4tzte Lesezeit\" \/>\n\t<meta name=\"twitter:data1\" content=\"3\u00a0Minuten\" \/>\n<script type=\"application\/ld+json\" class=\"yoast-schema-graph\">{\"@context\":\"https:\\\/\\\/schema.org\",\"@graph\":[{\"@type\":\"WebPage\",\"@id\":\"https:\\\/\\\/jambo.dk\\\/de\\\/baderegeln\",\"url\":\"https:\\\/\\\/jambo.dk\\\/de\\\/baderegeln\",\"name\":\"Baderegeln - jambo feriepark\",\"isPartOf\":{\"@id\":\"https:\\\/\\\/jambo.dk\\\/de#website\"},\"primaryImageOfPage\":{\"@id\":\"https:\\\/\\\/jambo.dk\\\/de\\\/baderegeln#primaryimage\"},\"image\":{\"@id\":\"https:\\\/\\\/jambo.dk\\\/de\\\/baderegeln#primaryimage\"},\"thumbnailUrl\":\"https:\\\/\\\/jambo.dk\\\/wp-content\\\/uploads\\\/2022\\\/04\\\/629c1545aeff4481519dd0787ff3d428-768x510.jpeg\",\"datePublished\":\"2022-09-08T08:05:39+00:00\",\"dateModified\":\"2024-07-31T15:05:40+00:00\",\"breadcrumb\":{\"@id\":\"https:\\\/\\\/jambo.dk\\\/de\\\/baderegeln#breadcrumb\"},\"inLanguage\":\"de\",\"potentialAction\":[{\"@type\":\"ReadAction\",\"target\":[\"https:\\\/\\\/jambo.dk\\\/de\\\/baderegeln\"]}]},{\"@type\":\"ImageObject\",\"inLanguage\":\"de\",\"@id\":\"https:\\\/\\\/jambo.dk\\\/de\\\/baderegeln#primaryimage\",\"url\":\"https:\\\/\\\/jambo.dk\\\/wp-content\\\/uploads\\\/2022\\\/04\\\/629c1545aeff4481519dd0787ff3d428-768x510.jpeg\",\"contentUrl\":\"https:\\\/\\\/jambo.dk\\\/wp-content\\\/uploads\\\/2022\\\/04\\\/629c1545aeff4481519dd0787ff3d428-768x510.jpeg\"},{\"@type\":\"BreadcrumbList\",\"@id\":\"https:\\\/\\\/jambo.dk\\\/de\\\/baderegeln#breadcrumb\",\"itemListElement\":[{\"@type\":\"ListItem\",\"position\":1,\"name\":\"Home\",\"item\":\"https:\\\/\\\/jambo.dk\\\/de\\\/titelseite\"},{\"@type\":\"ListItem\",\"position\":2,\"name\":\"Baderegeln\"}]},{\"@type\":\"WebSite\",\"@id\":\"https:\\\/\\\/jambo.dk\\\/de#website\",\"url\":\"https:\\\/\\\/jambo.dk\\\/de\",\"name\":\"jambo feriepark\",\"description\":\"5 stjerners campingplads\",\"publisher\":{\"@id\":\"https:\\\/\\\/jambo.dk\\\/de#organization\"},\"potentialAction\":[{\"@type\":\"SearchAction\",\"target\":{\"@type\":\"EntryPoint\",\"urlTemplate\":\"https:\\\/\\\/jambo.dk\\\/de?s={search_term_string}\"},\"query-input\":{\"@type\":\"PropertyValueSpecification\",\"valueRequired\":true,\"valueName\":\"search_term_string\"}}],\"inLanguage\":\"de\"},{\"@type\":\"Organization\",\"@id\":\"https:\\\/\\\/jambo.dk\\\/de#organization\",\"name\":\"Jambo Feriepark A\\\/S\",\"url\":\"https:\\\/\\\/jambo.dk\\\/de\",\"logo\":{\"@type\":\"ImageObject\",\"inLanguage\":\"de\",\"@id\":\"https:\\\/\\\/jambo.dk\\\/de#\\\/schema\\\/logo\\\/image\\\/\",\"url\":\"https:\\\/\\\/jambo.dk\\\/wp-content\\\/uploads\\\/2022\\\/03\\\/logo.png\",\"contentUrl\":\"https:\\\/\\\/jambo.dk\\\/wp-content\\\/uploads\\\/2022\\\/03\\\/logo.png\",\"width\":457,\"height\":196,\"caption\":\"Jambo Feriepark A\\\/S\"},\"image\":{\"@id\":\"https:\\\/\\\/jambo.dk\\\/de#\\\/schema\\\/logo\\\/image\\\/\"},\"sameAs\":[\"https:\\\/\\\/www.facebook.com\\\/feriepark\\\/\"]}]}<\/script>\n<!-- \/ Yoast SEO plugin. -->","yoast_head_json":{"title":"Baderegeln - jambo feriepark","robots":{"index":"noindex","follow":"nofollow"},"og_locale":"de_DE","og_type":"article","og_title":"Baderegeln - jambo feriepark","og_description":"1 Das Schwimmbad von Jambo ist mit einem extragro\u00dfen Filtersystem und einer automatischen Dosierung von Chlor ausgestattet. Je besser sich die G\u00e4ste waschen, desto weniger Chlor m\u00fcssen wir zugeben. Chlor kann die Augen und Schleimh\u00e4ute reizen, also je besser man sich w\u00e4scht, desto besser wird die Wasserqualit\u00e4t zum Wohle aller. Damit alle sicher in unserem [&hellip;]","og_url":"https:\/\/jambo.dk\/de\/baderegeln","og_site_name":"jambo feriepark","article_publisher":"https:\/\/www.facebook.com\/feriepark\/","article_modified_time":"2024-07-31T15:05:40+00:00","og_image":[{"url":"https:\/\/jambo.dk\/wp-content\/uploads\/2022\/04\/629c1545aeff4481519dd0787ff3d428-768x510.jpeg","type":"","width":"","height":""}],"twitter_card":"summary_large_image","twitter_misc":{"Gesch\u00e4tzte Lesezeit":"3\u00a0Minuten"},"schema":{"@context":"https:\/\/schema.org","@graph":[{"@type":"WebPage","@id":"https:\/\/jambo.dk\/de\/baderegeln","url":"https:\/\/jambo.dk\/de\/baderegeln","name":"Baderegeln - jambo feriepark","isPartOf":{"@id":"https:\/\/jambo.dk\/de#website"},"primaryImageOfPage":{"@id":"https:\/\/jambo.dk\/de\/baderegeln#primaryimage"},"image":{"@id":"https:\/\/jambo.dk\/de\/baderegeln#primaryimage"},"thumbnailUrl":"https:\/\/jambo.dk\/wp-content\/uploads\/2022\/04\/629c1545aeff4481519dd0787ff3d428-768x510.jpeg","datePublished":"2022-09-08T08:05:39+00:00","dateModified":"2024-07-31T15:05:40+00:00","breadcrumb":{"@id":"https:\/\/jambo.dk\/de\/baderegeln#breadcrumb"},"inLanguage":"de","potentialAction":[{"@type":"ReadAction","target":["https:\/\/jambo.dk\/de\/baderegeln"]}]},{"@type":"ImageObject","inLanguage":"de","@id":"https:\/\/jambo.dk\/de\/baderegeln#primaryimage","url":"https:\/\/jambo.dk\/wp-content\/uploads\/2022\/04\/629c1545aeff4481519dd0787ff3d428-768x510.jpeg","contentUrl":"https:\/\/jambo.dk\/wp-content\/uploads\/2022\/04\/629c1545aeff4481519dd0787ff3d428-768x510.jpeg"},{"@type":"BreadcrumbList","@id":"https:\/\/jambo.dk\/de\/baderegeln#breadcrumb","itemListElement":[{"@type":"ListItem","position":1,"name":"Home","item":"https:\/\/jambo.dk\/de\/titelseite"},{"@type":"ListItem","position":2,"name":"Baderegeln"}]},{"@type":"WebSite","@id":"https:\/\/jambo.dk\/de#website","url":"https:\/\/jambo.dk\/de","name":"jambo feriepark","description":"5 stjerners campingplads","publisher":{"@id":"https:\/\/jambo.dk\/de#organization"},"potentialAction":[{"@type":"SearchAction","target":{"@type":"EntryPoint","urlTemplate":"https:\/\/jambo.dk\/de?s={search_term_string}"},"query-input":{"@type":"PropertyValueSpecification","valueRequired":true,"valueName":"search_term_string"}}],"inLanguage":"de"},{"@type":"Organization","@id":"https:\/\/jambo.dk\/de#organization","name":"Jambo Feriepark A\/S","url":"https:\/\/jambo.dk\/de","logo":{"@type":"ImageObject","inLanguage":"de","@id":"https:\/\/jambo.dk\/de#\/schema\/logo\/image\/","url":"https:\/\/jambo.dk\/wp-content\/uploads\/2022\/03\/logo.png","contentUrl":"https:\/\/jambo.dk\/wp-content\/uploads\/2022\/03\/logo.png","width":457,"height":196,"caption":"Jambo Feriepark A\/S"},"image":{"@id":"https:\/\/jambo.dk\/de#\/schema\/logo\/image\/"},"sameAs":["https:\/\/www.facebook.com\/feriepark\/"]}]}},"_links":{"self":[{"href":"https:\/\/jambo.dk\/de\/wp-json\/wp\/v2\/pages\/8469","targetHints":{"allow":["GET"]}}],"collection":[{"href":"https:\/\/jambo.dk\/de\/wp-json\/wp\/v2\/pages"}],"about":[{"href":"https:\/\/jambo.dk\/de\/wp-json\/wp\/v2\/types\/page"}],"author":[{"embeddable":true,"href":"https:\/\/jambo.dk\/de\/wp-json\/wp\/v2\/users\/1"}],"replies":[{"embeddable":true,"href":"https:\/\/jambo.dk\/de\/wp-json\/wp\/v2\/comments?post=8469"}],"version-history":[{"count":11,"href":"https:\/\/jambo.dk\/de\/wp-json\/wp\/v2\/pages\/8469\/revisions"}],"predecessor-version":[{"id":11782,"href":"https:\/\/jambo.dk\/de\/wp-json\/wp\/v2\/pages\/8469\/revisions\/11782"}],"wp:attachment":[{"href":"https:\/\/jambo.dk\/de\/wp-json\/wp\/v2\/media?parent=8469"}],"curies":[{"name":"wp","href":"https:\/\/api.w.org\/{rel}","templated":true}]}}