{"id":8698,"date":"2023-03-03T10:42:48","date_gmt":"2023-03-03T10:42:48","guid":{"rendered":"https:\/\/jambo.dk\/allgemeine-geschaeftsbedingungen"},"modified":"2024-10-19T19:34:01","modified_gmt":"2024-10-19T19:34:01","slug":"allgemeine-geschaeftsbedingungen","status":"publish","type":"page","link":"https:\/\/jambo.dk\/de\/allgemeine-geschaeftsbedingungen","title":{"rendered":"Allgemeine Gesch\u00e4ftsbedingungen"},"content":{"rendered":"\t\t<div data-elementor-type=\"wp-page\" data-elementor-id=\"8698\" class=\"elementor elementor-8698 elementor-7478\" data-elementor-post-type=\"page\">\n\t\t\t\t\t\t<section class=\"elementor-section elementor-top-section elementor-element elementor-element-cd05c91 elementor-section-boxed elementor-section-height-default elementor-section-height-default\" data-id=\"cd05c91\" data-element_type=\"section\" data-e-type=\"section\" data-settings=\"{&quot;background_background&quot;:&quot;classic&quot;}\">\n\t\t\t\t\t\t\t<div class=\"elementor-background-overlay\"><\/div>\n\t\t\t\t\t\t\t<div class=\"elementor-container elementor-column-gap-default\">\n\t\t\t\t\t<div class=\"elementor-column elementor-col-100 elementor-top-column elementor-element elementor-element-e6af377\" data-id=\"e6af377\" data-element_type=\"column\" data-e-type=\"column\">\n\t\t\t<div class=\"elementor-widget-wrap elementor-element-populated\">\n\t\t\t\t\t\t<section class=\"elementor-section elementor-inner-section elementor-element elementor-element-0f212c4 elementor-section-content-middle elementor-section-boxed elementor-section-height-default elementor-section-height-default\" data-id=\"0f212c4\" data-element_type=\"section\" data-e-type=\"section\">\n\t\t\t\t\t\t<div class=\"elementor-container elementor-column-gap-default\">\n\t\t\t\t\t<div class=\"elementor-column elementor-col-100 elementor-inner-column elementor-element elementor-element-e43d121\" data-id=\"e43d121\" data-element_type=\"column\" data-e-type=\"column\">\n\t\t\t<div class=\"elementor-widget-wrap elementor-element-populated\">\n\t\t\t\t\t\t<div class=\"elementor-element elementor-element-842cead elementor-widget__width-auto elementor-view-default elementor-widget elementor-widget-icon\" data-id=\"842cead\" data-element_type=\"widget\" data-e-type=\"widget\" data-widget_type=\"icon.default\">\n\t\t\t\t<div class=\"elementor-widget-container\">\n\t\t\t\t\t\t\t<div class=\"elementor-icon-wrapper\">\n\t\t\t<div class=\"elementor-icon\">\n\t\t\t<i aria-hidden=\"true\" class=\"fas fa-star\"><\/i>\t\t\t<\/div>\n\t\t<\/div>\n\t\t\t\t\t\t<\/div>\n\t\t\t\t<\/div>\n\t\t\t\t<div class=\"elementor-element elementor-element-4d04b25 elementor-widget__width-auto elementor-view-default elementor-widget elementor-widget-icon\" data-id=\"4d04b25\" data-element_type=\"widget\" data-e-type=\"widget\" data-widget_type=\"icon.default\">\n\t\t\t\t<div class=\"elementor-widget-container\">\n\t\t\t\t\t\t\t<div class=\"elementor-icon-wrapper\">\n\t\t\t<div class=\"elementor-icon\">\n\t\t\t<i aria-hidden=\"true\" class=\"fas fa-star\"><\/i>\t\t\t<\/div>\n\t\t<\/div>\n\t\t\t\t\t\t<\/div>\n\t\t\t\t<\/div>\n\t\t\t\t<div class=\"elementor-element elementor-element-496ff10 elementor-widget__width-auto elementor-view-default elementor-widget elementor-widget-icon\" data-id=\"496ff10\" data-element_type=\"widget\" data-e-type=\"widget\" data-widget_type=\"icon.default\">\n\t\t\t\t<div class=\"elementor-widget-container\">\n\t\t\t\t\t\t\t<div class=\"elementor-icon-wrapper\">\n\t\t\t<div class=\"elementor-icon\">\n\t\t\t<i aria-hidden=\"true\" class=\"fas fa-star\"><\/i>\t\t\t<\/div>\n\t\t<\/div>\n\t\t\t\t\t\t<\/div>\n\t\t\t\t<\/div>\n\t\t\t\t<div class=\"elementor-element elementor-element-dba597b elementor-widget__width-auto elementor-view-default elementor-widget elementor-widget-icon\" data-id=\"dba597b\" data-element_type=\"widget\" data-e-type=\"widget\" data-widget_type=\"icon.default\">\n\t\t\t\t<div class=\"elementor-widget-container\">\n\t\t\t\t\t\t\t<div class=\"elementor-icon-wrapper\">\n\t\t\t<div class=\"elementor-icon\">\n\t\t\t<i aria-hidden=\"true\" class=\"fas fa-star\"><\/i>\t\t\t<\/div>\n\t\t<\/div>\n\t\t\t\t\t\t<\/div>\n\t\t\t\t<\/div>\n\t\t\t\t<div class=\"elementor-element elementor-element-627d7de elementor-widget__width-auto elementor-view-default elementor-widget elementor-widget-icon\" data-id=\"627d7de\" data-element_type=\"widget\" data-e-type=\"widget\" data-widget_type=\"icon.default\">\n\t\t\t\t<div class=\"elementor-widget-container\">\n\t\t\t\t\t\t\t<div class=\"elementor-icon-wrapper\">\n\t\t\t<div class=\"elementor-icon\">\n\t\t\t<i aria-hidden=\"true\" class=\"fas fa-star\"><\/i>\t\t\t<\/div>\n\t\t<\/div>\n\t\t\t\t\t\t<\/div>\n\t\t\t\t<\/div>\n\t\t\t\t\t<\/div>\n\t\t<\/div>\n\t\t\t\t\t<\/div>\n\t\t<\/section>\n\t\t\t\t<div class=\"elementor-element elementor-element-1395775 elementor-widget elementor-widget-heading\" data-id=\"1395775\" data-element_type=\"widget\" data-e-type=\"widget\" data-widget_type=\"heading.default\">\n\t\t\t\t<div class=\"elementor-widget-container\">\n\t\t\t\t\t<h1 class=\"elementor-heading-title elementor-size-default\">Allgemeine Gesch\u00e4ftsbedingungen<\/h1>\t\t\t\t<\/div>\n\t\t\t\t<\/div>\n\t\t\t\t<div class=\"elementor-element elementor-element-7e995e1 elementor-align-center elementor-widget elementor-widget-breadcrumbs\" data-id=\"7e995e1\" data-element_type=\"widget\" data-e-type=\"widget\" data-widget_type=\"breadcrumbs.default\">\n\t\t\t\t<div class=\"elementor-widget-container\">\n\t\t\t\t\t<p id=\"breadcrumbs\"><span><span><a href=\"https:\/\/jambo.dk\/de\/titelseite\">Home<\/a><\/span><\/span><\/p>\t\t\t\t<\/div>\n\t\t\t\t<\/div>\n\t\t\t\t\t<\/div>\n\t\t<\/div>\n\t\t\t\t\t<\/div>\n\t\t<\/section>\n\t\t\t\t<section class=\"elementor-section elementor-top-section elementor-element elementor-element-399a13b elementor-section-boxed elementor-section-height-default elementor-section-height-default\" data-id=\"399a13b\" data-element_type=\"section\" data-e-type=\"section\">\n\t\t\t\t\t\t<div class=\"elementor-container elementor-column-gap-default\">\n\t\t\t\t\t<div class=\"elementor-column elementor-col-33 elementor-top-column elementor-element elementor-element-0d0eed9\" data-id=\"0d0eed9\" data-element_type=\"column\" data-e-type=\"column\">\n\t\t\t<div class=\"elementor-widget-wrap elementor-element-populated\">\n\t\t\t\t\t\t<div class=\"elementor-element elementor-element-ca5d9ec elementor-widget__width-initial elementor-toc--minimized-on-tablet elementor-widget elementor-widget-table-of-contents\" data-id=\"ca5d9ec\" data-element_type=\"widget\" data-e-type=\"widget\" data-settings=\"{&quot;headings_by_tags&quot;:[&quot;h2&quot;,&quot;h4&quot;,&quot;h5&quot;,&quot;h6&quot;],&quot;exclude_headings_by_selector&quot;:[],&quot;marker_view&quot;:&quot;bullets&quot;,&quot;icon&quot;:{&quot;value&quot;:&quot;&quot;,&quot;library&quot;:&quot;&quot;},&quot;no_headings_message&quot;:&quot;Es wurden keine \\u00dcberschriften auf dieser Seite gefunden.&quot;,&quot;minimize_box&quot;:&quot;yes&quot;,&quot;minimized_on&quot;:&quot;tablet&quot;,&quot;hierarchical_view&quot;:&quot;yes&quot;,&quot;min_height&quot;:{&quot;unit&quot;:&quot;px&quot;,&quot;size&quot;:&quot;&quot;,&quot;sizes&quot;:[]},&quot;min_height_tablet&quot;:{&quot;unit&quot;:&quot;px&quot;,&quot;size&quot;:&quot;&quot;,&quot;sizes&quot;:[]},&quot;min_height_mobile&quot;:{&quot;unit&quot;:&quot;px&quot;,&quot;size&quot;:&quot;&quot;,&quot;sizes&quot;:[]}}\" data-widget_type=\"table-of-contents.default\">\n\t\t\t\t<div class=\"elementor-widget-container\">\n\t\t\t\t\t\t\t\t\t<div class=\"elementor-toc__header\">\n\t\t\t\t\t\t<h4 class=\"elementor-toc__header-title\">\n\t\t\t\tAllgemeine Gesch\u00e4ftsbedingungen\t\t\t<\/h4>\n\t\t\t\t\t\t\t\t\t\t<div class=\"elementor-toc__toggle-button elementor-toc__toggle-button--expand\" role=\"button\" tabindex=\"0\" aria-controls=\"elementor-toc__ca5d9ec\" aria-expanded=\"true\" aria-label=\"Inhaltsverzeichnis \u00f6ffnen\"><i aria-hidden=\"true\" class=\"fas fa-chevron-down\"><\/i><\/div>\n\t\t\t\t<div class=\"elementor-toc__toggle-button elementor-toc__toggle-button--collapse\" role=\"button\" tabindex=\"0\" aria-controls=\"elementor-toc__ca5d9ec\" aria-expanded=\"true\" aria-label=\"Inhaltsverzeichnis schlie\u00dfen\"><i aria-hidden=\"true\" class=\"fas fa-chevron-up\"><\/i><\/div>\n\t\t\t\t\t<\/div>\n\t\t\t\t<div id=\"elementor-toc__ca5d9ec\" class=\"elementor-toc__body\">\n\t\t\t<div class=\"elementor-toc__spinner-container\">\n\t\t\t\t<i class=\"elementor-toc__spinner eicon-animation-spin eicon-loading\" aria-hidden=\"true\"><\/i>\t\t\t<\/div>\n\t\t<\/div>\n\t\t\t\t\t\t<\/div>\n\t\t\t\t<\/div>\n\t\t\t\t\t<\/div>\n\t\t<\/div>\n\t\t\t\t<div class=\"elementor-column elementor-col-66 elementor-top-column elementor-element elementor-element-74cd545\" data-id=\"74cd545\" data-element_type=\"column\" data-e-type=\"column\">\n\t\t\t<div class=\"elementor-widget-wrap elementor-element-populated\">\n\t\t\t\t\t\t<div class=\"elementor-element elementor-element-827d31f elementor-widget elementor-widget-text-editor\" data-id=\"827d31f\" data-element_type=\"widget\" data-e-type=\"widget\" data-widget_type=\"text-editor.default\">\n\t\t\t\t<div class=\"elementor-widget-container\">\n\t\t\t\t\t\t\t\t\t<h3>Jambo Feriepark A\/S<\/h3>\n<h3>Solvejen 60<\/h3>\n<h3>DK-9493 Saltum<\/h3>\n<h3>CVR-Nr. 25472489<\/h3>\n<p>Hier finden Sie unsere Allgemeinen Gesch\u00e4ftsbedingungen. Wenn Sie bei Jambo Feriepark A\/S buchen, akzeptieren Sie unsere Allgemeinen Gesch\u00e4ftsbedingungen. Wenn Sie unsere Datenschutzrichtlinie lesen m\u00f6chten, klicken Sie <a href=\"https:\/\/jambo.dk\/de\/datenschutzrichtlinie\" target=\"_blank\" rel=\"noopener\">hier<\/a>.<\/p>\n<h2>Bestellung<\/h2>\n<p>Sie k\u00f6nnen einen Aufenthalt im Jambo Feriepark telefonisch, per E-Mail und unter <a href=\"https:\/\/jambo.dk\/de\">jambo.dk<\/a> buchen. Alle Preise sind in d\u00e4nischen Kronen inklusive 25 % d\u00e4nischer Mehrwertsteuer angegeben. Wir berechnen den zum Zeitpunkt der Bestellung g\u00fcltigen Preis. Die auf jambo.dk angegebenen Preise k\u00f6nnen im Zusammenhang mit Preis\u00e4nderungen von Lieferanten, Fehlern und \u00c4hnlichem ohne vorherige Ank\u00fcndigung angepasst werden. Jambo Feriepark A\/S beh\u00e4lt sich das Recht auf m\u00f6gliche Druckfehler, W\u00e4hrungs- und Steuer\u00e4nderungen sowie h\u00f6here Gewalt vor.<\/p>\n<h2>Zahlung<\/h2>\n<p>Jambo Feriepark A\/S bietet Zahlungen mit folgenden Kreditkarten an: VISA\/Dankort, Mastercard, Maestro, Diners Club (DK) und American Express. Sobald Sie Ihre Buchung abgeschlossen haben, wird der Betrag von NETS von Ihrem Konto abgebucht. Jambo Feriepark A\/S kann niemals einen gr\u00f6\u00dferen Betrag abheben, als Sie bei der Bestellung genehmigt haben. Daten, die Sie im Zusammenhang mit einem Kauf bei Jambo Feriepark A\/S eingeben, werden verschl\u00fcsselt. Nur NETS kann Ihre Kreditkartendaten lesen. Weder Jambo Feriepark A\/S noch Dritte haben Zugriff auf diese Daten. Wenn Sie nicht mit Kreditkarte bezahlen m\u00f6chten, k\u00f6nnen Sie nicht online buchen. Wenden Sie sich stattdessen an Jambo Feriepark A\/S per Telefon oder E-Mail.<\/p>\n<h2>Lieferung<\/h2>\n<p>Sobald Sie Ihre Buchung abgeschlossen haben, senden wir Ihnen eine Quittung und eine Buchungsbest\u00e4tigung per E-Mail. Sollten Sie keine E-Mail von uns erhalten, \u00fcberpr\u00fcfen Sie bitte Ihren Spam-Ordner. Wenn Sie einen Luxus-Wohnwagen oder eine Luxus-H\u00fctte gebucht haben, erhalten Sie einen Mietvertrag. Nach Erhalt der Buchungsbest\u00e4tigung bitten wir Sie zu pr\u00fcfen, ob alle Angaben mit Ihrer Buchung \u00fcbereinstimmen.<\/p>\n<h2>Widerrufs- und R\u00fcckerstattungsrecht<\/h2>\n<p>Jambo Feriepark A\/S gew\u00e4hrt ein 14-t\u00e4giges Widerrufsrecht f\u00fcr Buchungen, die mehr als 28 Tage vor Anreise erfolgen, auch wenn der Verkauf von \u00dcbernachtungsm\u00f6glichkeiten (z. B. Camping, H\u00fctten) nicht unter die Regelungen des Verbrauchervertragsgesetzes zum Widerrufsrecht f\u00e4llt. Gem\u00e4\u00df \u00a7 18 Abs. 2 Nr. 12 sind Dienstleistungen in Form von Beherbergungen ausgenommen. Nach Ablauf des Widerrufsrechts erstattet Jambo Feriepark A\/S im Falle einer Stornierung den gezahlten Betrag nicht zur\u00fcck, wenn kein Stornierungsschutz erworben wurde.<\/p>\n<h2>Stornoschutzes<\/h2>\n<p>Sie haben die M\u00f6glichkeit, einen zus\u00e4tzlichen Stornoschutz zu erwerben. Der Preis f\u00fcr den Stornoschutz ist abh\u00e4ngig von der Kategorie und wird pro gebuchte Einheit bezahlt. Es muss gleichzeitig mit dem Aufenthalt bestellt werden. F\u00fcr den Kauf eines Reiser\u00fccktrittsschutzes:<\/p>\n<p><em>Im Krankheitsfall:<\/em><\/p>\n<ul>\n<li>Der Schutz gilt bis 12 Uhr am Tag vor der Anreise<\/li>\n<li>Gegen Vorlage eines \u00e4rztlichen Attests erhalten Sie den vollen Betrag, ausgenommen den Betrag f\u00fcr den Reiser\u00fccktrittsschutz, zur\u00fcckerstattet<\/li>\n<li>Wenn Sie mehrere Einheiten gebucht haben, gilt der Stornoschutz nur f\u00fcr die Einheit, in der die erkrankte Person eigentlich \u00fcbernachten sollte.<\/li>\n<\/ul>\n<p><em>Sonstige Stornierungen (keine Krankheit):<\/em><\/p>\n<ul>\n<li>Bei einer Stornierung mehr als 60 Tage vor Anreise erstattet Jambo Feriepark A\/S den vollen Betrag abz\u00fcglich des Betrags f\u00fcr den Stornoschutz und einer Bearbeitungsgeb\u00fchr von 500 DKK<\/li>\n<li>Bei einer Stornierung 60-30 Tage vor Anreise erhalten Sie 50 % des Aufenthaltspreises abz\u00fcglich des Betrags f\u00fcr den Stornoschutz zur\u00fcckerstattet<\/li>\n<li>Bei einer Stornierung weniger als 30 Tage vor Anreise erfolgt keine R\u00fcckerstattung.<\/li>\n<\/ul>\n<h2>Beschwerden und Einspr\u00fcche<\/h2>\n<p>Sollten w\u00e4hrend Ihres Aufenthalts Fehler und Auslassungen auftreten, m\u00fcssen Sie dies unverz\u00fcglich Jambo Feriepark A\/S pers\u00f6nlich, telefonisch oder per E-Mail melden. Jambo Feriepark A\/S wird stets versuchen, f\u00fcr beide Seiten eine gute L\u00f6sung zu finden.<\/p>\n<p>Wenn wir uns nicht auf eine L\u00f6sung einigen k\u00f6nnen, k\u00f6nnen Sie unter <a href=\"https:\/\/forbrug.dk\/\" target=\"_blank\" rel=\"noopener noreferrer nofollow\">https:\/\/forbrug.dk\/<\/a> mehr \u00fcber Ihre Einspruchsm\u00f6glichkeiten erfahren. Wenn Sie Ihren Wohnsitz in einem anderen EU-Land haben, k\u00f6nnen Sie eine Beschwerde beim Online-Beschwerdeportal der Europ\u00e4ischen Kommission unter <a href=\"https:\/\/ec.europa.eu\/consumers\/odr\/\" target=\"_blank\" rel=\"noopener noreferrer nofollow\">https:\/\/ec.europa.eu\/consumers\/odr\/<\/a> einreichen.<\/p>\n<p>Im Falle einer Meinungsverschiedenheit gilt das d\u00e4nische Recht und Streitigkeiten m\u00fcssen nach d\u00e4nischem Recht beigelegt werden. Gerichtsstand ist das Gericht in Hj\u00f8rring.<\/p>\n<h2>\u00c4nderungen<\/h2>\n<p>Die Allgemeinen Gesch\u00e4ftsbedingungen wurden am 17. Januar 2024.<\/p>\n\t\t\t\t\t\t\t\t<\/div>\n\t\t\t\t<\/div>\n\t\t\t\t\t<\/div>\n\t\t<\/div>\n\t\t\t\t\t<\/div>\n\t\t<\/section>\n\t\t\t\t<\/div>\n\t\t","protected":false},"excerpt":{"rendered":"<p>Allgemeine Gesch\u00e4ftsbedingungen Jambo Feriepark A\/S Solvejen 60 DK-9493 Saltum CVR-Nr. 25472489 Hier finden Sie unsere Allgemeinen Gesch\u00e4ftsbedingungen. Wenn Sie bei Jambo Feriepark A\/S buchen, akzeptieren Sie unsere Allgemeinen Gesch\u00e4ftsbedingungen. Wenn Sie unsere Datenschutzrichtlinie lesen m\u00f6chten, klicken Sie hier. Bestellung Sie k\u00f6nnen einen Aufenthalt im Jambo Feriepark telefonisch, per E-Mail und unter jambo.dk buchen. Alle Preise [&hellip;]<\/p>\n","protected":false},"author":4,"featured_media":0,"parent":0,"menu_order":0,"comment_status":"closed","ping_status":"closed","template":"","meta":{"_acf_changed":false,"footnotes":""},"class_list":["post-8698","page","type-page","status-publish","hentry"],"acf":[],"yoast_head":"<!-- This site is optimized with the Yoast SEO plugin v27.4 - https:\/\/yoast.com\/product\/yoast-seo-wordpress\/ -->\n<title>Allgemeine Gesch\u00e4ftsbedingungen - jambo feriepark<\/title>\n<meta name=\"description\" content=\"Stornoschutz, Bestellung, Zahlung, Widerrufsrecht und alles im Gro\u00dfen und Kleinen. Lesen Sie hier die Allgemeinen Gesch\u00e4ftsbedingungen von Jambo Feriepark.\" \/>\n<meta name=\"robots\" content=\"index, follow, max-snippet:-1, max-image-preview:large, max-video-preview:-1\" \/>\n<link rel=\"canonical\" href=\"https:\/\/jambo.dk\/de\/allgemeine-geschaeftsbedingungen\" \/>\n<meta property=\"og:locale\" content=\"de_DE\" \/>\n<meta property=\"og:type\" content=\"article\" \/>\n<meta property=\"og:title\" content=\"Allgemeine Gesch\u00e4ftsbedingungen - jambo feriepark\" \/>\n<meta property=\"og:description\" content=\"Stornoschutz, Bestellung, Zahlung, Widerrufsrecht und alles im Gro\u00dfen und Kleinen. Lesen Sie hier die Allgemeinen Gesch\u00e4ftsbedingungen von Jambo Feriepark.\" \/>\n<meta property=\"og:url\" content=\"https:\/\/jambo.dk\/de\/allgemeine-geschaeftsbedingungen\" \/>\n<meta property=\"og:site_name\" content=\"jambo feriepark\" \/>\n<meta property=\"article:publisher\" content=\"https:\/\/www.facebook.com\/feriepark\/\" \/>\n<meta property=\"article:modified_time\" content=\"2024-10-19T19:34:01+00:00\" \/>\n<meta name=\"twitter:card\" content=\"summary_large_image\" \/>\n<meta name=\"twitter:label1\" content=\"Gesch\u00e4tzte Lesezeit\" \/>\n\t<meta name=\"twitter:data1\" content=\"3\u00a0Minuten\" \/>\n<script type=\"application\/ld+json\" class=\"yoast-schema-graph\">{\"@context\":\"https:\\\/\\\/schema.org\",\"@graph\":[{\"@type\":\"WebPage\",\"@id\":\"https:\\\/\\\/jambo.dk\\\/de\\\/allgemeine-geschaeftsbedingungen\",\"url\":\"https:\\\/\\\/jambo.dk\\\/de\\\/allgemeine-geschaeftsbedingungen\",\"name\":\"Allgemeine Gesch\u00e4ftsbedingungen - jambo feriepark\",\"isPartOf\":{\"@id\":\"https:\\\/\\\/jambo.dk\\\/de#website\"},\"datePublished\":\"2023-03-03T10:42:48+00:00\",\"dateModified\":\"2024-10-19T19:34:01+00:00\",\"description\":\"Stornoschutz, Bestellung, Zahlung, Widerrufsrecht und alles im Gro\u00dfen und Kleinen. Lesen Sie hier die Allgemeinen Gesch\u00e4ftsbedingungen von Jambo Feriepark.\",\"breadcrumb\":{\"@id\":\"https:\\\/\\\/jambo.dk\\\/de\\\/allgemeine-geschaeftsbedingungen#breadcrumb\"},\"inLanguage\":\"de\",\"potentialAction\":[{\"@type\":\"ReadAction\",\"target\":[\"https:\\\/\\\/jambo.dk\\\/de\\\/allgemeine-geschaeftsbedingungen\"]}]},{\"@type\":\"BreadcrumbList\",\"@id\":\"https:\\\/\\\/jambo.dk\\\/de\\\/allgemeine-geschaeftsbedingungen#breadcrumb\",\"itemListElement\":[{\"@type\":\"ListItem\",\"position\":1,\"name\":\"Home\",\"item\":\"https:\\\/\\\/jambo.dk\\\/de\\\/titelseite\"},{\"@type\":\"ListItem\",\"position\":2,\"name\":\"Allgemeine Gesch\u00e4ftsbedingungen\"}]},{\"@type\":\"WebSite\",\"@id\":\"https:\\\/\\\/jambo.dk\\\/de#website\",\"url\":\"https:\\\/\\\/jambo.dk\\\/de\",\"name\":\"jambo feriepark\",\"description\":\"5 stjerners campingplads\",\"publisher\":{\"@id\":\"https:\\\/\\\/jambo.dk\\\/de#organization\"},\"potentialAction\":[{\"@type\":\"SearchAction\",\"target\":{\"@type\":\"EntryPoint\",\"urlTemplate\":\"https:\\\/\\\/jambo.dk\\\/de?s={search_term_string}\"},\"query-input\":{\"@type\":\"PropertyValueSpecification\",\"valueRequired\":true,\"valueName\":\"search_term_string\"}}],\"inLanguage\":\"de\"},{\"@type\":\"Organization\",\"@id\":\"https:\\\/\\\/jambo.dk\\\/de#organization\",\"name\":\"Jambo Feriepark A\\\/S\",\"url\":\"https:\\\/\\\/jambo.dk\\\/de\",\"logo\":{\"@type\":\"ImageObject\",\"inLanguage\":\"de\",\"@id\":\"https:\\\/\\\/jambo.dk\\\/de#\\\/schema\\\/logo\\\/image\\\/\",\"url\":\"https:\\\/\\\/jambo.dk\\\/wp-content\\\/uploads\\\/2022\\\/03\\\/logo.png\",\"contentUrl\":\"https:\\\/\\\/jambo.dk\\\/wp-content\\\/uploads\\\/2022\\\/03\\\/logo.png\",\"width\":457,\"height\":196,\"caption\":\"Jambo Feriepark A\\\/S\"},\"image\":{\"@id\":\"https:\\\/\\\/jambo.dk\\\/de#\\\/schema\\\/logo\\\/image\\\/\"},\"sameAs\":[\"https:\\\/\\\/www.facebook.com\\\/feriepark\\\/\"]}]}<\/script>\n<!-- \/ Yoast SEO plugin. -->","yoast_head_json":{"title":"Allgemeine Gesch\u00e4ftsbedingungen - jambo feriepark","description":"Stornoschutz, Bestellung, Zahlung, Widerrufsrecht und alles im Gro\u00dfen und Kleinen. Lesen Sie hier die Allgemeinen Gesch\u00e4ftsbedingungen von Jambo Feriepark.","robots":{"index":"index","follow":"follow","max-snippet":"max-snippet:-1","max-image-preview":"max-image-preview:large","max-video-preview":"max-video-preview:-1"},"canonical":"https:\/\/jambo.dk\/de\/allgemeine-geschaeftsbedingungen","og_locale":"de_DE","og_type":"article","og_title":"Allgemeine Gesch\u00e4ftsbedingungen - jambo feriepark","og_description":"Stornoschutz, Bestellung, Zahlung, Widerrufsrecht und alles im Gro\u00dfen und Kleinen. Lesen Sie hier die Allgemeinen Gesch\u00e4ftsbedingungen von Jambo Feriepark.","og_url":"https:\/\/jambo.dk\/de\/allgemeine-geschaeftsbedingungen","og_site_name":"jambo feriepark","article_publisher":"https:\/\/www.facebook.com\/feriepark\/","article_modified_time":"2024-10-19T19:34:01+00:00","twitter_card":"summary_large_image","twitter_misc":{"Gesch\u00e4tzte Lesezeit":"3\u00a0Minuten"},"schema":{"@context":"https:\/\/schema.org","@graph":[{"@type":"WebPage","@id":"https:\/\/jambo.dk\/de\/allgemeine-geschaeftsbedingungen","url":"https:\/\/jambo.dk\/de\/allgemeine-geschaeftsbedingungen","name":"Allgemeine Gesch\u00e4ftsbedingungen - jambo feriepark","isPartOf":{"@id":"https:\/\/jambo.dk\/de#website"},"datePublished":"2023-03-03T10:42:48+00:00","dateModified":"2024-10-19T19:34:01+00:00","description":"Stornoschutz, Bestellung, Zahlung, Widerrufsrecht und alles im Gro\u00dfen und Kleinen. Lesen Sie hier die Allgemeinen Gesch\u00e4ftsbedingungen von Jambo Feriepark.","breadcrumb":{"@id":"https:\/\/jambo.dk\/de\/allgemeine-geschaeftsbedingungen#breadcrumb"},"inLanguage":"de","potentialAction":[{"@type":"ReadAction","target":["https:\/\/jambo.dk\/de\/allgemeine-geschaeftsbedingungen"]}]},{"@type":"BreadcrumbList","@id":"https:\/\/jambo.dk\/de\/allgemeine-geschaeftsbedingungen#breadcrumb","itemListElement":[{"@type":"ListItem","position":1,"name":"Home","item":"https:\/\/jambo.dk\/de\/titelseite"},{"@type":"ListItem","position":2,"name":"Allgemeine Gesch\u00e4ftsbedingungen"}]},{"@type":"WebSite","@id":"https:\/\/jambo.dk\/de#website","url":"https:\/\/jambo.dk\/de","name":"jambo feriepark","description":"5 stjerners campingplads","publisher":{"@id":"https:\/\/jambo.dk\/de#organization"},"potentialAction":[{"@type":"SearchAction","target":{"@type":"EntryPoint","urlTemplate":"https:\/\/jambo.dk\/de?s={search_term_string}"},"query-input":{"@type":"PropertyValueSpecification","valueRequired":true,"valueName":"search_term_string"}}],"inLanguage":"de"},{"@type":"Organization","@id":"https:\/\/jambo.dk\/de#organization","name":"Jambo Feriepark A\/S","url":"https:\/\/jambo.dk\/de","logo":{"@type":"ImageObject","inLanguage":"de","@id":"https:\/\/jambo.dk\/de#\/schema\/logo\/image\/","url":"https:\/\/jambo.dk\/wp-content\/uploads\/2022\/03\/logo.png","contentUrl":"https:\/\/jambo.dk\/wp-content\/uploads\/2022\/03\/logo.png","width":457,"height":196,"caption":"Jambo Feriepark A\/S"},"image":{"@id":"https:\/\/jambo.dk\/de#\/schema\/logo\/image\/"},"sameAs":["https:\/\/www.facebook.com\/feriepark\/"]}]}},"_links":{"self":[{"href":"https:\/\/jambo.dk\/de\/wp-json\/wp\/v2\/pages\/8698","targetHints":{"allow":["GET"]}}],"collection":[{"href":"https:\/\/jambo.dk\/de\/wp-json\/wp\/v2\/pages"}],"about":[{"href":"https:\/\/jambo.dk\/de\/wp-json\/wp\/v2\/types\/page"}],"author":[{"embeddable":true,"href":"https:\/\/jambo.dk\/de\/wp-json\/wp\/v2\/users\/4"}],"replies":[{"embeddable":true,"href":"https:\/\/jambo.dk\/de\/wp-json\/wp\/v2\/comments?post=8698"}],"version-history":[{"count":8,"href":"https:\/\/jambo.dk\/de\/wp-json\/wp\/v2\/pages\/8698\/revisions"}],"predecessor-version":[{"id":10820,"href":"https:\/\/jambo.dk\/de\/wp-json\/wp\/v2\/pages\/8698\/revisions\/10820"}],"wp:attachment":[{"href":"https:\/\/jambo.dk\/de\/wp-json\/wp\/v2\/media?parent=8698"}],"curies":[{"name":"wp","href":"https:\/\/api.w.org\/{rel}","templated":true}]}}