{"id":10782,"date":"2024-02-27T12:24:05","date_gmt":"2024-02-27T12:24:05","guid":{"rendered":"https:\/\/jambo.dk\/regler"},"modified":"2024-07-03T15:07:54","modified_gmt":"2024-07-03T15:07:54","slug":"regler","status":"publish","type":"page","link":"https:\/\/jambo.dk\/no\/regler","title":{"rendered":"Regler"},"content":{"rendered":"\t\t<div data-elementor-type=\"wp-page\" data-elementor-id=\"10782\" class=\"elementor elementor-10782 elementor-10735\" data-elementor-post-type=\"page\">\n\t\t\t\t\t\t<section class=\"elementor-section elementor-top-section elementor-element elementor-element-33a9458 elementor-section-boxed elementor-section-height-default elementor-section-height-default\" data-id=\"33a9458\" data-element_type=\"section\" data-e-type=\"section\" data-settings=\"{&quot;background_background&quot;:&quot;classic&quot;}\">\n\t\t\t\t\t\t\t<div class=\"elementor-background-overlay\"><\/div>\n\t\t\t\t\t\t\t<div class=\"elementor-container elementor-column-gap-default\">\n\t\t\t\t\t<div class=\"elementor-column elementor-col-100 elementor-top-column elementor-element elementor-element-01a3e8c\" data-id=\"01a3e8c\" data-element_type=\"column\" data-e-type=\"column\">\n\t\t\t<div class=\"elementor-widget-wrap elementor-element-populated\">\n\t\t\t\t\t\t<section class=\"elementor-section elementor-inner-section elementor-element elementor-element-b4f7a10 elementor-section-content-middle elementor-section-boxed elementor-section-height-default elementor-section-height-default\" data-id=\"b4f7a10\" data-element_type=\"section\" data-e-type=\"section\">\n\t\t\t\t\t\t<div class=\"elementor-container elementor-column-gap-default\">\n\t\t\t\t\t<div class=\"elementor-column elementor-col-100 elementor-inner-column elementor-element elementor-element-3d887b1\" data-id=\"3d887b1\" data-element_type=\"column\" data-e-type=\"column\">\n\t\t\t<div class=\"elementor-widget-wrap elementor-element-populated\">\n\t\t\t\t\t\t<div class=\"elementor-element elementor-element-7c5347e elementor-widget__width-auto elementor-view-default elementor-widget elementor-widget-icon\" data-id=\"7c5347e\" data-element_type=\"widget\" data-e-type=\"widget\" data-widget_type=\"icon.default\">\n\t\t\t\t<div class=\"elementor-widget-container\">\n\t\t\t\t\t\t\t<div class=\"elementor-icon-wrapper\">\n\t\t\t<div class=\"elementor-icon\">\n\t\t\t<i aria-hidden=\"true\" class=\"fas fa-star\"><\/i>\t\t\t<\/div>\n\t\t<\/div>\n\t\t\t\t\t\t<\/div>\n\t\t\t\t<\/div>\n\t\t\t\t<div class=\"elementor-element elementor-element-9d8607b elementor-widget__width-auto elementor-view-default elementor-widget elementor-widget-icon\" data-id=\"9d8607b\" data-element_type=\"widget\" data-e-type=\"widget\" data-widget_type=\"icon.default\">\n\t\t\t\t<div class=\"elementor-widget-container\">\n\t\t\t\t\t\t\t<div class=\"elementor-icon-wrapper\">\n\t\t\t<div class=\"elementor-icon\">\n\t\t\t<i aria-hidden=\"true\" class=\"fas fa-star\"><\/i>\t\t\t<\/div>\n\t\t<\/div>\n\t\t\t\t\t\t<\/div>\n\t\t\t\t<\/div>\n\t\t\t\t<div class=\"elementor-element elementor-element-4d21155 elementor-widget__width-auto elementor-view-default elementor-widget elementor-widget-icon\" data-id=\"4d21155\" data-element_type=\"widget\" data-e-type=\"widget\" data-widget_type=\"icon.default\">\n\t\t\t\t<div class=\"elementor-widget-container\">\n\t\t\t\t\t\t\t<div class=\"elementor-icon-wrapper\">\n\t\t\t<div class=\"elementor-icon\">\n\t\t\t<i aria-hidden=\"true\" class=\"fas fa-star\"><\/i>\t\t\t<\/div>\n\t\t<\/div>\n\t\t\t\t\t\t<\/div>\n\t\t\t\t<\/div>\n\t\t\t\t<div class=\"elementor-element elementor-element-da9e8e1 elementor-widget__width-auto elementor-view-default elementor-widget elementor-widget-icon\" data-id=\"da9e8e1\" data-element_type=\"widget\" data-e-type=\"widget\" data-widget_type=\"icon.default\">\n\t\t\t\t<div class=\"elementor-widget-container\">\n\t\t\t\t\t\t\t<div class=\"elementor-icon-wrapper\">\n\t\t\t<div class=\"elementor-icon\">\n\t\t\t<i aria-hidden=\"true\" class=\"fas fa-star\"><\/i>\t\t\t<\/div>\n\t\t<\/div>\n\t\t\t\t\t\t<\/div>\n\t\t\t\t<\/div>\n\t\t\t\t<div class=\"elementor-element elementor-element-078bf92 elementor-widget__width-auto elementor-view-default elementor-widget elementor-widget-icon\" data-id=\"078bf92\" data-element_type=\"widget\" data-e-type=\"widget\" data-widget_type=\"icon.default\">\n\t\t\t\t<div class=\"elementor-widget-container\">\n\t\t\t\t\t\t\t<div class=\"elementor-icon-wrapper\">\n\t\t\t<div class=\"elementor-icon\">\n\t\t\t<i aria-hidden=\"true\" class=\"fas fa-star\"><\/i>\t\t\t<\/div>\n\t\t<\/div>\n\t\t\t\t\t\t<\/div>\n\t\t\t\t<\/div>\n\t\t\t\t\t<\/div>\n\t\t<\/div>\n\t\t\t\t\t<\/div>\n\t\t<\/section>\n\t\t\t\t<div class=\"elementor-element elementor-element-e6ae547 elementor-widget elementor-widget-heading\" data-id=\"e6ae547\" data-element_type=\"widget\" data-e-type=\"widget\" data-widget_type=\"heading.default\">\n\t\t\t\t<div class=\"elementor-widget-container\">\n\t\t\t\t\t<h1 class=\"elementor-heading-title elementor-size-default\">Regler<\/h1>\t\t\t\t<\/div>\n\t\t\t\t<\/div>\n\t\t\t\t<div class=\"elementor-element elementor-element-f5548c2 elementor-align-center elementor-widget elementor-widget-breadcrumbs\" data-id=\"f5548c2\" data-element_type=\"widget\" data-e-type=\"widget\" data-widget_type=\"breadcrumbs.default\">\n\t\t\t\t<div class=\"elementor-widget-container\">\n\t\t\t\t\t<p id=\"breadcrumbs\"><span><span><a href=\"https:\/\/jambo.dk\/no\/forside\">Hjem<\/a><\/span><\/span><\/p>\t\t\t\t<\/div>\n\t\t\t\t<\/div>\n\t\t\t\t\t<\/div>\n\t\t<\/div>\n\t\t\t\t\t<\/div>\n\t\t<\/section>\n\t\t\t\t<section class=\"elementor-section elementor-top-section elementor-element elementor-element-fa54390 elementor-section-boxed elementor-section-height-default elementor-section-height-default\" data-id=\"fa54390\" data-element_type=\"section\" data-e-type=\"section\">\n\t\t\t\t\t\t<div class=\"elementor-container elementor-column-gap-default\">\n\t\t\t\t\t<div class=\"elementor-column elementor-col-50 elementor-top-column elementor-element elementor-element-2357982\" data-id=\"2357982\" data-element_type=\"column\" data-e-type=\"column\" data-settings=\"{&quot;background_background&quot;:&quot;classic&quot;}\">\n\t\t\t<div class=\"elementor-widget-wrap elementor-element-populated\">\n\t\t\t\t\t\t<div class=\"elementor-element elementor-element-7e31662 elementor-widget elementor-widget-text-editor\" data-id=\"7e31662\" data-element_type=\"widget\" data-e-type=\"widget\" data-widget_type=\"text-editor.default\">\n\t\t\t\t<div class=\"elementor-widget-container\">\n\t\t\t\t\t\t\t\t\t<h3>Trampoliner<\/h3>\n\t\t\t\t\t\t\t\t<\/div>\n\t\t\t\t<\/div>\n\t\t\t\t<div class=\"elementor-element elementor-element-a85531c elementor-widget elementor-widget-text-editor\" data-id=\"a85531c\" data-element_type=\"widget\" data-e-type=\"widget\" data-widget_type=\"text-editor.default\">\n\t\t\t\t<div class=\"elementor-widget-container\">\n\t\t\t\t\t\t\t\t\t<ol>\n<li>Kun \u00e9n person kan v\u00e6re p\u00e5 hver trampoline om gangen<\/li>\n<li>Mat og drikke kan ikke tas med p\u00e5 trampolinen<\/li>\n<li>Bruk av briller er p\u00e5 eget ansvar<\/li>\n<li>Det er ikke tillatt \u00e5 krype i sidenettet<\/li>\n<li>Skarpe eller spisse gjenstander er ikke tillatt<\/li>\n<li>Ikke tr\u00e5kk p\u00e5 duken med fott\u00f8y, sokker m\u00e5 brukes<\/li>\n<li>Ingen r\u00f8yking p\u00e5 duken<\/li>\n<li>Salto er ikke tillatt<\/li>\n<li>Trampolinene skal ikke brukes av gravide<\/li>\n<li>Trampoliner m\u00e5 ikke brukes av personer med h\u00f8yt blodtrykk<\/li>\n<li>Trampolinene m\u00e5 ikke brukes av berusede personer.<\/li>\n<\/ol>\n\t\t\t\t\t\t\t\t<\/div>\n\t\t\t\t<\/div>\n\t\t\t\t\t<\/div>\n\t\t<\/div>\n\t\t\t\t<div class=\"elementor-column elementor-col-50 elementor-top-column elementor-element elementor-element-dd2de60 elementor-hidden-mobile\" data-id=\"dd2de60\" data-element_type=\"column\" data-e-type=\"column\">\n\t\t\t<div class=\"elementor-widget-wrap elementor-element-populated\">\n\t\t\t\t\t\t<div class=\"elementor-element elementor-element-49ab8fc elementor-widget elementor-widget-image\" data-id=\"49ab8fc\" data-element_type=\"widget\" data-e-type=\"widget\" data-widget_type=\"image.default\">\n\t\t\t\t<div class=\"elementor-widget-container\">\n\t\t\t\t\t\t\t\t\t\t\t\t\t\t\t<img fetchpriority=\"high\" decoding=\"async\" width=\"768\" height=\"1024\" src=\"https:\/\/jambo.dk\/wp-content\/uploads\/2024\/02\/20220813_171036-768x1024.jpg\" class=\"attachment-medium_large size-medium_large wp-image-10740\" alt=\"Trampolin\" srcset=\"https:\/\/jambo.dk\/wp-content\/uploads\/2024\/02\/20220813_171036-768x1024.jpg 768w, https:\/\/jambo.dk\/wp-content\/uploads\/2024\/02\/20220813_171036-225x300.jpg 225w, https:\/\/jambo.dk\/wp-content\/uploads\/2024\/02\/20220813_171036-1152x1536.jpg 1152w, https:\/\/jambo.dk\/wp-content\/uploads\/2024\/02\/20220813_171036-1536x2048.jpg 1536w, https:\/\/jambo.dk\/wp-content\/uploads\/2024\/02\/20220813_171036-scaled.jpg 1920w\" sizes=\"(max-width: 768px) 100vw, 768px\" \/>\t\t\t\t\t\t\t\t\t\t\t\t\t\t\t<\/div>\n\t\t\t\t<\/div>\n\t\t\t\t\t<\/div>\n\t\t<\/div>\n\t\t\t\t\t<\/div>\n\t\t<\/section>\n\t\t\t\t<section class=\"elementor-section elementor-top-section elementor-element elementor-element-5d7d729 elementor-section-boxed elementor-section-height-default elementor-section-height-default\" data-id=\"5d7d729\" data-element_type=\"section\" data-e-type=\"section\">\n\t\t\t\t\t\t<div class=\"elementor-container elementor-column-gap-default\">\n\t\t\t\t\t<div class=\"elementor-column elementor-col-100 elementor-top-column elementor-element elementor-element-fabe390\" data-id=\"fabe390\" data-element_type=\"column\" data-e-type=\"column\">\n\t\t\t<div class=\"elementor-widget-wrap elementor-element-populated\">\n\t\t\t\t\t\t<div class=\"elementor-element elementor-element-25dce49 elementor-widget elementor-widget-menu-anchor\" data-id=\"25dce49\" data-element_type=\"widget\" data-e-type=\"widget\" data-widget_type=\"menu-anchor.default\">\n\t\t\t\t<div class=\"elementor-widget-container\">\n\t\t\t\t\t\t\t<div class=\"elementor-menu-anchor\" id=\"aktivitetshallen\"><\/div>\n\t\t\t\t\t\t<\/div>\n\t\t\t\t<\/div>\n\t\t\t\t\t<\/div>\n\t\t<\/div>\n\t\t\t\t\t<\/div>\n\t\t<\/section>\n\t\t\t\t<section class=\"elementor-section elementor-top-section elementor-element elementor-element-fcdc767 elementor-section-boxed elementor-section-height-default elementor-section-height-default\" data-id=\"fcdc767\" data-element_type=\"section\" data-e-type=\"section\">\n\t\t\t\t\t\t<div class=\"elementor-container elementor-column-gap-default\">\n\t\t\t\t\t<div class=\"elementor-column elementor-col-50 elementor-top-column elementor-element elementor-element-686430c elementor-hidden-mobile\" data-id=\"686430c\" data-element_type=\"column\" data-e-type=\"column\">\n\t\t\t<div class=\"elementor-widget-wrap elementor-element-populated\">\n\t\t\t\t\t\t<div class=\"elementor-element elementor-element-516338f elementor-widget elementor-widget-image\" data-id=\"516338f\" data-element_type=\"widget\" data-e-type=\"widget\" data-widget_type=\"image.default\">\n\t\t\t\t<div class=\"elementor-widget-container\">\n\t\t\t\t\t\t\t\t\t\t\t\t\t\t\t<img decoding=\"async\" width=\"768\" height=\"510\" src=\"https:\/\/jambo.dk\/wp-content\/uploads\/2022\/04\/d75b46b3be73aab91fedfd7e9ca89ff8-768x510.jpeg\" class=\"attachment-medium_large size-medium_large wp-image-2152\" alt=\"\" srcset=\"https:\/\/jambo.dk\/wp-content\/uploads\/2022\/04\/d75b46b3be73aab91fedfd7e9ca89ff8-768x510.jpeg 768w, https:\/\/jambo.dk\/wp-content\/uploads\/2022\/04\/d75b46b3be73aab91fedfd7e9ca89ff8-300x199.jpeg 300w, https:\/\/jambo.dk\/wp-content\/uploads\/2022\/04\/d75b46b3be73aab91fedfd7e9ca89ff8.jpeg 960w\" sizes=\"(max-width: 768px) 100vw, 768px\" \/>\t\t\t\t\t\t\t\t\t\t\t\t\t\t\t<\/div>\n\t\t\t\t<\/div>\n\t\t\t\t\t<\/div>\n\t\t<\/div>\n\t\t\t\t<div class=\"elementor-column elementor-col-50 elementor-top-column elementor-element elementor-element-7055fc6\" data-id=\"7055fc6\" data-element_type=\"column\" data-e-type=\"column\" data-settings=\"{&quot;background_background&quot;:&quot;classic&quot;}\">\n\t\t\t<div class=\"elementor-widget-wrap elementor-element-populated\">\n\t\t\t\t\t\t<div class=\"elementor-element elementor-element-c152e5e elementor-widget elementor-widget-text-editor\" data-id=\"c152e5e\" data-element_type=\"widget\" data-e-type=\"widget\" data-widget_type=\"text-editor.default\">\n\t\t\t\t<div class=\"elementor-widget-container\">\n\t\t\t\t\t\t\t\t\t<h3>Aktivitetshallen<\/h3>\n\t\t\t\t\t\t\t\t<\/div>\n\t\t\t\t<\/div>\n\t\t\t\t<div class=\"elementor-element elementor-element-7a14b9e elementor-widget elementor-widget-text-editor\" data-id=\"7a14b9e\" data-element_type=\"widget\" data-e-type=\"widget\" data-widget_type=\"text-editor.default\">\n\t\t\t\t<div class=\"elementor-widget-container\">\n\t\t\t\t\t\t\t\t\t<ol>\n<li>R\u00f8yking er ikke tillatt<\/li>\n<li>Det kan ikke medbringes mat eller drikke<\/li>\n<li>Sko er ikke tillatt, ha p\u00e5 sokker<\/li>\n<li>Gensere eller jakker med hette med sn\u00f8ring er ikke tillatt<\/li>\n<li>Kniver, fyrstikker eller lightere er strengt forbudt<\/li>\n<li>Ingen klatring i nettene<\/li>\n<li>Hunder skal oppholde seg utenfor hallen<\/li>\n<li>Lekeplassen og trampolinene er kun for barn i alderen 3-12 \u00e5r<\/li>\n<li style=\"font-size: 16px;\">Kun \u00e9n person kan v\u00e6re p\u00e5 hver trampoline om gangen<\/li>\n<li style=\"font-size: 16px;\">Salto er ikke tillatt<\/li>\n<li style=\"font-size: 16px;\">Bruk av briller er p\u00e5 eget ansvar<\/li>\n<\/ol>\n\t\t\t\t\t\t\t\t<\/div>\n\t\t\t\t<\/div>\n\t\t\t\t\t<\/div>\n\t\t<\/div>\n\t\t\t\t\t<\/div>\n\t\t<\/section>\n\t\t\t\t<section class=\"elementor-section elementor-top-section elementor-element elementor-element-289715b elementor-section-boxed elementor-section-height-default elementor-section-height-default\" data-id=\"289715b\" data-element_type=\"section\" data-e-type=\"section\">\n\t\t\t\t\t\t<div class=\"elementor-container elementor-column-gap-default\">\n\t\t\t\t\t<div class=\"elementor-column elementor-col-100 elementor-top-column elementor-element elementor-element-e06e75e\" data-id=\"e06e75e\" data-element_type=\"column\" data-e-type=\"column\">\n\t\t\t<div class=\"elementor-widget-wrap elementor-element-populated\">\n\t\t\t\t\t\t<div class=\"elementor-element elementor-element-df1d59c elementor-widget elementor-widget-menu-anchor\" data-id=\"df1d59c\" data-element_type=\"widget\" data-e-type=\"widget\" data-widget_type=\"menu-anchor.default\">\n\t\t\t\t<div class=\"elementor-widget-container\">\n\t\t\t\t\t\t\t<div class=\"elementor-menu-anchor\" id=\"lekeplasser\"><\/div>\n\t\t\t\t\t\t<\/div>\n\t\t\t\t<\/div>\n\t\t\t\t\t<\/div>\n\t\t<\/div>\n\t\t\t\t\t<\/div>\n\t\t<\/section>\n\t\t\t\t<section class=\"elementor-section elementor-top-section elementor-element elementor-element-127a9be elementor-section-boxed elementor-section-height-default elementor-section-height-default\" data-id=\"127a9be\" data-element_type=\"section\" data-e-type=\"section\">\n\t\t\t\t\t\t<div class=\"elementor-container elementor-column-gap-default\">\n\t\t\t\t\t<div class=\"elementor-column elementor-col-50 elementor-top-column elementor-element elementor-element-78d4ff9\" data-id=\"78d4ff9\" data-element_type=\"column\" data-e-type=\"column\" data-settings=\"{&quot;background_background&quot;:&quot;classic&quot;}\">\n\t\t\t<div class=\"elementor-widget-wrap elementor-element-populated\">\n\t\t\t\t\t\t<div class=\"elementor-element elementor-element-ff0e64d elementor-widget elementor-widget-text-editor\" data-id=\"ff0e64d\" data-element_type=\"widget\" data-e-type=\"widget\" data-widget_type=\"text-editor.default\">\n\t\t\t\t<div class=\"elementor-widget-container\">\n\t\t\t\t\t\t\t\t\t<h3>Lekeplasser<\/h3>\n\t\t\t\t\t\t\t\t<\/div>\n\t\t\t\t<\/div>\n\t\t\t\t<div class=\"elementor-element elementor-element-2869148 elementor-widget elementor-widget-text-editor\" data-id=\"2869148\" data-element_type=\"widget\" data-e-type=\"widget\" data-widget_type=\"text-editor.default\">\n\t\t\t\t<div class=\"elementor-widget-container\">\n\t\t\t\t\t\t\t\t\t<ol>\n<li>Lekeplassene er forbeholdt Jambos egne gjester<\/li>\n<li>R\u00f8yking er ikke tillatt i lekeapparater<\/li>\n<li>Mat og drikke kan ikke tas med inn i lekeapparatene<\/li>\n<li>Ta hensyn til andre barn \u2013 spesielt de som er mindre enn deg selv<\/li>\n<li style=\"font-size: 16px;\">Gensere eller jakker med hette med sn\u00f8ring er ikke tillatt<\/li>\n<li style=\"font-size: 16px;\">Kniver, fyrstikker eller lightere er strengt forbudt<\/li>\n<\/ol>\n\t\t\t\t\t\t\t\t<\/div>\n\t\t\t\t<\/div>\n\t\t\t\t\t<\/div>\n\t\t<\/div>\n\t\t\t\t<div class=\"elementor-column elementor-col-50 elementor-top-column elementor-element elementor-element-5c9c2cc elementor-hidden-mobile\" data-id=\"5c9c2cc\" data-element_type=\"column\" data-e-type=\"column\">\n\t\t\t<div class=\"elementor-widget-wrap elementor-element-populated\">\n\t\t\t\t\t\t<div class=\"elementor-element elementor-element-ea45354 elementor-widget elementor-widget-image\" data-id=\"ea45354\" data-element_type=\"widget\" data-e-type=\"widget\" data-widget_type=\"image.default\">\n\t\t\t\t<div class=\"elementor-widget-container\">\n\t\t\t\t\t\t\t\t\t\t\t\t\t\t\t<img decoding=\"async\" width=\"768\" height=\"510\" src=\"https:\/\/jambo.dk\/wp-content\/uploads\/2022\/04\/b5b1267cba6ad51e9d3c513cea2a2215-768x510.jpeg\" class=\"attachment-medium_large size-medium_large wp-image-2103\" alt=\"\" srcset=\"https:\/\/jambo.dk\/wp-content\/uploads\/2022\/04\/b5b1267cba6ad51e9d3c513cea2a2215-768x510.jpeg 768w, https:\/\/jambo.dk\/wp-content\/uploads\/2022\/04\/b5b1267cba6ad51e9d3c513cea2a2215-300x199.jpeg 300w, https:\/\/jambo.dk\/wp-content\/uploads\/2022\/04\/b5b1267cba6ad51e9d3c513cea2a2215.jpeg 960w\" sizes=\"(max-width: 768px) 100vw, 768px\" \/>\t\t\t\t\t\t\t\t\t\t\t\t\t\t\t<\/div>\n\t\t\t\t<\/div>\n\t\t\t\t\t<\/div>\n\t\t<\/div>\n\t\t\t\t\t<\/div>\n\t\t<\/section>\n\t\t\t\t<\/div>\n\t\t","protected":false},"excerpt":{"rendered":"<p>Trampoliner Kun \u00e9n person kan v\u00e6re p\u00e5 hver trampoline om gangen Mat og drikke kan ikke tas med p\u00e5 trampolinen Bruk av briller er p\u00e5 eget ansvar Det er ikke tillatt \u00e5 krype i sidenettet Skarpe eller spisse gjenstander er ikke tillatt Ikke tr\u00e5kk p\u00e5 duken med fott\u00f8y, sokker m\u00e5 brukes Ingen r\u00f8yking p\u00e5 duken [&hellip;]<\/p>\n","protected":false},"author":1,"featured_media":0,"parent":0,"menu_order":0,"comment_status":"closed","ping_status":"closed","template":"","meta":{"_acf_changed":false,"footnotes":""},"class_list":["post-10782","page","type-page","status-publish","hentry"],"acf":[],"yoast_head":"<!-- This site is optimized with the Yoast SEO plugin v27.5 - https:\/\/yoast.com\/product\/yoast-seo-wordpress\/ -->\n<title>Regler - jambo feriepark<\/title>\n<meta name=\"robots\" content=\"index, follow, max-snippet:-1, max-image-preview:large, max-video-preview:-1\" \/>\n<link rel=\"canonical\" href=\"https:\/\/jambo.dk\/no\/regler\" \/>\n<meta property=\"og:locale\" content=\"nb_NO\" \/>\n<meta property=\"og:type\" content=\"article\" \/>\n<meta property=\"og:title\" content=\"Regler - jambo feriepark\" \/>\n<meta property=\"og:description\" content=\"Trampoliner Kun \u00e9n person kan v\u00e6re p\u00e5 hver trampoline om gangen Mat og drikke kan ikke tas med p\u00e5 trampolinen Bruk av briller er p\u00e5 eget ansvar Det er ikke tillatt \u00e5 krype i sidenettet Skarpe eller spisse gjenstander er ikke tillatt Ikke tr\u00e5kk p\u00e5 duken med fott\u00f8y, sokker m\u00e5 brukes Ingen r\u00f8yking p\u00e5 duken [&hellip;]\" \/>\n<meta property=\"og:url\" content=\"https:\/\/jambo.dk\/no\/regler\" \/>\n<meta property=\"og:site_name\" content=\"jambo feriepark\" \/>\n<meta property=\"article:publisher\" content=\"https:\/\/www.facebook.com\/feriepark\/\" \/>\n<meta property=\"article:modified_time\" content=\"2024-07-03T15:07:54+00:00\" \/>\n<meta property=\"og:image\" content=\"https:\/\/jambo.dk\/wp-content\/uploads\/2024\/02\/20220813_171036-scaled-e1709034518554-768x771.jpg\" \/>\n<meta name=\"twitter:card\" content=\"summary_large_image\" \/>\n<meta name=\"twitter:label1\" content=\"Ansl. lesetid\" \/>\n\t<meta name=\"twitter:data1\" content=\"1 minutt\" \/>\n<script type=\"application\/ld+json\" class=\"yoast-schema-graph\">{\"@context\":\"https:\\\/\\\/schema.org\",\"@graph\":[{\"@type\":\"WebPage\",\"@id\":\"https:\\\/\\\/jambo.dk\\\/no\\\/regler\",\"url\":\"https:\\\/\\\/jambo.dk\\\/no\\\/regler\",\"name\":\"Regler - jambo feriepark\",\"isPartOf\":{\"@id\":\"https:\\\/\\\/jambo.dk\\\/no#website\"},\"primaryImageOfPage\":{\"@id\":\"https:\\\/\\\/jambo.dk\\\/no\\\/regler#primaryimage\"},\"image\":{\"@id\":\"https:\\\/\\\/jambo.dk\\\/no\\\/regler#primaryimage\"},\"thumbnailUrl\":\"https:\\\/\\\/jambo.dk\\\/wp-content\\\/uploads\\\/2024\\\/02\\\/20220813_171036-scaled-e1709034518554-768x771.jpg\",\"datePublished\":\"2024-02-27T12:24:05+00:00\",\"dateModified\":\"2024-07-03T15:07:54+00:00\",\"breadcrumb\":{\"@id\":\"https:\\\/\\\/jambo.dk\\\/no\\\/regler#breadcrumb\"},\"inLanguage\":\"nb-NO\",\"potentialAction\":[{\"@type\":\"ReadAction\",\"target\":[\"https:\\\/\\\/jambo.dk\\\/no\\\/regler\"]}]},{\"@type\":\"ImageObject\",\"inLanguage\":\"nb-NO\",\"@id\":\"https:\\\/\\\/jambo.dk\\\/no\\\/regler#primaryimage\",\"url\":\"https:\\\/\\\/jambo.dk\\\/wp-content\\\/uploads\\\/2024\\\/02\\\/20220813_171036-scaled-e1709034518554-768x771.jpg\",\"contentUrl\":\"https:\\\/\\\/jambo.dk\\\/wp-content\\\/uploads\\\/2024\\\/02\\\/20220813_171036-scaled-e1709034518554-768x771.jpg\"},{\"@type\":\"BreadcrumbList\",\"@id\":\"https:\\\/\\\/jambo.dk\\\/no\\\/regler#breadcrumb\",\"itemListElement\":[{\"@type\":\"ListItem\",\"position\":1,\"name\":\"Hjem\",\"item\":\"https:\\\/\\\/jambo.dk\\\/no\\\/forside\"},{\"@type\":\"ListItem\",\"position\":2,\"name\":\"Regler\"}]},{\"@type\":\"WebSite\",\"@id\":\"https:\\\/\\\/jambo.dk\\\/no#website\",\"url\":\"https:\\\/\\\/jambo.dk\\\/no\",\"name\":\"jambo feriepark\",\"description\":\"5 stjerners campingplads\",\"publisher\":{\"@id\":\"https:\\\/\\\/jambo.dk\\\/no#organization\"},\"potentialAction\":[{\"@type\":\"SearchAction\",\"target\":{\"@type\":\"EntryPoint\",\"urlTemplate\":\"https:\\\/\\\/jambo.dk\\\/no?s={search_term_string}\"},\"query-input\":{\"@type\":\"PropertyValueSpecification\",\"valueRequired\":true,\"valueName\":\"search_term_string\"}}],\"inLanguage\":\"nb-NO\"},{\"@type\":\"Organization\",\"@id\":\"https:\\\/\\\/jambo.dk\\\/no#organization\",\"name\":\"Jambo Feriepark A\\\/S\",\"url\":\"https:\\\/\\\/jambo.dk\\\/no\",\"logo\":{\"@type\":\"ImageObject\",\"inLanguage\":\"nb-NO\",\"@id\":\"https:\\\/\\\/jambo.dk\\\/no#\\\/schema\\\/logo\\\/image\\\/\",\"url\":\"https:\\\/\\\/jambo.dk\\\/wp-content\\\/uploads\\\/2022\\\/03\\\/logo.png\",\"contentUrl\":\"https:\\\/\\\/jambo.dk\\\/wp-content\\\/uploads\\\/2022\\\/03\\\/logo.png\",\"width\":457,\"height\":196,\"caption\":\"Jambo Feriepark A\\\/S\"},\"image\":{\"@id\":\"https:\\\/\\\/jambo.dk\\\/no#\\\/schema\\\/logo\\\/image\\\/\"},\"sameAs\":[\"https:\\\/\\\/www.facebook.com\\\/feriepark\\\/\"]}]}<\/script>\n<!-- \/ Yoast SEO plugin. -->","yoast_head_json":{"title":"Regler - jambo feriepark","robots":{"index":"index","follow":"follow","max-snippet":"max-snippet:-1","max-image-preview":"max-image-preview:large","max-video-preview":"max-video-preview:-1"},"canonical":"https:\/\/jambo.dk\/no\/regler","og_locale":"nb_NO","og_type":"article","og_title":"Regler - jambo feriepark","og_description":"Trampoliner Kun \u00e9n person kan v\u00e6re p\u00e5 hver trampoline om gangen Mat og drikke kan ikke tas med p\u00e5 trampolinen Bruk av briller er p\u00e5 eget ansvar Det er ikke tillatt \u00e5 krype i sidenettet Skarpe eller spisse gjenstander er ikke tillatt Ikke tr\u00e5kk p\u00e5 duken med fott\u00f8y, sokker m\u00e5 brukes Ingen r\u00f8yking p\u00e5 duken [&hellip;]","og_url":"https:\/\/jambo.dk\/no\/regler","og_site_name":"jambo feriepark","article_publisher":"https:\/\/www.facebook.com\/feriepark\/","article_modified_time":"2024-07-03T15:07:54+00:00","og_image":[{"url":"https:\/\/jambo.dk\/wp-content\/uploads\/2024\/02\/20220813_171036-scaled-e1709034518554-768x771.jpg","type":"","width":"","height":""}],"twitter_card":"summary_large_image","twitter_misc":{"Ansl. lesetid":"1 minutt"},"schema":{"@context":"https:\/\/schema.org","@graph":[{"@type":"WebPage","@id":"https:\/\/jambo.dk\/no\/regler","url":"https:\/\/jambo.dk\/no\/regler","name":"Regler - jambo feriepark","isPartOf":{"@id":"https:\/\/jambo.dk\/no#website"},"primaryImageOfPage":{"@id":"https:\/\/jambo.dk\/no\/regler#primaryimage"},"image":{"@id":"https:\/\/jambo.dk\/no\/regler#primaryimage"},"thumbnailUrl":"https:\/\/jambo.dk\/wp-content\/uploads\/2024\/02\/20220813_171036-scaled-e1709034518554-768x771.jpg","datePublished":"2024-02-27T12:24:05+00:00","dateModified":"2024-07-03T15:07:54+00:00","breadcrumb":{"@id":"https:\/\/jambo.dk\/no\/regler#breadcrumb"},"inLanguage":"nb-NO","potentialAction":[{"@type":"ReadAction","target":["https:\/\/jambo.dk\/no\/regler"]}]},{"@type":"ImageObject","inLanguage":"nb-NO","@id":"https:\/\/jambo.dk\/no\/regler#primaryimage","url":"https:\/\/jambo.dk\/wp-content\/uploads\/2024\/02\/20220813_171036-scaled-e1709034518554-768x771.jpg","contentUrl":"https:\/\/jambo.dk\/wp-content\/uploads\/2024\/02\/20220813_171036-scaled-e1709034518554-768x771.jpg"},{"@type":"BreadcrumbList","@id":"https:\/\/jambo.dk\/no\/regler#breadcrumb","itemListElement":[{"@type":"ListItem","position":1,"name":"Hjem","item":"https:\/\/jambo.dk\/no\/forside"},{"@type":"ListItem","position":2,"name":"Regler"}]},{"@type":"WebSite","@id":"https:\/\/jambo.dk\/no#website","url":"https:\/\/jambo.dk\/no","name":"jambo feriepark","description":"5 stjerners campingplads","publisher":{"@id":"https:\/\/jambo.dk\/no#organization"},"potentialAction":[{"@type":"SearchAction","target":{"@type":"EntryPoint","urlTemplate":"https:\/\/jambo.dk\/no?s={search_term_string}"},"query-input":{"@type":"PropertyValueSpecification","valueRequired":true,"valueName":"search_term_string"}}],"inLanguage":"nb-NO"},{"@type":"Organization","@id":"https:\/\/jambo.dk\/no#organization","name":"Jambo Feriepark A\/S","url":"https:\/\/jambo.dk\/no","logo":{"@type":"ImageObject","inLanguage":"nb-NO","@id":"https:\/\/jambo.dk\/no#\/schema\/logo\/image\/","url":"https:\/\/jambo.dk\/wp-content\/uploads\/2022\/03\/logo.png","contentUrl":"https:\/\/jambo.dk\/wp-content\/uploads\/2022\/03\/logo.png","width":457,"height":196,"caption":"Jambo Feriepark A\/S"},"image":{"@id":"https:\/\/jambo.dk\/no#\/schema\/logo\/image\/"},"sameAs":["https:\/\/www.facebook.com\/feriepark\/"]}]}},"_links":{"self":[{"href":"https:\/\/jambo.dk\/no\/wp-json\/wp\/v2\/pages\/10782","targetHints":{"allow":["GET"]}}],"collection":[{"href":"https:\/\/jambo.dk\/no\/wp-json\/wp\/v2\/pages"}],"about":[{"href":"https:\/\/jambo.dk\/no\/wp-json\/wp\/v2\/types\/page"}],"author":[{"embeddable":true,"href":"https:\/\/jambo.dk\/no\/wp-json\/wp\/v2\/users\/1"}],"replies":[{"embeddable":true,"href":"https:\/\/jambo.dk\/no\/wp-json\/wp\/v2\/comments?post=10782"}],"version-history":[{"count":4,"href":"https:\/\/jambo.dk\/no\/wp-json\/wp\/v2\/pages\/10782\/revisions"}],"predecessor-version":[{"id":11652,"href":"https:\/\/jambo.dk\/no\/wp-json\/wp\/v2\/pages\/10782\/revisions\/11652"}],"wp:attachment":[{"href":"https:\/\/jambo.dk\/no\/wp-json\/wp\/v2\/media?parent=10782"}],"curies":[{"name":"wp","href":"https:\/\/api.w.org\/{rel}","templated":true}]}}