{"id":4624,"date":"2022-04-21T12:56:31","date_gmt":"2022-04-21T12:56:31","guid":{"rendered":"https:\/\/jambo.dk\/kontakt-os\/"},"modified":"2023-11-07T08:50:09","modified_gmt":"2023-11-07T08:50:09","slug":"kontakt-os","status":"publish","type":"page","link":"https:\/\/jambo.dk\/no\/kontakt-os","title":{"rendered":"Kontakt Jambo Feriepark"},"content":{"rendered":"\t\t<div data-elementor-type=\"wp-page\" data-elementor-id=\"4624\" class=\"elementor elementor-4624 elementor-2297\" data-elementor-post-type=\"page\">\n\t\t\t\t\t\t<section class=\"elementor-section elementor-top-section elementor-element elementor-element-a1b9e82 elementor-section-boxed elementor-section-height-default elementor-section-height-default\" data-id=\"a1b9e82\" data-element_type=\"section\" data-e-type=\"section\" data-settings=\"{&quot;background_background&quot;:&quot;classic&quot;}\">\n\t\t\t\t\t\t\t<div class=\"elementor-background-overlay\"><\/div>\n\t\t\t\t\t\t\t<div class=\"elementor-container elementor-column-gap-default\">\n\t\t\t\t\t<div class=\"elementor-column elementor-col-100 elementor-top-column elementor-element elementor-element-66052c6\" data-id=\"66052c6\" data-element_type=\"column\" data-e-type=\"column\">\n\t\t\t<div class=\"elementor-widget-wrap elementor-element-populated\">\n\t\t\t\t\t\t<section class=\"elementor-section elementor-inner-section elementor-element elementor-element-387539f elementor-section-content-middle elementor-section-boxed elementor-section-height-default elementor-section-height-default\" data-id=\"387539f\" data-element_type=\"section\" data-e-type=\"section\">\n\t\t\t\t\t\t<div class=\"elementor-container elementor-column-gap-default\">\n\t\t\t\t\t<div class=\"elementor-column elementor-col-100 elementor-inner-column elementor-element elementor-element-06a5eeb\" data-id=\"06a5eeb\" data-element_type=\"column\" data-e-type=\"column\">\n\t\t\t<div class=\"elementor-widget-wrap elementor-element-populated\">\n\t\t\t\t\t\t<div class=\"elementor-element elementor-element-0fb4b66 elementor-widget__width-auto elementor-view-default elementor-widget elementor-widget-icon\" data-id=\"0fb4b66\" data-element_type=\"widget\" data-e-type=\"widget\" data-widget_type=\"icon.default\">\n\t\t\t\t<div class=\"elementor-widget-container\">\n\t\t\t\t\t\t\t<div class=\"elementor-icon-wrapper\">\n\t\t\t<div class=\"elementor-icon\">\n\t\t\t<i aria-hidden=\"true\" class=\"fas fa-star\"><\/i>\t\t\t<\/div>\n\t\t<\/div>\n\t\t\t\t\t\t<\/div>\n\t\t\t\t<\/div>\n\t\t\t\t<div class=\"elementor-element elementor-element-6f4036c elementor-widget__width-auto elementor-view-default elementor-widget elementor-widget-icon\" data-id=\"6f4036c\" data-element_type=\"widget\" data-e-type=\"widget\" data-widget_type=\"icon.default\">\n\t\t\t\t<div class=\"elementor-widget-container\">\n\t\t\t\t\t\t\t<div class=\"elementor-icon-wrapper\">\n\t\t\t<div class=\"elementor-icon\">\n\t\t\t<i aria-hidden=\"true\" class=\"fas fa-star\"><\/i>\t\t\t<\/div>\n\t\t<\/div>\n\t\t\t\t\t\t<\/div>\n\t\t\t\t<\/div>\n\t\t\t\t<div class=\"elementor-element elementor-element-ff58113 elementor-widget__width-auto elementor-view-default elementor-widget elementor-widget-icon\" data-id=\"ff58113\" data-element_type=\"widget\" data-e-type=\"widget\" data-widget_type=\"icon.default\">\n\t\t\t\t<div class=\"elementor-widget-container\">\n\t\t\t\t\t\t\t<div class=\"elementor-icon-wrapper\">\n\t\t\t<div class=\"elementor-icon\">\n\t\t\t<i aria-hidden=\"true\" class=\"fas fa-star\"><\/i>\t\t\t<\/div>\n\t\t<\/div>\n\t\t\t\t\t\t<\/div>\n\t\t\t\t<\/div>\n\t\t\t\t<div class=\"elementor-element elementor-element-d2b2568 elementor-widget__width-auto elementor-view-default elementor-widget elementor-widget-icon\" data-id=\"d2b2568\" data-element_type=\"widget\" data-e-type=\"widget\" data-widget_type=\"icon.default\">\n\t\t\t\t<div class=\"elementor-widget-container\">\n\t\t\t\t\t\t\t<div class=\"elementor-icon-wrapper\">\n\t\t\t<div class=\"elementor-icon\">\n\t\t\t<i aria-hidden=\"true\" class=\"fas fa-star\"><\/i>\t\t\t<\/div>\n\t\t<\/div>\n\t\t\t\t\t\t<\/div>\n\t\t\t\t<\/div>\n\t\t\t\t<div class=\"elementor-element elementor-element-d3a21df elementor-widget__width-auto elementor-view-default elementor-widget elementor-widget-icon\" data-id=\"d3a21df\" data-element_type=\"widget\" data-e-type=\"widget\" data-widget_type=\"icon.default\">\n\t\t\t\t<div class=\"elementor-widget-container\">\n\t\t\t\t\t\t\t<div class=\"elementor-icon-wrapper\">\n\t\t\t<div class=\"elementor-icon\">\n\t\t\t<i aria-hidden=\"true\" class=\"fas fa-star\"><\/i>\t\t\t<\/div>\n\t\t<\/div>\n\t\t\t\t\t\t<\/div>\n\t\t\t\t<\/div>\n\t\t\t\t\t<\/div>\n\t\t<\/div>\n\t\t\t\t\t<\/div>\n\t\t<\/section>\n\t\t\t\t<div class=\"elementor-element elementor-element-7c478cf elementor-widget elementor-widget-heading\" data-id=\"7c478cf\" data-element_type=\"widget\" data-e-type=\"widget\" data-widget_type=\"heading.default\">\n\t\t\t\t<div class=\"elementor-widget-container\">\n\t\t\t\t\t<h1 class=\"elementor-heading-title elementor-size-default\">Kontakt Jambo Feriepark<\/h1>\t\t\t\t<\/div>\n\t\t\t\t<\/div>\n\t\t\t\t<div class=\"elementor-element elementor-element-8cfbe7d elementor-align-center elementor-widget elementor-widget-breadcrumbs\" data-id=\"8cfbe7d\" data-element_type=\"widget\" data-e-type=\"widget\" data-widget_type=\"breadcrumbs.default\">\n\t\t\t\t<div class=\"elementor-widget-container\">\n\t\t\t\t\t<p id=\"breadcrumbs\"><span><span><a href=\"https:\/\/jambo.dk\/no\/forside\">Hjem<\/a><\/span><\/span><\/p>\t\t\t\t<\/div>\n\t\t\t\t<\/div>\n\t\t\t\t\t<\/div>\n\t\t<\/div>\n\t\t\t\t\t<\/div>\n\t\t<\/section>\n\t\t\t\t<section class=\"elementor-section elementor-top-section elementor-element elementor-element-51942b1 elementor-section-boxed elementor-section-height-default elementor-section-height-default\" data-id=\"51942b1\" data-element_type=\"section\" data-e-type=\"section\">\n\t\t\t\t\t\t<div class=\"elementor-container elementor-column-gap-default\">\n\t\t\t\t\t<div class=\"elementor-column elementor-col-100 elementor-top-column elementor-element elementor-element-6e59748\" data-id=\"6e59748\" data-element_type=\"column\" data-e-type=\"column\">\n\t\t\t<div class=\"elementor-widget-wrap elementor-element-populated\">\n\t\t\t\t\t\t<div class=\"elementor-element elementor-element-8976999 elementor-widget elementor-widget-text-editor\" data-id=\"8976999\" data-element_type=\"widget\" data-e-type=\"widget\" data-widget_type=\"text-editor.default\">\n\t\t\t\t<div class=\"elementor-widget-container\">\n\t\t\t\t\t\t\t\t\t<p class=\"MsoNormal\" align=\"center\" style=\"margin: 0cm; font-size: 12pt; font-family: Calibri, sans-serif; color: rgb(0, 0, 0); font-style: normal;\"><i><span style=\"font-size: 16.5pt; font-family: Roboto;\">Jambo Feriepark A\/S er en profesjonell bedrift med mer enn 40 \u00e5r bak seg. \u00d8nsker du \u00e5 vite mer om oss, v\u00e5re samarbeidspartnere eller noe annet, er du hjertelig velkommen til \u00e5 kontakte oss.<o:p><\/o:p><\/span><\/i><\/p>\n\t\t\t\t\t\t\t\t<\/div>\n\t\t\t\t<\/div>\n\t\t\t\t\t<\/div>\n\t\t<\/div>\n\t\t\t\t\t<\/div>\n\t\t<\/section>\n\t\t\t\t<section class=\"elementor-section elementor-top-section elementor-element elementor-element-ff68b83 elementor-section-boxed elementor-section-height-default elementor-section-height-default\" data-id=\"ff68b83\" data-element_type=\"section\" data-e-type=\"section\" id=\"hvorborvi\">\n\t\t\t\t\t\t<div class=\"elementor-container elementor-column-gap-default\">\n\t\t\t\t\t<div class=\"elementor-column elementor-col-50 elementor-top-column elementor-element elementor-element-824dce8\" data-id=\"824dce8\" data-element_type=\"column\" data-e-type=\"column\" data-settings=\"{&quot;background_background&quot;:&quot;classic&quot;}\">\n\t\t\t<div class=\"elementor-widget-wrap elementor-element-populated\">\n\t\t\t\t\t\t<div class=\"elementor-element elementor-element-be6c730 elementor-widget elementor-widget-heading\" data-id=\"be6c730\" data-element_type=\"widget\" data-e-type=\"widget\" data-widget_type=\"heading.default\">\n\t\t\t\t<div class=\"elementor-widget-container\">\n\t\t\t\t\t<h2 class=\"elementor-heading-title elementor-size-default\">Jambo Feriepark A\/S\n<\/h2>\t\t\t\t<\/div>\n\t\t\t\t<\/div>\n\t\t\t\t<div class=\"elementor-element elementor-element-e399a70 elementor-widget elementor-widget-text-editor\" data-id=\"e399a70\" data-element_type=\"widget\" data-e-type=\"widget\" data-widget_type=\"text-editor.default\">\n\t\t\t\t<div class=\"elementor-widget-container\">\n\t\t\t\t\t\t\t\t\t<p>Solvejen 60<br \/>DK-9493 Saltum<\/p>\n\t\t\t\t\t\t\t\t<\/div>\n\t\t\t\t<\/div>\n\t\t\t\t<div class=\"elementor-element elementor-element-9635322 elementor-icon-list--layout-traditional elementor-list-item-link-full_width elementor-widget elementor-widget-icon-list\" data-id=\"9635322\" data-element_type=\"widget\" data-e-type=\"widget\" data-widget_type=\"icon-list.default\">\n\t\t\t\t<div class=\"elementor-widget-container\">\n\t\t\t\t\t\t\t<ul class=\"elementor-icon-list-items\">\n\t\t\t\t\t\t\t<li class=\"elementor-icon-list-item\">\n\t\t\t\t\t\t\t\t\t\t\t<span class=\"elementor-icon-list-icon\">\n\t\t\t\t\t\t\t<i aria-hidden=\"true\" class=\"fas fa-phone-alt\"><\/i>\t\t\t\t\t\t<\/span>\n\t\t\t\t\t\t\t\t\t\t<span class=\"elementor-icon-list-text\">+45 9888 1666<\/span>\n\t\t\t\t\t\t\t\t\t<\/li>\n\t\t\t\t\t\t\t\t<li class=\"elementor-icon-list-item\">\n\t\t\t\t\t\t\t\t\t\t\t<a href=\"mailto:info@jambo.dk\">\n\n\t\t\t\t\t\t\t\t\t\t\t\t<span class=\"elementor-icon-list-icon\">\n\t\t\t\t\t\t\t<i aria-hidden=\"true\" class=\"fas fa-envelope\"><\/i>\t\t\t\t\t\t<\/span>\n\t\t\t\t\t\t\t\t\t\t<span class=\"elementor-icon-list-text\">info@jambo.dk<\/span>\n\t\t\t\t\t\t\t\t\t\t\t<\/a>\n\t\t\t\t\t\t\t\t\t<\/li>\n\t\t\t\t\t\t<\/ul>\n\t\t\t\t\t\t<\/div>\n\t\t\t\t<\/div>\n\t\t\t\t<div class=\"elementor-element elementor-element-9fe63f7 elementor-button-align-start elementor-widget elementor-widget-form\" data-id=\"9fe63f7\" data-element_type=\"widget\" data-e-type=\"widget\" data-settings=\"{&quot;button_width&quot;:&quot;30&quot;,&quot;step_next_label&quot;:&quot;Neste&quot;,&quot;step_previous_label&quot;:&quot;Tilbake&quot;,&quot;step_type&quot;:&quot;number_text&quot;,&quot;step_icon_shape&quot;:&quot;circle&quot;}\" data-widget_type=\"form.default\">\n\t\t\t\t<div class=\"elementor-widget-container\">\n\t\t\t\t\t\t\t<form class=\"elementor-form\" method=\"post\" name=\"Ny form\" aria-label=\"Ny form\">\n\t\t\t<input type=\"hidden\" name=\"post_id\" value=\"4624\"\/>\n\t\t\t<input type=\"hidden\" name=\"form_id\" value=\"9fe63f7\"\/>\n\t\t\t<input type=\"hidden\" name=\"referer_title\" value=\"Kontakt Jambo Feriepark - Priser, hytteferie og vognleie\" \/>\n\n\t\t\t\t\t\t\t<input type=\"hidden\" name=\"queried_id\" value=\"4624\"\/>\n\t\t\t\n\t\t\t<div class=\"elementor-form-fields-wrapper elementor-labels-above\">\n\t\t\t\t\t\t\t\t<div class=\"elementor-field-type-text elementor-field-group elementor-column elementor-field-group-name elementor-col-100\">\n\t\t\t\t\t\t\t\t\t\t\t\t<label for=\"form-field-name\" class=\"elementor-field-label\">\n\t\t\t\t\t\t\t\tNavn\t\t\t\t\t\t\t<\/label>\n\t\t\t\t\t\t\t\t\t\t\t\t\t\t<input size=\"1\" type=\"text\" name=\"form_fields[name]\" id=\"form-field-name\" class=\"elementor-field elementor-size-sm  elementor-field-textual\" placeholder=\"Skriv inn navn\">\n\t\t\t\t\t\t\t\t\t\t\t<\/div>\n\t\t\t\t\t\t\t\t<div class=\"elementor-field-type-email elementor-field-group elementor-column elementor-field-group-email elementor-col-100 elementor-field-required\">\n\t\t\t\t\t\t\t\t\t\t\t\t<label for=\"form-field-email\" class=\"elementor-field-label\">\n\t\t\t\t\t\t\t\tE-post\t\t\t\t\t\t\t<\/label>\n\t\t\t\t\t\t\t\t\t\t\t\t\t\t<input size=\"1\" type=\"email\" name=\"form_fields[email]\" id=\"form-field-email\" class=\"elementor-field elementor-size-sm  elementor-field-textual\" placeholder=\"Skriv inn din email\" required=\"required\">\n\t\t\t\t\t\t\t\t\t\t\t<\/div>\n\t\t\t\t\t\t\t\t<div class=\"elementor-field-type-textarea elementor-field-group elementor-column elementor-field-group-message elementor-col-100\">\n\t\t\t\t\t\t\t\t\t\t\t\t<label for=\"form-field-message\" class=\"elementor-field-label\">\n\t\t\t\t\t\t\t\tBeskjed\t\t\t\t\t\t\t<\/label>\n\t\t\t\t\t\t<textarea class=\"elementor-field-textual elementor-field  elementor-size-sm\" name=\"form_fields[message]\" id=\"form-field-message\" rows=\"4\"><\/textarea>\t\t\t\t<\/div>\n\t\t\t\t\t\t\t\t<div class=\"elementor-field-type-recaptcha_v3 elementor-field-group elementor-column elementor-field-group-field_4261123 elementor-col-100 recaptcha_v3-bottomright\">\n\t\t\t\t\t<div class=\"elementor-field\" id=\"form-field-field_4261123\"><div class=\"elementor-g-recaptcha\" data-sitekey=\"6LcA3oghAAAAAJ47c47A9OWt1jTZ5O2gFqg5qHX1\" data-type=\"v3\" data-action=\"Form\" data-badge=\"bottomright\" data-size=\"invisible\"><\/div><\/div>\t\t\t\t<\/div>\n\t\t\t\t\t\t\t\t<div class=\"elementor-field-group elementor-column elementor-field-type-submit elementor-col-30 e-form__buttons\">\n\t\t\t\t\t<button class=\"elementor-button elementor-size-sm\" type=\"submit\">\n\t\t\t\t\t\t<span class=\"elementor-button-content-wrapper\">\n\t\t\t\t\t\t\t\t\t\t\t\t\t\t\t\t\t\t\t\t\t\t<span class=\"elementor-button-text\">Sende<\/span>\n\t\t\t\t\t\t\t\t\t\t\t\t\t<\/span>\n\t\t\t\t\t<\/button>\n\t\t\t\t<\/div>\n\t\t\t<\/div>\n\t\t<\/form>\n\t\t\t\t\t\t<\/div>\n\t\t\t\t<\/div>\n\t\t\t\t\t<\/div>\n\t\t<\/div>\n\t\t\t\t<div class=\"elementor-column elementor-col-50 elementor-top-column elementor-element elementor-element-390dd28\" data-id=\"390dd28\" data-element_type=\"column\" data-e-type=\"column\">\n\t\t\t<div class=\"elementor-widget-wrap elementor-element-populated\">\n\t\t\t\t\t\t<div class=\"elementor-element elementor-element-2329228 elementor-widget elementor-widget-google_maps\" data-id=\"2329228\" data-element_type=\"widget\" data-e-type=\"widget\" data-widget_type=\"google_maps.default\">\n\t\t\t\t<div class=\"elementor-widget-container\">\n\t\t\t\t\t\t\t<div class=\"elementor-custom-embed\">\n\t\t\t<iframe loading=\"lazy\"\n\t\t\t\t\tsrc=\"https:\/\/maps.google.com\/maps?q=Jambo%20feriepark&#038;t=m&#038;z=10&#038;output=embed&#038;iwloc=near\"\n\t\t\t\t\ttitle=\"Jambo feriepark\"\n\t\t\t\t\taria-label=\"Jambo feriepark\"\n\t\t\t><\/iframe>\n\t\t<\/div>\n\t\t\t\t\t\t<\/div>\n\t\t\t\t<\/div>\n\t\t\t\t\t<\/div>\n\t\t<\/div>\n\t\t\t\t\t<\/div>\n\t\t<\/section>\n\t\t\t\t<\/div>\n\t\t","protected":false},"excerpt":{"rendered":"<p>Jambo Feriepark A\/S er en profesjonell bedrift med mer enn 40 \u00e5r bak seg. \u00d8nsker du \u00e5 vite mer om oss, v\u00e5re samarbeidspartnere eller noe annet, er du hjertelig velkommen til \u00e5 kontakte oss. Jambo Feriepark A\/S Solvejen 60DK-9493 Saltum +45 9888 1666 info@jambo.dk<\/p>\n","protected":false},"author":1,"featured_media":0,"parent":0,"menu_order":0,"comment_status":"closed","ping_status":"closed","template":"","meta":{"_acf_changed":false,"footnotes":""},"class_list":["post-4624","page","type-page","status-publish","hentry"],"acf":[],"yoast_head":"<!-- This site is optimized with the Yoast SEO plugin v27.4 - https:\/\/yoast.com\/product\/yoast-seo-wordpress\/ -->\n<title>Kontakt Jambo Feriepark - Priser, hytteferie og vognleie<\/title>\n<meta name=\"description\" content=\"Ta kontakt med Jambo Feriepark her og h\u00f8r mye mer om priser og bestillinger. Vi hjelper deg selvf\u00f8lgelig ogs\u00e5 gjerne under oppholdet.\" \/>\n<meta name=\"robots\" content=\"index, follow, max-snippet:-1, max-image-preview:large, max-video-preview:-1\" \/>\n<link rel=\"canonical\" href=\"https:\/\/jambo.dk\/no\/kontakt-os\" \/>\n<meta property=\"og:locale\" content=\"nb_NO\" \/>\n<meta property=\"og:type\" content=\"article\" \/>\n<meta property=\"og:title\" content=\"Kontakt Jambo Feriepark - Priser, hytteferie og vognleie\" \/>\n<meta property=\"og:description\" content=\"Ta kontakt med Jambo Feriepark her og h\u00f8r mye mer om priser og bestillinger. Vi hjelper deg selvf\u00f8lgelig ogs\u00e5 gjerne under oppholdet.\" \/>\n<meta property=\"og:url\" content=\"https:\/\/jambo.dk\/no\/kontakt-os\" \/>\n<meta property=\"og:site_name\" content=\"jambo feriepark\" \/>\n<meta property=\"article:publisher\" content=\"https:\/\/www.facebook.com\/feriepark\/\" \/>\n<meta property=\"article:modified_time\" content=\"2023-11-07T08:50:09+00:00\" \/>\n<meta name=\"twitter:card\" content=\"summary_large_image\" \/>\n<meta name=\"twitter:label1\" content=\"Ansl. lesetid\" \/>\n\t<meta name=\"twitter:data1\" content=\"1 minutt\" \/>\n<script type=\"application\/ld+json\" class=\"yoast-schema-graph\">{\"@context\":\"https:\\\/\\\/schema.org\",\"@graph\":[{\"@type\":\"WebPage\",\"@id\":\"https:\\\/\\\/jambo.dk\\\/no\\\/kontakt-os\",\"url\":\"https:\\\/\\\/jambo.dk\\\/no\\\/kontakt-os\",\"name\":\"Kontakt Jambo Feriepark - Priser, hytteferie og vognleie\",\"isPartOf\":{\"@id\":\"https:\\\/\\\/jambo.dk\\\/no#website\"},\"datePublished\":\"2022-04-21T12:56:31+00:00\",\"dateModified\":\"2023-11-07T08:50:09+00:00\",\"description\":\"Ta kontakt med Jambo Feriepark her og h\u00f8r mye mer om priser og bestillinger. Vi hjelper deg selvf\u00f8lgelig ogs\u00e5 gjerne under oppholdet.\",\"breadcrumb\":{\"@id\":\"https:\\\/\\\/jambo.dk\\\/no\\\/kontakt-os#breadcrumb\"},\"inLanguage\":\"nb-NO\",\"potentialAction\":[{\"@type\":\"ReadAction\",\"target\":[\"https:\\\/\\\/jambo.dk\\\/no\\\/kontakt-os\"]}]},{\"@type\":\"BreadcrumbList\",\"@id\":\"https:\\\/\\\/jambo.dk\\\/no\\\/kontakt-os#breadcrumb\",\"itemListElement\":[{\"@type\":\"ListItem\",\"position\":1,\"name\":\"Hjem\",\"item\":\"https:\\\/\\\/jambo.dk\\\/no\\\/forside\"},{\"@type\":\"ListItem\",\"position\":2,\"name\":\"Kontakt Jambo Feriepark\"}]},{\"@type\":\"WebSite\",\"@id\":\"https:\\\/\\\/jambo.dk\\\/no#website\",\"url\":\"https:\\\/\\\/jambo.dk\\\/no\",\"name\":\"jambo feriepark\",\"description\":\"5 stjerners campingplads\",\"publisher\":{\"@id\":\"https:\\\/\\\/jambo.dk\\\/no#organization\"},\"potentialAction\":[{\"@type\":\"SearchAction\",\"target\":{\"@type\":\"EntryPoint\",\"urlTemplate\":\"https:\\\/\\\/jambo.dk\\\/no?s={search_term_string}\"},\"query-input\":{\"@type\":\"PropertyValueSpecification\",\"valueRequired\":true,\"valueName\":\"search_term_string\"}}],\"inLanguage\":\"nb-NO\"},{\"@type\":\"Organization\",\"@id\":\"https:\\\/\\\/jambo.dk\\\/no#organization\",\"name\":\"Jambo Feriepark A\\\/S\",\"url\":\"https:\\\/\\\/jambo.dk\\\/no\",\"logo\":{\"@type\":\"ImageObject\",\"inLanguage\":\"nb-NO\",\"@id\":\"https:\\\/\\\/jambo.dk\\\/no#\\\/schema\\\/logo\\\/image\\\/\",\"url\":\"https:\\\/\\\/jambo.dk\\\/wp-content\\\/uploads\\\/2022\\\/03\\\/logo.png\",\"contentUrl\":\"https:\\\/\\\/jambo.dk\\\/wp-content\\\/uploads\\\/2022\\\/03\\\/logo.png\",\"width\":457,\"height\":196,\"caption\":\"Jambo Feriepark A\\\/S\"},\"image\":{\"@id\":\"https:\\\/\\\/jambo.dk\\\/no#\\\/schema\\\/logo\\\/image\\\/\"},\"sameAs\":[\"https:\\\/\\\/www.facebook.com\\\/feriepark\\\/\"]}]}<\/script>\n<!-- \/ Yoast SEO plugin. -->","yoast_head_json":{"title":"Kontakt Jambo Feriepark - Priser, hytteferie og vognleie","description":"Ta kontakt med Jambo Feriepark her og h\u00f8r mye mer om priser og bestillinger. Vi hjelper deg selvf\u00f8lgelig ogs\u00e5 gjerne under oppholdet.","robots":{"index":"index","follow":"follow","max-snippet":"max-snippet:-1","max-image-preview":"max-image-preview:large","max-video-preview":"max-video-preview:-1"},"canonical":"https:\/\/jambo.dk\/no\/kontakt-os","og_locale":"nb_NO","og_type":"article","og_title":"Kontakt Jambo Feriepark - Priser, hytteferie og vognleie","og_description":"Ta kontakt med Jambo Feriepark her og h\u00f8r mye mer om priser og bestillinger. Vi hjelper deg selvf\u00f8lgelig ogs\u00e5 gjerne under oppholdet.","og_url":"https:\/\/jambo.dk\/no\/kontakt-os","og_site_name":"jambo feriepark","article_publisher":"https:\/\/www.facebook.com\/feriepark\/","article_modified_time":"2023-11-07T08:50:09+00:00","twitter_card":"summary_large_image","twitter_misc":{"Ansl. lesetid":"1 minutt"},"schema":{"@context":"https:\/\/schema.org","@graph":[{"@type":"WebPage","@id":"https:\/\/jambo.dk\/no\/kontakt-os","url":"https:\/\/jambo.dk\/no\/kontakt-os","name":"Kontakt Jambo Feriepark - Priser, hytteferie og vognleie","isPartOf":{"@id":"https:\/\/jambo.dk\/no#website"},"datePublished":"2022-04-21T12:56:31+00:00","dateModified":"2023-11-07T08:50:09+00:00","description":"Ta kontakt med Jambo Feriepark her og h\u00f8r mye mer om priser og bestillinger. Vi hjelper deg selvf\u00f8lgelig ogs\u00e5 gjerne under oppholdet.","breadcrumb":{"@id":"https:\/\/jambo.dk\/no\/kontakt-os#breadcrumb"},"inLanguage":"nb-NO","potentialAction":[{"@type":"ReadAction","target":["https:\/\/jambo.dk\/no\/kontakt-os"]}]},{"@type":"BreadcrumbList","@id":"https:\/\/jambo.dk\/no\/kontakt-os#breadcrumb","itemListElement":[{"@type":"ListItem","position":1,"name":"Hjem","item":"https:\/\/jambo.dk\/no\/forside"},{"@type":"ListItem","position":2,"name":"Kontakt Jambo Feriepark"}]},{"@type":"WebSite","@id":"https:\/\/jambo.dk\/no#website","url":"https:\/\/jambo.dk\/no","name":"jambo feriepark","description":"5 stjerners campingplads","publisher":{"@id":"https:\/\/jambo.dk\/no#organization"},"potentialAction":[{"@type":"SearchAction","target":{"@type":"EntryPoint","urlTemplate":"https:\/\/jambo.dk\/no?s={search_term_string}"},"query-input":{"@type":"PropertyValueSpecification","valueRequired":true,"valueName":"search_term_string"}}],"inLanguage":"nb-NO"},{"@type":"Organization","@id":"https:\/\/jambo.dk\/no#organization","name":"Jambo Feriepark A\/S","url":"https:\/\/jambo.dk\/no","logo":{"@type":"ImageObject","inLanguage":"nb-NO","@id":"https:\/\/jambo.dk\/no#\/schema\/logo\/image\/","url":"https:\/\/jambo.dk\/wp-content\/uploads\/2022\/03\/logo.png","contentUrl":"https:\/\/jambo.dk\/wp-content\/uploads\/2022\/03\/logo.png","width":457,"height":196,"caption":"Jambo Feriepark A\/S"},"image":{"@id":"https:\/\/jambo.dk\/no#\/schema\/logo\/image\/"},"sameAs":["https:\/\/www.facebook.com\/feriepark\/"]}]}},"_links":{"self":[{"href":"https:\/\/jambo.dk\/no\/wp-json\/wp\/v2\/pages\/4624","targetHints":{"allow":["GET"]}}],"collection":[{"href":"https:\/\/jambo.dk\/no\/wp-json\/wp\/v2\/pages"}],"about":[{"href":"https:\/\/jambo.dk\/no\/wp-json\/wp\/v2\/types\/page"}],"author":[{"embeddable":true,"href":"https:\/\/jambo.dk\/no\/wp-json\/wp\/v2\/users\/1"}],"replies":[{"embeddable":true,"href":"https:\/\/jambo.dk\/no\/wp-json\/wp\/v2\/comments?post=4624"}],"version-history":[{"count":15,"href":"https:\/\/jambo.dk\/no\/wp-json\/wp\/v2\/pages\/4624\/revisions"}],"predecessor-version":[{"id":10068,"href":"https:\/\/jambo.dk\/no\/wp-json\/wp\/v2\/pages\/4624\/revisions\/10068"}],"wp:attachment":[{"href":"https:\/\/jambo.dk\/no\/wp-json\/wp\/v2\/media?parent=4624"}],"curies":[{"name":"wp","href":"https:\/\/api.w.org\/{rel}","templated":true}]}}