{"id":5344,"date":"2022-08-03T08:41:34","date_gmt":"2022-08-03T08:41:34","guid":{"rendered":"https:\/\/jambo.dk\/cookies\/"},"modified":"2024-10-19T19:56:21","modified_gmt":"2024-10-19T19:56:21","slug":"cookies","status":"publish","type":"page","link":"https:\/\/jambo.dk\/no\/cookies","title":{"rendered":"Informasjonskapsler"},"content":{"rendered":"\t\t<div data-elementor-type=\"wp-page\" data-elementor-id=\"5344\" class=\"elementor elementor-5344 elementor-5327\" data-elementor-post-type=\"page\">\n\t\t\t\t\t\t<section class=\"elementor-section elementor-top-section elementor-element elementor-element-fe44866 elementor-section-boxed elementor-section-height-default elementor-section-height-default\" data-id=\"fe44866\" data-element_type=\"section\" data-e-type=\"section\">\n\t\t\t\t\t\t<div class=\"elementor-container elementor-column-gap-default\">\n\t\t\t\t\t<div class=\"elementor-column elementor-col-100 elementor-top-column elementor-element elementor-element-fb2e51f\" data-id=\"fb2e51f\" data-element_type=\"column\" data-e-type=\"column\">\n\t\t\t<div class=\"elementor-widget-wrap elementor-element-populated\">\n\t\t\t\t\t\t<div class=\"elementor-element elementor-element-73cb91d elementor-align-left elementor-widget elementor-widget-breadcrumbs\" data-id=\"73cb91d\" data-element_type=\"widget\" data-e-type=\"widget\" data-widget_type=\"breadcrumbs.default\">\n\t\t\t\t<div class=\"elementor-widget-container\">\n\t\t\t\t\t<p id=\"breadcrumbs\"><span><span><a href=\"https:\/\/jambo.dk\/no\/forside\">Hjem<\/a><\/span><\/span><\/p>\t\t\t\t<\/div>\n\t\t\t\t<\/div>\n\t\t\t\t<div class=\"elementor-element elementor-element-bc6aab7 elementor-widget elementor-widget-text-editor\" data-id=\"bc6aab7\" data-element_type=\"widget\" data-e-type=\"widget\" data-widget_type=\"text-editor.default\">\n\t\t\t\t<div class=\"elementor-widget-container\">\n\t\t\t\t\t\t\t\t\t<h1>Retningslinjer for informasjonskapsler<\/h1>\n<div class=\"elementor-element elementor-element-9635322 elementor-icon-list--layout-traditional elementor-list-item-link-full_width elementor-widget elementor-widget-icon-list\" data-id=\"9635322\" data-element_type=\"widget\" data-widget_type=\"icon-list.default\">\n<div class=\"elementor-widget-container\">\n<h3>Hva er en informasjonskapsel?<\/h3>\n<\/div>\n<\/div>\n<p>En informasjonskapsel er en liten datafil som lagres i nettleseren din. Dette betyr at nettsiden v\u00e5r kan gjenkjenne datamaskinen din etter at du har bes\u00f8kt oss \u00e9n gang. For \u00e5 forbedre brukervennligheten bruker vi informasjonskapsler, og de kan ikke skade filene dine eller \u00f8ke risikoen for virus p\u00e5 datamaskinen din.<\/p>\n<h3>Hva bruker vi informasjonskapsler til?<\/h3>\n<p>Denne nettsiden bruker informasjonskapsler. Mange funksjoner p\u00e5 nettsiden er avhengig av informasjonskapsler, og vi setter dem prim\u00e6rt for \u00e5 ha en god og funksjonell side. Informasjonskapsler bidrar til \u00e5 f\u00e5 oversikt over ditt bes\u00f8k p\u00e5 nettsiden v\u00e5r, og vi bruker dem ogs\u00e5 for eksempel til \u00e5 lage relevant markedsf\u00f8ring. Nettstedet bruker ulike typer informasjonskapsler, inkludert tredjepartstjenester (f.eks. Google, Facebook). Du kan lese mer om hvem vi er, hvordan du kan kontakte oss og hvordan vi behandler dine personopplysninger i v\u00e5r personopplysningspolicy.<\/p>\n<h4>Strengt n\u00f8dvendige<\/h4>\n<p>N\u00f8dvendige informasjonskapsler er en forutsetning for at nettsidens grunnleggende funksjoner kan brukes, for eksempel sidenavigering. Nettstedet kan ikke fungere som det skal uten n\u00f8dvendige informasjonskapsler.<\/p>\n<h4>Opptreden<\/h4>\n<p>Statistiske informasjonskapsler gir mulighet til \u00e5 skape innsikt i brukerens interaksjon med nettsiden. Data samles inn og rapporteres anonymt.<\/p>\n<h4>Rettet mot<\/h4>\n<p>Vi bruker markedsf\u00f8ringsinformasjonskapsler for \u00e5 spore brukere p\u00e5 tvers av nettsteder. Dette gj\u00f8r det mulig \u00e5 vise relevante annonser.<\/p>\n<h4>Funksjonalitet<\/h4>\n<p>Funksjonalitetsrelaterte informasjonskapsler brukes for eksempel for \u00e5 huske hvilket spr\u00e5k brukeren foretrekker.<\/p>\n<h4>Uklassifisert<\/h4>\n<p>Vi er i ferd med \u00e5 klassifisere uklassifiserte informasjonskapsler sammen med leverand\u00f8rene av de enkelte informasjonskapslene.<\/p>\n\t\t\t\t\t\t\t\t<\/div>\n\t\t\t\t<\/div>\n\t\t\t\t<div class=\"elementor-element elementor-element-fb1d50a elementor-widget elementor-widget-html\" data-id=\"fb1d50a\" data-element_type=\"widget\" data-e-type=\"widget\" data-widget_type=\"html.default\">\n\t\t\t\t<div class=\"elementor-widget-container\">\n\t\t\t\t\t<script type=\"text\/javascript\" charset=\"UTF-8\" data-cookiescriptreport=\"report\" src=\"\/\/report.cookie-script.com\/r\/73ed97f1beb33f8ec6f0553688b354af.js\"><\/script>\t\t\t\t<\/div>\n\t\t\t\t<\/div>\n\t\t\t\t\t<\/div>\n\t\t<\/div>\n\t\t\t\t\t<\/div>\n\t\t<\/section>\n\t\t\t\t<section class=\"elementor-section elementor-top-section elementor-element elementor-element-fe44a49 elementor-section-boxed elementor-section-height-default elementor-section-height-default\" data-id=\"fe44a49\" data-element_type=\"section\" data-e-type=\"section\">\n\t\t\t\t\t\t<div class=\"elementor-container elementor-column-gap-default\">\n\t\t\t\t\t<div class=\"elementor-column elementor-col-100 elementor-top-column elementor-element elementor-element-6f998f0\" data-id=\"6f998f0\" data-element_type=\"column\" data-e-type=\"column\">\n\t\t\t<div class=\"elementor-widget-wrap elementor-element-populated\">\n\t\t\t\t\t\t<div class=\"elementor-element elementor-element-373a950 elementor-widget elementor-widget-text-editor\" data-id=\"373a950\" data-element_type=\"widget\" data-e-type=\"widget\" data-widget_type=\"text-editor.default\">\n\t\t\t\t<div class=\"elementor-widget-container\">\n\t\t\t\t\t\t\t\t\t<h3>Hvordan endrer du samtykket ditt?<\/h3>\n<p>Du kan n\u00e5r som helst trekke tilbake ditt samtykke til informasjonskapsler ved \u00e5 fjerne hakene rett over listen over informasjonskapsler og klikke p\u00e5 Lagre. Ditt samtykke vil da bli oppdatert. Du kan ogs\u00e5 alltid avvise informasjonskapsler p\u00e5 enheten din ved \u00e5 endre innstillingene i nettleseren din. Hvis du \u00f8nsker \u00e5 slette eller blokkere tredjeparts informasjonskapsler, kan de kun gj\u00f8res i nettleseren din. Husk at du m\u00e5 slette eller blokkere informasjonskapsler i alle nettlesere du bruker.<\/p>\n<h3>Endringer<\/h3>\n<p>Jambo Feriepark A\/S forbeholder seg retten til \u00e5 endre og oppdatere policyen for informasjonskapsler. Sist oppdatert 1. mars 2023<\/p>\t\t\t\t\t\t\t\t<\/div>\n\t\t\t\t<\/div>\n\t\t\t\t\t<\/div>\n\t\t<\/div>\n\t\t\t\t\t<\/div>\n\t\t<\/section>\n\t\t\t\t<\/div>\n\t\t","protected":false},"excerpt":{"rendered":"<p>Retningslinjer for informasjonskapsler Hva er en informasjonskapsel? En informasjonskapsel er en liten datafil som lagres i nettleseren din. Dette betyr at nettsiden v\u00e5r kan gjenkjenne datamaskinen din etter at du har bes\u00f8kt oss \u00e9n gang. For \u00e5 forbedre brukervennligheten bruker vi informasjonskapsler, og de kan ikke skade filene dine eller \u00f8ke risikoen for virus p\u00e5 [&hellip;]<\/p>\n","protected":false},"author":6,"featured_media":0,"parent":0,"menu_order":0,"comment_status":"closed","ping_status":"closed","template":"","meta":{"_acf_changed":false,"footnotes":""},"class_list":["post-5344","page","type-page","status-publish","hentry"],"acf":[],"yoast_head":"<!-- This site is optimized with the Yoast SEO plugin v27.4 - https:\/\/yoast.com\/product\/yoast-seo-wordpress\/ -->\n<title>Informasjonskapsler - jambo feriepark<\/title>\n<meta name=\"description\" content=\"Hva er informasjonskapsler og hvordan bruker vi dem? Her er Jambo Ferieparks retningslinjer for informasjonskapsler, slik at du kan bestemme deg selv.\" \/>\n<meta name=\"robots\" content=\"noindex, follow\" \/>\n<meta property=\"og:locale\" content=\"nb_NO\" \/>\n<meta property=\"og:type\" content=\"article\" \/>\n<meta property=\"og:title\" content=\"Informasjonskapsler - jambo feriepark\" \/>\n<meta property=\"og:description\" content=\"Hva er informasjonskapsler og hvordan bruker vi dem? Her er Jambo Ferieparks retningslinjer for informasjonskapsler, slik at du kan bestemme deg selv.\" \/>\n<meta property=\"og:url\" content=\"https:\/\/jambo.dk\/no\/cookies\" \/>\n<meta property=\"og:site_name\" content=\"jambo feriepark\" \/>\n<meta property=\"article:publisher\" content=\"https:\/\/www.facebook.com\/feriepark\/\" \/>\n<meta property=\"article:modified_time\" content=\"2024-10-19T19:56:21+00:00\" \/>\n<meta name=\"twitter:card\" content=\"summary_large_image\" \/>\n<meta name=\"twitter:label1\" content=\"Ansl. lesetid\" \/>\n\t<meta name=\"twitter:data1\" content=\"4 minutter\" \/>\n<script type=\"application\/ld+json\" class=\"yoast-schema-graph\">{\"@context\":\"https:\\\/\\\/schema.org\",\"@graph\":[{\"@type\":\"WebPage\",\"@id\":\"https:\\\/\\\/jambo.dk\\\/no\\\/cookies\",\"url\":\"https:\\\/\\\/jambo.dk\\\/no\\\/cookies\",\"name\":\"Informasjonskapsler - jambo feriepark\",\"isPartOf\":{\"@id\":\"https:\\\/\\\/jambo.dk\\\/no#website\"},\"datePublished\":\"2022-08-03T08:41:34+00:00\",\"dateModified\":\"2024-10-19T19:56:21+00:00\",\"description\":\"Hva er informasjonskapsler og hvordan bruker vi dem? Her er Jambo Ferieparks retningslinjer for informasjonskapsler, slik at du kan bestemme deg selv.\",\"breadcrumb\":{\"@id\":\"https:\\\/\\\/jambo.dk\\\/no\\\/cookies#breadcrumb\"},\"inLanguage\":\"nb-NO\",\"potentialAction\":[{\"@type\":\"ReadAction\",\"target\":[\"https:\\\/\\\/jambo.dk\\\/no\\\/cookies\"]}]},{\"@type\":\"BreadcrumbList\",\"@id\":\"https:\\\/\\\/jambo.dk\\\/no\\\/cookies#breadcrumb\",\"itemListElement\":[{\"@type\":\"ListItem\",\"position\":1,\"name\":\"Hjem\",\"item\":\"https:\\\/\\\/jambo.dk\\\/no\\\/forside\"},{\"@type\":\"ListItem\",\"position\":2,\"name\":\"Informasjonskapsler\"}]},{\"@type\":\"WebSite\",\"@id\":\"https:\\\/\\\/jambo.dk\\\/no#website\",\"url\":\"https:\\\/\\\/jambo.dk\\\/no\",\"name\":\"jambo feriepark\",\"description\":\"5 stjerners campingplads\",\"publisher\":{\"@id\":\"https:\\\/\\\/jambo.dk\\\/no#organization\"},\"potentialAction\":[{\"@type\":\"SearchAction\",\"target\":{\"@type\":\"EntryPoint\",\"urlTemplate\":\"https:\\\/\\\/jambo.dk\\\/no?s={search_term_string}\"},\"query-input\":{\"@type\":\"PropertyValueSpecification\",\"valueRequired\":true,\"valueName\":\"search_term_string\"}}],\"inLanguage\":\"nb-NO\"},{\"@type\":\"Organization\",\"@id\":\"https:\\\/\\\/jambo.dk\\\/no#organization\",\"name\":\"Jambo Feriepark A\\\/S\",\"url\":\"https:\\\/\\\/jambo.dk\\\/no\",\"logo\":{\"@type\":\"ImageObject\",\"inLanguage\":\"nb-NO\",\"@id\":\"https:\\\/\\\/jambo.dk\\\/no#\\\/schema\\\/logo\\\/image\\\/\",\"url\":\"https:\\\/\\\/jambo.dk\\\/wp-content\\\/uploads\\\/2022\\\/03\\\/logo.png\",\"contentUrl\":\"https:\\\/\\\/jambo.dk\\\/wp-content\\\/uploads\\\/2022\\\/03\\\/logo.png\",\"width\":457,\"height\":196,\"caption\":\"Jambo Feriepark A\\\/S\"},\"image\":{\"@id\":\"https:\\\/\\\/jambo.dk\\\/no#\\\/schema\\\/logo\\\/image\\\/\"},\"sameAs\":[\"https:\\\/\\\/www.facebook.com\\\/feriepark\\\/\"]}]}<\/script>\n<!-- \/ Yoast SEO plugin. -->","yoast_head_json":{"title":"Informasjonskapsler - jambo feriepark","description":"Hva er informasjonskapsler og hvordan bruker vi dem? Her er Jambo Ferieparks retningslinjer for informasjonskapsler, slik at du kan bestemme deg selv.","robots":{"index":"noindex","follow":"follow"},"og_locale":"nb_NO","og_type":"article","og_title":"Informasjonskapsler - jambo feriepark","og_description":"Hva er informasjonskapsler og hvordan bruker vi dem? Her er Jambo Ferieparks retningslinjer for informasjonskapsler, slik at du kan bestemme deg selv.","og_url":"https:\/\/jambo.dk\/no\/cookies","og_site_name":"jambo feriepark","article_publisher":"https:\/\/www.facebook.com\/feriepark\/","article_modified_time":"2024-10-19T19:56:21+00:00","twitter_card":"summary_large_image","twitter_misc":{"Ansl. lesetid":"4 minutter"},"schema":{"@context":"https:\/\/schema.org","@graph":[{"@type":"WebPage","@id":"https:\/\/jambo.dk\/no\/cookies","url":"https:\/\/jambo.dk\/no\/cookies","name":"Informasjonskapsler - jambo feriepark","isPartOf":{"@id":"https:\/\/jambo.dk\/no#website"},"datePublished":"2022-08-03T08:41:34+00:00","dateModified":"2024-10-19T19:56:21+00:00","description":"Hva er informasjonskapsler og hvordan bruker vi dem? Her er Jambo Ferieparks retningslinjer for informasjonskapsler, slik at du kan bestemme deg selv.","breadcrumb":{"@id":"https:\/\/jambo.dk\/no\/cookies#breadcrumb"},"inLanguage":"nb-NO","potentialAction":[{"@type":"ReadAction","target":["https:\/\/jambo.dk\/no\/cookies"]}]},{"@type":"BreadcrumbList","@id":"https:\/\/jambo.dk\/no\/cookies#breadcrumb","itemListElement":[{"@type":"ListItem","position":1,"name":"Hjem","item":"https:\/\/jambo.dk\/no\/forside"},{"@type":"ListItem","position":2,"name":"Informasjonskapsler"}]},{"@type":"WebSite","@id":"https:\/\/jambo.dk\/no#website","url":"https:\/\/jambo.dk\/no","name":"jambo feriepark","description":"5 stjerners campingplads","publisher":{"@id":"https:\/\/jambo.dk\/no#organization"},"potentialAction":[{"@type":"SearchAction","target":{"@type":"EntryPoint","urlTemplate":"https:\/\/jambo.dk\/no?s={search_term_string}"},"query-input":{"@type":"PropertyValueSpecification","valueRequired":true,"valueName":"search_term_string"}}],"inLanguage":"nb-NO"},{"@type":"Organization","@id":"https:\/\/jambo.dk\/no#organization","name":"Jambo Feriepark A\/S","url":"https:\/\/jambo.dk\/no","logo":{"@type":"ImageObject","inLanguage":"nb-NO","@id":"https:\/\/jambo.dk\/no#\/schema\/logo\/image\/","url":"https:\/\/jambo.dk\/wp-content\/uploads\/2022\/03\/logo.png","contentUrl":"https:\/\/jambo.dk\/wp-content\/uploads\/2022\/03\/logo.png","width":457,"height":196,"caption":"Jambo Feriepark A\/S"},"image":{"@id":"https:\/\/jambo.dk\/no#\/schema\/logo\/image\/"},"sameAs":["https:\/\/www.facebook.com\/feriepark\/"]}]}},"_links":{"self":[{"href":"https:\/\/jambo.dk\/no\/wp-json\/wp\/v2\/pages\/5344","targetHints":{"allow":["GET"]}}],"collection":[{"href":"https:\/\/jambo.dk\/no\/wp-json\/wp\/v2\/pages"}],"about":[{"href":"https:\/\/jambo.dk\/no\/wp-json\/wp\/v2\/types\/page"}],"author":[{"embeddable":true,"href":"https:\/\/jambo.dk\/no\/wp-json\/wp\/v2\/users\/6"}],"replies":[{"embeddable":true,"href":"https:\/\/jambo.dk\/no\/wp-json\/wp\/v2\/comments?post=5344"}],"version-history":[{"count":15,"href":"https:\/\/jambo.dk\/no\/wp-json\/wp\/v2\/pages\/5344\/revisions"}],"predecessor-version":[{"id":11574,"href":"https:\/\/jambo.dk\/no\/wp-json\/wp\/v2\/pages\/5344\/revisions\/11574"}],"wp:attachment":[{"href":"https:\/\/jambo.dk\/no\/wp-json\/wp\/v2\/media?parent=5344"}],"curies":[{"name":"wp","href":"https:\/\/api.w.org\/{rel}","templated":true}]}}