{"id":8001,"date":"2022-09-08T08:05:39","date_gmt":"2022-09-08T08:05:39","guid":{"rendered":"https:\/\/jambo.dk\/?page_id=8001"},"modified":"2024-07-31T15:06:14","modified_gmt":"2024-07-31T15:06:14","slug":"baderegler","status":"publish","type":"page","link":"https:\/\/jambo.dk\/no\/baderegler","title":{"rendered":"Baderegler"},"content":{"rendered":"\t\t<div data-elementor-type=\"wp-page\" data-elementor-id=\"8001\" class=\"elementor elementor-8001 elementor-6682\" data-elementor-post-type=\"page\">\n\t\t\t\t\t\t<section class=\"elementor-section elementor-top-section elementor-element elementor-element-33a9458 elementor-section-boxed elementor-section-height-default elementor-section-height-default\" data-id=\"33a9458\" data-element_type=\"section\" data-e-type=\"section\" data-settings=\"{&quot;background_background&quot;:&quot;classic&quot;}\">\n\t\t\t\t\t\t\t<div class=\"elementor-background-overlay\"><\/div>\n\t\t\t\t\t\t\t<div class=\"elementor-container elementor-column-gap-default\">\n\t\t\t\t\t<div class=\"elementor-column elementor-col-100 elementor-top-column elementor-element elementor-element-01a3e8c\" data-id=\"01a3e8c\" data-element_type=\"column\" data-e-type=\"column\">\n\t\t\t<div class=\"elementor-widget-wrap elementor-element-populated\">\n\t\t\t\t\t\t<section class=\"elementor-section elementor-inner-section elementor-element elementor-element-b4f7a10 elementor-section-content-middle elementor-section-boxed elementor-section-height-default elementor-section-height-default\" data-id=\"b4f7a10\" data-element_type=\"section\" data-e-type=\"section\">\n\t\t\t\t\t\t<div class=\"elementor-container elementor-column-gap-default\">\n\t\t\t\t\t<div class=\"elementor-column elementor-col-100 elementor-inner-column elementor-element elementor-element-3d887b1\" data-id=\"3d887b1\" data-element_type=\"column\" data-e-type=\"column\">\n\t\t\t<div class=\"elementor-widget-wrap elementor-element-populated\">\n\t\t\t\t\t\t<div class=\"elementor-element elementor-element-7c5347e elementor-widget__width-auto elementor-view-default elementor-widget elementor-widget-icon\" data-id=\"7c5347e\" data-element_type=\"widget\" data-e-type=\"widget\" data-widget_type=\"icon.default\">\n\t\t\t\t<div class=\"elementor-widget-container\">\n\t\t\t\t\t\t\t<div class=\"elementor-icon-wrapper\">\n\t\t\t<div class=\"elementor-icon\">\n\t\t\t<i aria-hidden=\"true\" class=\"fas fa-star\"><\/i>\t\t\t<\/div>\n\t\t<\/div>\n\t\t\t\t\t\t<\/div>\n\t\t\t\t<\/div>\n\t\t\t\t<div class=\"elementor-element elementor-element-9d8607b elementor-widget__width-auto elementor-view-default elementor-widget elementor-widget-icon\" data-id=\"9d8607b\" data-element_type=\"widget\" data-e-type=\"widget\" data-widget_type=\"icon.default\">\n\t\t\t\t<div class=\"elementor-widget-container\">\n\t\t\t\t\t\t\t<div class=\"elementor-icon-wrapper\">\n\t\t\t<div class=\"elementor-icon\">\n\t\t\t<i aria-hidden=\"true\" class=\"fas fa-star\"><\/i>\t\t\t<\/div>\n\t\t<\/div>\n\t\t\t\t\t\t<\/div>\n\t\t\t\t<\/div>\n\t\t\t\t<div class=\"elementor-element elementor-element-4d21155 elementor-widget__width-auto elementor-view-default elementor-widget elementor-widget-icon\" data-id=\"4d21155\" data-element_type=\"widget\" data-e-type=\"widget\" data-widget_type=\"icon.default\">\n\t\t\t\t<div class=\"elementor-widget-container\">\n\t\t\t\t\t\t\t<div class=\"elementor-icon-wrapper\">\n\t\t\t<div class=\"elementor-icon\">\n\t\t\t<i aria-hidden=\"true\" class=\"fas fa-star\"><\/i>\t\t\t<\/div>\n\t\t<\/div>\n\t\t\t\t\t\t<\/div>\n\t\t\t\t<\/div>\n\t\t\t\t<div class=\"elementor-element elementor-element-da9e8e1 elementor-widget__width-auto elementor-view-default elementor-widget elementor-widget-icon\" data-id=\"da9e8e1\" data-element_type=\"widget\" data-e-type=\"widget\" data-widget_type=\"icon.default\">\n\t\t\t\t<div class=\"elementor-widget-container\">\n\t\t\t\t\t\t\t<div class=\"elementor-icon-wrapper\">\n\t\t\t<div class=\"elementor-icon\">\n\t\t\t<i aria-hidden=\"true\" class=\"fas fa-star\"><\/i>\t\t\t<\/div>\n\t\t<\/div>\n\t\t\t\t\t\t<\/div>\n\t\t\t\t<\/div>\n\t\t\t\t<div class=\"elementor-element elementor-element-078bf92 elementor-widget__width-auto elementor-view-default elementor-widget elementor-widget-icon\" data-id=\"078bf92\" data-element_type=\"widget\" data-e-type=\"widget\" data-widget_type=\"icon.default\">\n\t\t\t\t<div class=\"elementor-widget-container\">\n\t\t\t\t\t\t\t<div class=\"elementor-icon-wrapper\">\n\t\t\t<div class=\"elementor-icon\">\n\t\t\t<i aria-hidden=\"true\" class=\"fas fa-star\"><\/i>\t\t\t<\/div>\n\t\t<\/div>\n\t\t\t\t\t\t<\/div>\n\t\t\t\t<\/div>\n\t\t\t\t\t<\/div>\n\t\t<\/div>\n\t\t\t\t\t<\/div>\n\t\t<\/section>\n\t\t\t\t<div class=\"elementor-element elementor-element-e6ae547 elementor-widget elementor-widget-heading\" data-id=\"e6ae547\" data-element_type=\"widget\" data-e-type=\"widget\" data-widget_type=\"heading.default\">\n\t\t\t\t<div class=\"elementor-widget-container\">\n\t\t\t\t\t<h1 class=\"elementor-heading-title elementor-size-default\">Baderegler<\/h1>\t\t\t\t<\/div>\n\t\t\t\t<\/div>\n\t\t\t\t<div class=\"elementor-element elementor-element-f5548c2 elementor-align-center elementor-widget elementor-widget-breadcrumbs\" data-id=\"f5548c2\" data-element_type=\"widget\" data-e-type=\"widget\" data-widget_type=\"breadcrumbs.default\">\n\t\t\t\t<div class=\"elementor-widget-container\">\n\t\t\t\t\t<p id=\"breadcrumbs\"><span><span><a href=\"https:\/\/jambo.dk\/no\/forside\">Hjem<\/a><\/span><\/span><\/p>\t\t\t\t<\/div>\n\t\t\t\t<\/div>\n\t\t\t\t\t<\/div>\n\t\t<\/div>\n\t\t\t\t\t<\/div>\n\t\t<\/section>\n\t\t\t\t<section class=\"elementor-section elementor-top-section elementor-element elementor-element-fa54390 elementor-section-boxed elementor-section-height-default elementor-section-height-default\" data-id=\"fa54390\" data-element_type=\"section\" data-e-type=\"section\">\n\t\t\t\t\t\t<div class=\"elementor-container elementor-column-gap-default\">\n\t\t\t\t\t<div class=\"elementor-column elementor-col-50 elementor-top-column elementor-element elementor-element-2357982\" data-id=\"2357982\" data-element_type=\"column\" data-e-type=\"column\" data-settings=\"{&quot;background_background&quot;:&quot;classic&quot;}\">\n\t\t\t<div class=\"elementor-widget-wrap elementor-element-populated\">\n\t\t\t\t\t\t<div class=\"elementor-element elementor-element-7e31662 elementor-drop-cap-yes elementor-drop-cap-view-default elementor-widget elementor-widget-text-editor\" data-id=\"7e31662\" data-element_type=\"widget\" data-e-type=\"widget\" data-settings=\"{&quot;drop_cap&quot;:&quot;yes&quot;}\" data-widget_type=\"text-editor.default\">\n\t\t\t\t<div class=\"elementor-widget-container\">\n\t\t\t\t\t\t\t\t\t<p>1 Jambos sv\u00f8mmebasseng er utstyrt med et ekstra stort filtreringssystem og automatisk dosering av klor. Jo bedre gjestene vasker seg, jo mindre klor m\u00e5 vi tilsette.<\/p>\n<p>Klor kan irritere \u00f8yne og slimhinner, s\u00e5 jo bedre du vasker deg, jo bedre vannkvalitet for alles skyld. For at alle skal kunne sv\u00f8mme trygt i sv\u00f8mmebassenget v\u00e5rt, ber vi deg f\u00f8lge noen f\u00e5 hygieneregler.<\/p>\n<p>Skulle det skje en ulykke i sv\u00f8mmehallen ber vi deg kontakte oss i informasjonen slik at vi kan ta h\u00e5nd om det.<\/p>\n<p>Hvis du lider av infeksjonssykdommer (diar\u00e9sykdommer, forkj\u00f8lelse, s\u00e5r hals, \u00f8yebetennelse, \u00f8rebetennelse og hudinfeksjoner), m\u00e5 du ikke bade i sv\u00f8mmebassenget.<\/p>\n\t\t\t\t\t\t\t\t<\/div>\n\t\t\t\t<\/div>\n\t\t\t\t\t<\/div>\n\t\t<\/div>\n\t\t\t\t<div class=\"elementor-column elementor-col-50 elementor-top-column elementor-element elementor-element-dd2de60 elementor-hidden-mobile\" data-id=\"dd2de60\" data-element_type=\"column\" data-e-type=\"column\">\n\t\t\t<div class=\"elementor-widget-wrap elementor-element-populated\">\n\t\t\t\t\t\t<div class=\"elementor-element elementor-element-49ab8fc elementor-widget elementor-widget-image\" data-id=\"49ab8fc\" data-element_type=\"widget\" data-e-type=\"widget\" data-widget_type=\"image.default\">\n\t\t\t\t<div class=\"elementor-widget-container\">\n\t\t\t\t\t\t\t\t\t\t\t\t\t\t\t<img fetchpriority=\"high\" decoding=\"async\" width=\"768\" height=\"510\" src=\"https:\/\/jambo.dk\/wp-content\/uploads\/2022\/04\/629c1545aeff4481519dd0787ff3d428-768x510.jpeg\" class=\"attachment-medium_large size-medium_large wp-image-2061\" alt=\"Swimmingpool for hele familie\" srcset=\"https:\/\/jambo.dk\/wp-content\/uploads\/2022\/04\/629c1545aeff4481519dd0787ff3d428-768x510.jpeg 768w, https:\/\/jambo.dk\/wp-content\/uploads\/2022\/04\/629c1545aeff4481519dd0787ff3d428-300x199.jpeg 300w, https:\/\/jambo.dk\/wp-content\/uploads\/2022\/04\/629c1545aeff4481519dd0787ff3d428.jpeg 960w\" sizes=\"(max-width: 768px) 100vw, 768px\" \/>\t\t\t\t\t\t\t\t\t\t\t\t\t\t\t<\/div>\n\t\t\t\t<\/div>\n\t\t\t\t\t<\/div>\n\t\t<\/div>\n\t\t\t\t\t<\/div>\n\t\t<\/section>\n\t\t\t\t<section class=\"elementor-section elementor-top-section elementor-element elementor-element-fcdc767 elementor-section-boxed elementor-section-height-default elementor-section-height-default\" data-id=\"fcdc767\" data-element_type=\"section\" data-e-type=\"section\">\n\t\t\t\t\t\t<div class=\"elementor-container elementor-column-gap-default\">\n\t\t\t\t\t<div class=\"elementor-column elementor-col-50 elementor-top-column elementor-element elementor-element-686430c elementor-hidden-mobile\" data-id=\"686430c\" data-element_type=\"column\" data-e-type=\"column\">\n\t\t\t<div class=\"elementor-widget-wrap elementor-element-populated\">\n\t\t\t\t\t\t<div class=\"elementor-element elementor-element-516338f elementor-widget elementor-widget-image\" data-id=\"516338f\" data-element_type=\"widget\" data-e-type=\"widget\" data-widget_type=\"image.default\">\n\t\t\t\t<div class=\"elementor-widget-container\">\n\t\t\t\t\t\t\t\t\t\t\t\t\t\t\t<img decoding=\"async\" width=\"768\" height=\"510\" src=\"https:\/\/jambo.dk\/wp-content\/uploads\/2022\/04\/005b20aeb272dee56d442b4bf332a2a7-768x510.jpeg\" class=\"attachment-medium_large size-medium_large wp-image-2049\" alt=\"Jacuzzi med plads til 8\" srcset=\"https:\/\/jambo.dk\/wp-content\/uploads\/2022\/04\/005b20aeb272dee56d442b4bf332a2a7-768x510.jpeg 768w, https:\/\/jambo.dk\/wp-content\/uploads\/2022\/04\/005b20aeb272dee56d442b4bf332a2a7-300x199.jpeg 300w, https:\/\/jambo.dk\/wp-content\/uploads\/2022\/04\/005b20aeb272dee56d442b4bf332a2a7.jpeg 960w\" sizes=\"(max-width: 768px) 100vw, 768px\" \/>\t\t\t\t\t\t\t\t\t\t\t\t\t\t\t<\/div>\n\t\t\t\t<\/div>\n\t\t\t\t\t<\/div>\n\t\t<\/div>\n\t\t\t\t<div class=\"elementor-column elementor-col-50 elementor-top-column elementor-element elementor-element-7055fc6\" data-id=\"7055fc6\" data-element_type=\"column\" data-e-type=\"column\" data-settings=\"{&quot;background_background&quot;:&quot;classic&quot;}\">\n\t\t\t<div class=\"elementor-widget-wrap elementor-element-populated\">\n\t\t\t\t\t\t<div class=\"elementor-element elementor-element-7a14b9e elementor-drop-cap-yes elementor-drop-cap-view-default elementor-widget elementor-widget-text-editor\" data-id=\"7a14b9e\" data-element_type=\"widget\" data-e-type=\"widget\" data-settings=\"{&quot;drop_cap&quot;:&quot;yes&quot;}\" data-widget_type=\"text-editor.default\">\n\t\t\t\t<div class=\"elementor-widget-container\">\n\t\t\t\t\t\t\t\t\t<p>2 F\u00f8r du hopper i sv\u00f8mmebassenget er det viktig at du har vasket deg godt <span style=\"text-decoration: underline;\">uten badet\u00f8y.<\/span><\/p>\n<p>Vask h\u00e5ret, det kan v\u00e6re fett og eventuelle h\u00e5rprodukter m\u00e5 vaskes ut. <span style=\"color: var( --e-global-color-text ); font-family: var( --e-global-typography-text-font-family ), Sans-serif; font-weight: var( --e-global-typography-text-font-weight ); font-size: 1rem;\">Vask kroppen grundig, v\u00e6r spesielt oppmerksom p\u00e5 armhuler, f\u00f8tter osv.<\/span><\/p>\n<p><span style=\"color: var( --e-global-color-text ); font-family: var( --e-global-typography-text-font-family ), Sans-serif; font-weight: var( --e-global-typography-text-font-weight ); font-size: 1rem;\">Pass p\u00e5 at du g\u00e5r p\u00e5 toalettet f\u00f8r du bader. Etter hvert toalettbes\u00f8k er det viktig at du vasker deg grundig f\u00f8r du hopper i sv\u00f8mmebassenget igjen.<\/span><\/p>\n<p>Av hensyn til de andre badegjestene m\u00e5 sm\u00e5 barn bruke bleie for \u00e5 unng\u00e5 ulykker i vannet.<\/p>\n<p>Mindre barn m\u00e5 v\u00e6re i f\u00f8lge med voksne. Hunder er ikke tillatt i bassengomr\u00e5det.<\/p>\n\t\t\t\t\t\t\t\t<\/div>\n\t\t\t\t<\/div>\n\t\t\t\t\t<\/div>\n\t\t<\/div>\n\t\t\t\t\t<\/div>\n\t\t<\/section>\n\t\t\t\t<section class=\"elementor-section elementor-top-section elementor-element elementor-element-127a9be elementor-section-boxed elementor-section-height-default elementor-section-height-default\" data-id=\"127a9be\" data-element_type=\"section\" data-e-type=\"section\">\n\t\t\t\t\t\t<div class=\"elementor-container elementor-column-gap-default\">\n\t\t\t\t\t<div class=\"elementor-column elementor-col-50 elementor-top-column elementor-element elementor-element-78d4ff9\" data-id=\"78d4ff9\" data-element_type=\"column\" data-e-type=\"column\" data-settings=\"{&quot;background_background&quot;:&quot;classic&quot;}\">\n\t\t\t<div class=\"elementor-widget-wrap elementor-element-populated\">\n\t\t\t\t\t\t<div class=\"elementor-element elementor-element-ff0e64d elementor-drop-cap-yes elementor-drop-cap-view-default elementor-widget elementor-widget-text-editor\" data-id=\"ff0e64d\" data-element_type=\"widget\" data-e-type=\"widget\" data-settings=\"{&quot;drop_cap&quot;:&quot;yes&quot;}\" data-widget_type=\"text-editor.default\">\n\t\t\t\t<div class=\"elementor-widget-container\">\n\t\t\t\t\t\t\t\t\t<p>3 I et boblebad er det mange mennesker i en liten mengde vann. Dessuten er vannet varmere.<\/p>\n<p>For \u00e5 sikre at vannet alltid er rent og trygt \u00e5 bade i, m\u00e5 du kun bade n\u00e5r det er bobler i vannet. Hvis det ikke er bobler, blir vannet renset og filtrert, s\u00e5 det er klart for neste gruppe badende. <span style=\"color: var( --e-global-color-text ); font-family: var( --e-global-typography-text-font-family ), Sans-serif; font-weight: var( --e-global-typography-text-font-weight ); background-color: var( --e-global-color-9a46ce1 ); font-size: 1rem;\">Mat og drikke m\u00e5 ikke tas med i badevannet.<\/span><\/p>\n\t\t\t\t\t\t\t\t<\/div>\n\t\t\t\t<\/div>\n\t\t\t\t<div class=\"elementor-element elementor-element-2869148 elementor-drop-cap-yes elementor-drop-cap-view-default elementor-widget elementor-widget-text-editor\" data-id=\"2869148\" data-element_type=\"widget\" data-e-type=\"widget\" data-settings=\"{&quot;drop_cap&quot;:&quot;yes&quot;}\" data-widget_type=\"text-editor.default\">\n\t\t\t\t<div class=\"elementor-widget-container\">\n\t\t\t\t\t\t\t\t\t<p>4 N\u00e5r du er ferdig med \u00e5 bade, b\u00f8r du ta en dusj for \u00e5 vaske av klorvannet. Det v\u00e5te badet\u00f8yet skal ikke brukes i lang tid etter bading.<\/p>\n\t\t\t\t\t\t\t\t<\/div>\n\t\t\t\t<\/div>\n\t\t\t\t<div class=\"elementor-element elementor-element-a01998c elementor-drop-cap-yes elementor-drop-cap-view-default elementor-widget elementor-widget-text-editor\" data-id=\"a01998c\" data-element_type=\"widget\" data-e-type=\"widget\" data-settings=\"{&quot;drop_cap&quot;:&quot;yes&quot;}\" data-widget_type=\"text-editor.default\">\n\t\t\t\t<div class=\"elementor-widget-container\">\n\t\t\t\t\t\t\t\t\t<p>5 Vis hensyn til de andre badegjestene.<\/p>\n\t\t\t\t\t\t\t\t<\/div>\n\t\t\t\t<\/div>\n\t\t\t\t\t<\/div>\n\t\t<\/div>\n\t\t\t\t<div class=\"elementor-column elementor-col-50 elementor-top-column elementor-element elementor-element-5c9c2cc elementor-hidden-mobile\" data-id=\"5c9c2cc\" data-element_type=\"column\" data-e-type=\"column\">\n\t\t\t<div class=\"elementor-widget-wrap elementor-element-populated\">\n\t\t\t\t\t\t<div class=\"elementor-element elementor-element-ea45354 elementor-widget elementor-widget-image\" data-id=\"ea45354\" data-element_type=\"widget\" data-e-type=\"widget\" data-widget_type=\"image.default\">\n\t\t\t\t<div class=\"elementor-widget-container\">\n\t\t\t\t\t\t\t\t\t\t\t\t\t\t\t<img decoding=\"async\" width=\"633\" height=\"603\" src=\"https:\/\/jambo.dk\/wp-content\/uploads\/2022\/08\/67780323_2535964153129418_2633029675042996224_n.png\" class=\"attachment-medium_large size-medium_large wp-image-5213\" alt=\"\" \/>\t\t\t\t\t\t\t\t\t\t\t\t\t\t\t<\/div>\n\t\t\t\t<\/div>\n\t\t\t\t\t<\/div>\n\t\t<\/div>\n\t\t\t\t\t<\/div>\n\t\t<\/section>\n\t\t\t\t<\/div>\n\t\t","protected":false},"excerpt":{"rendered":"<p>1 Jambos sv\u00f8mmebasseng er utstyrt med et ekstra stort filtreringssystem og automatisk dosering av klor. Jo bedre gjestene vasker seg, jo mindre klor m\u00e5 vi tilsette. Klor kan irritere \u00f8yne og slimhinner, s\u00e5 jo bedre du vasker deg, jo bedre vannkvalitet for alles skyld. For at alle skal kunne sv\u00f8mme trygt i sv\u00f8mmebassenget v\u00e5rt, ber [&hellip;]<\/p>\n","protected":false},"author":1,"featured_media":0,"parent":0,"menu_order":0,"comment_status":"closed","ping_status":"closed","template":"","meta":{"_acf_changed":false,"footnotes":""},"class_list":["post-8001","page","type-page","status-publish","hentry"],"acf":[],"yoast_head":"<!-- This site is optimized with the Yoast SEO plugin v27.4 - https:\/\/yoast.com\/product\/yoast-seo-wordpress\/ -->\n<title>Baderegler - jambo feriepark<\/title>\n<meta name=\"robots\" content=\"noindex, nofollow\" \/>\n<meta property=\"og:locale\" content=\"nb_NO\" \/>\n<meta property=\"og:type\" content=\"article\" \/>\n<meta property=\"og:title\" content=\"Baderegler - jambo feriepark\" \/>\n<meta property=\"og:description\" content=\"1 Jambos sv\u00f8mmebasseng er utstyrt med et ekstra stort filtreringssystem og automatisk dosering av klor. Jo bedre gjestene vasker seg, jo mindre klor m\u00e5 vi tilsette. Klor kan irritere \u00f8yne og slimhinner, s\u00e5 jo bedre du vasker deg, jo bedre vannkvalitet for alles skyld. For at alle skal kunne sv\u00f8mme trygt i sv\u00f8mmebassenget v\u00e5rt, ber [&hellip;]\" \/>\n<meta property=\"og:url\" content=\"https:\/\/jambo.dk\/no\/baderegler\" \/>\n<meta property=\"og:site_name\" content=\"jambo feriepark\" \/>\n<meta property=\"article:publisher\" content=\"https:\/\/www.facebook.com\/feriepark\/\" \/>\n<meta property=\"article:modified_time\" content=\"2024-07-31T15:06:14+00:00\" \/>\n<meta property=\"og:image\" content=\"https:\/\/jambo.dk\/wp-content\/uploads\/2022\/04\/629c1545aeff4481519dd0787ff3d428-768x510.jpeg\" \/>\n<meta name=\"twitter:card\" content=\"summary_large_image\" \/>\n<meta name=\"twitter:label1\" content=\"Ansl. lesetid\" \/>\n\t<meta name=\"twitter:data1\" content=\"3 minutter\" \/>\n<script type=\"application\/ld+json\" class=\"yoast-schema-graph\">{\"@context\":\"https:\\\/\\\/schema.org\",\"@graph\":[{\"@type\":\"WebPage\",\"@id\":\"https:\\\/\\\/jambo.dk\\\/no\\\/baderegler\",\"url\":\"https:\\\/\\\/jambo.dk\\\/no\\\/baderegler\",\"name\":\"Baderegler - jambo feriepark\",\"isPartOf\":{\"@id\":\"https:\\\/\\\/jambo.dk\\\/no#website\"},\"primaryImageOfPage\":{\"@id\":\"https:\\\/\\\/jambo.dk\\\/no\\\/baderegler#primaryimage\"},\"image\":{\"@id\":\"https:\\\/\\\/jambo.dk\\\/no\\\/baderegler#primaryimage\"},\"thumbnailUrl\":\"https:\\\/\\\/jambo.dk\\\/wp-content\\\/uploads\\\/2022\\\/04\\\/629c1545aeff4481519dd0787ff3d428-768x510.jpeg\",\"datePublished\":\"2022-09-08T08:05:39+00:00\",\"dateModified\":\"2024-07-31T15:06:14+00:00\",\"breadcrumb\":{\"@id\":\"https:\\\/\\\/jambo.dk\\\/no\\\/baderegler#breadcrumb\"},\"inLanguage\":\"nb-NO\",\"potentialAction\":[{\"@type\":\"ReadAction\",\"target\":[\"https:\\\/\\\/jambo.dk\\\/no\\\/baderegler\"]}]},{\"@type\":\"ImageObject\",\"inLanguage\":\"nb-NO\",\"@id\":\"https:\\\/\\\/jambo.dk\\\/no\\\/baderegler#primaryimage\",\"url\":\"https:\\\/\\\/jambo.dk\\\/wp-content\\\/uploads\\\/2022\\\/04\\\/629c1545aeff4481519dd0787ff3d428-768x510.jpeg\",\"contentUrl\":\"https:\\\/\\\/jambo.dk\\\/wp-content\\\/uploads\\\/2022\\\/04\\\/629c1545aeff4481519dd0787ff3d428-768x510.jpeg\"},{\"@type\":\"BreadcrumbList\",\"@id\":\"https:\\\/\\\/jambo.dk\\\/no\\\/baderegler#breadcrumb\",\"itemListElement\":[{\"@type\":\"ListItem\",\"position\":1,\"name\":\"Hjem\",\"item\":\"https:\\\/\\\/jambo.dk\\\/no\\\/forside\"},{\"@type\":\"ListItem\",\"position\":2,\"name\":\"Baderegler\"}]},{\"@type\":\"WebSite\",\"@id\":\"https:\\\/\\\/jambo.dk\\\/no#website\",\"url\":\"https:\\\/\\\/jambo.dk\\\/no\",\"name\":\"jambo feriepark\",\"description\":\"5 stjerners campingplads\",\"publisher\":{\"@id\":\"https:\\\/\\\/jambo.dk\\\/no#organization\"},\"potentialAction\":[{\"@type\":\"SearchAction\",\"target\":{\"@type\":\"EntryPoint\",\"urlTemplate\":\"https:\\\/\\\/jambo.dk\\\/no?s={search_term_string}\"},\"query-input\":{\"@type\":\"PropertyValueSpecification\",\"valueRequired\":true,\"valueName\":\"search_term_string\"}}],\"inLanguage\":\"nb-NO\"},{\"@type\":\"Organization\",\"@id\":\"https:\\\/\\\/jambo.dk\\\/no#organization\",\"name\":\"Jambo Feriepark A\\\/S\",\"url\":\"https:\\\/\\\/jambo.dk\\\/no\",\"logo\":{\"@type\":\"ImageObject\",\"inLanguage\":\"nb-NO\",\"@id\":\"https:\\\/\\\/jambo.dk\\\/no#\\\/schema\\\/logo\\\/image\\\/\",\"url\":\"https:\\\/\\\/jambo.dk\\\/wp-content\\\/uploads\\\/2022\\\/03\\\/logo.png\",\"contentUrl\":\"https:\\\/\\\/jambo.dk\\\/wp-content\\\/uploads\\\/2022\\\/03\\\/logo.png\",\"width\":457,\"height\":196,\"caption\":\"Jambo Feriepark A\\\/S\"},\"image\":{\"@id\":\"https:\\\/\\\/jambo.dk\\\/no#\\\/schema\\\/logo\\\/image\\\/\"},\"sameAs\":[\"https:\\\/\\\/www.facebook.com\\\/feriepark\\\/\"]}]}<\/script>\n<!-- \/ Yoast SEO plugin. -->","yoast_head_json":{"title":"Baderegler - jambo feriepark","robots":{"index":"noindex","follow":"nofollow"},"og_locale":"nb_NO","og_type":"article","og_title":"Baderegler - jambo feriepark","og_description":"1 Jambos sv\u00f8mmebasseng er utstyrt med et ekstra stort filtreringssystem og automatisk dosering av klor. Jo bedre gjestene vasker seg, jo mindre klor m\u00e5 vi tilsette. Klor kan irritere \u00f8yne og slimhinner, s\u00e5 jo bedre du vasker deg, jo bedre vannkvalitet for alles skyld. For at alle skal kunne sv\u00f8mme trygt i sv\u00f8mmebassenget v\u00e5rt, ber [&hellip;]","og_url":"https:\/\/jambo.dk\/no\/baderegler","og_site_name":"jambo feriepark","article_publisher":"https:\/\/www.facebook.com\/feriepark\/","article_modified_time":"2024-07-31T15:06:14+00:00","og_image":[{"url":"https:\/\/jambo.dk\/wp-content\/uploads\/2022\/04\/629c1545aeff4481519dd0787ff3d428-768x510.jpeg","type":"","width":"","height":""}],"twitter_card":"summary_large_image","twitter_misc":{"Ansl. lesetid":"3 minutter"},"schema":{"@context":"https:\/\/schema.org","@graph":[{"@type":"WebPage","@id":"https:\/\/jambo.dk\/no\/baderegler","url":"https:\/\/jambo.dk\/no\/baderegler","name":"Baderegler - jambo feriepark","isPartOf":{"@id":"https:\/\/jambo.dk\/no#website"},"primaryImageOfPage":{"@id":"https:\/\/jambo.dk\/no\/baderegler#primaryimage"},"image":{"@id":"https:\/\/jambo.dk\/no\/baderegler#primaryimage"},"thumbnailUrl":"https:\/\/jambo.dk\/wp-content\/uploads\/2022\/04\/629c1545aeff4481519dd0787ff3d428-768x510.jpeg","datePublished":"2022-09-08T08:05:39+00:00","dateModified":"2024-07-31T15:06:14+00:00","breadcrumb":{"@id":"https:\/\/jambo.dk\/no\/baderegler#breadcrumb"},"inLanguage":"nb-NO","potentialAction":[{"@type":"ReadAction","target":["https:\/\/jambo.dk\/no\/baderegler"]}]},{"@type":"ImageObject","inLanguage":"nb-NO","@id":"https:\/\/jambo.dk\/no\/baderegler#primaryimage","url":"https:\/\/jambo.dk\/wp-content\/uploads\/2022\/04\/629c1545aeff4481519dd0787ff3d428-768x510.jpeg","contentUrl":"https:\/\/jambo.dk\/wp-content\/uploads\/2022\/04\/629c1545aeff4481519dd0787ff3d428-768x510.jpeg"},{"@type":"BreadcrumbList","@id":"https:\/\/jambo.dk\/no\/baderegler#breadcrumb","itemListElement":[{"@type":"ListItem","position":1,"name":"Hjem","item":"https:\/\/jambo.dk\/no\/forside"},{"@type":"ListItem","position":2,"name":"Baderegler"}]},{"@type":"WebSite","@id":"https:\/\/jambo.dk\/no#website","url":"https:\/\/jambo.dk\/no","name":"jambo feriepark","description":"5 stjerners campingplads","publisher":{"@id":"https:\/\/jambo.dk\/no#organization"},"potentialAction":[{"@type":"SearchAction","target":{"@type":"EntryPoint","urlTemplate":"https:\/\/jambo.dk\/no?s={search_term_string}"},"query-input":{"@type":"PropertyValueSpecification","valueRequired":true,"valueName":"search_term_string"}}],"inLanguage":"nb-NO"},{"@type":"Organization","@id":"https:\/\/jambo.dk\/no#organization","name":"Jambo Feriepark A\/S","url":"https:\/\/jambo.dk\/no","logo":{"@type":"ImageObject","inLanguage":"nb-NO","@id":"https:\/\/jambo.dk\/no#\/schema\/logo\/image\/","url":"https:\/\/jambo.dk\/wp-content\/uploads\/2022\/03\/logo.png","contentUrl":"https:\/\/jambo.dk\/wp-content\/uploads\/2022\/03\/logo.png","width":457,"height":196,"caption":"Jambo Feriepark A\/S"},"image":{"@id":"https:\/\/jambo.dk\/no#\/schema\/logo\/image\/"},"sameAs":["https:\/\/www.facebook.com\/feriepark\/"]}]}},"_links":{"self":[{"href":"https:\/\/jambo.dk\/no\/wp-json\/wp\/v2\/pages\/8001","targetHints":{"allow":["GET"]}}],"collection":[{"href":"https:\/\/jambo.dk\/no\/wp-json\/wp\/v2\/pages"}],"about":[{"href":"https:\/\/jambo.dk\/no\/wp-json\/wp\/v2\/types\/page"}],"author":[{"embeddable":true,"href":"https:\/\/jambo.dk\/no\/wp-json\/wp\/v2\/users\/1"}],"replies":[{"embeddable":true,"href":"https:\/\/jambo.dk\/no\/wp-json\/wp\/v2\/comments?post=8001"}],"version-history":[{"count":11,"href":"https:\/\/jambo.dk\/no\/wp-json\/wp\/v2\/pages\/8001\/revisions"}],"predecessor-version":[{"id":11783,"href":"https:\/\/jambo.dk\/no\/wp-json\/wp\/v2\/pages\/8001\/revisions\/11783"}],"wp:attachment":[{"href":"https:\/\/jambo.dk\/no\/wp-json\/wp\/v2\/media?parent=8001"}],"curies":[{"name":"wp","href":"https:\/\/api.w.org\/{rel}","templated":true}]}}