{"id":8030,"date":"2023-03-03T10:42:48","date_gmt":"2023-03-03T10:42:48","guid":{"rendered":"https:\/\/jambo.dk\/handelsbetingelser"},"modified":"2024-10-19T19:34:30","modified_gmt":"2024-10-19T19:34:30","slug":"handelsbetingelser","status":"publish","type":"page","link":"https:\/\/jambo.dk\/no\/handelsbetingelser","title":{"rendered":"Handelsbetingelser"},"content":{"rendered":"\t\t<div data-elementor-type=\"wp-page\" data-elementor-id=\"8030\" class=\"elementor elementor-8030 elementor-7478\" data-elementor-post-type=\"page\">\n\t\t\t\t\t\t<section class=\"elementor-section elementor-top-section elementor-element elementor-element-cd05c91 elementor-section-boxed elementor-section-height-default elementor-section-height-default\" data-id=\"cd05c91\" data-element_type=\"section\" data-e-type=\"section\" data-settings=\"{&quot;background_background&quot;:&quot;classic&quot;}\">\n\t\t\t\t\t\t\t<div class=\"elementor-background-overlay\"><\/div>\n\t\t\t\t\t\t\t<div class=\"elementor-container elementor-column-gap-default\">\n\t\t\t\t\t<div class=\"elementor-column elementor-col-100 elementor-top-column elementor-element elementor-element-e6af377\" data-id=\"e6af377\" data-element_type=\"column\" data-e-type=\"column\">\n\t\t\t<div class=\"elementor-widget-wrap elementor-element-populated\">\n\t\t\t\t\t\t<section class=\"elementor-section elementor-inner-section elementor-element elementor-element-0f212c4 elementor-section-content-middle elementor-section-boxed elementor-section-height-default elementor-section-height-default\" data-id=\"0f212c4\" data-element_type=\"section\" data-e-type=\"section\">\n\t\t\t\t\t\t<div class=\"elementor-container elementor-column-gap-default\">\n\t\t\t\t\t<div class=\"elementor-column elementor-col-100 elementor-inner-column elementor-element elementor-element-e43d121\" data-id=\"e43d121\" data-element_type=\"column\" data-e-type=\"column\">\n\t\t\t<div class=\"elementor-widget-wrap elementor-element-populated\">\n\t\t\t\t\t\t<div class=\"elementor-element elementor-element-842cead elementor-widget__width-auto elementor-view-default elementor-widget elementor-widget-icon\" data-id=\"842cead\" data-element_type=\"widget\" data-e-type=\"widget\" data-widget_type=\"icon.default\">\n\t\t\t\t<div class=\"elementor-widget-container\">\n\t\t\t\t\t\t\t<div class=\"elementor-icon-wrapper\">\n\t\t\t<div class=\"elementor-icon\">\n\t\t\t<i aria-hidden=\"true\" class=\"fas fa-star\"><\/i>\t\t\t<\/div>\n\t\t<\/div>\n\t\t\t\t\t\t<\/div>\n\t\t\t\t<\/div>\n\t\t\t\t<div class=\"elementor-element elementor-element-4d04b25 elementor-widget__width-auto elementor-view-default elementor-widget elementor-widget-icon\" data-id=\"4d04b25\" data-element_type=\"widget\" data-e-type=\"widget\" data-widget_type=\"icon.default\">\n\t\t\t\t<div class=\"elementor-widget-container\">\n\t\t\t\t\t\t\t<div class=\"elementor-icon-wrapper\">\n\t\t\t<div class=\"elementor-icon\">\n\t\t\t<i aria-hidden=\"true\" class=\"fas fa-star\"><\/i>\t\t\t<\/div>\n\t\t<\/div>\n\t\t\t\t\t\t<\/div>\n\t\t\t\t<\/div>\n\t\t\t\t<div class=\"elementor-element elementor-element-496ff10 elementor-widget__width-auto elementor-view-default elementor-widget elementor-widget-icon\" data-id=\"496ff10\" data-element_type=\"widget\" data-e-type=\"widget\" data-widget_type=\"icon.default\">\n\t\t\t\t<div class=\"elementor-widget-container\">\n\t\t\t\t\t\t\t<div class=\"elementor-icon-wrapper\">\n\t\t\t<div class=\"elementor-icon\">\n\t\t\t<i aria-hidden=\"true\" class=\"fas fa-star\"><\/i>\t\t\t<\/div>\n\t\t<\/div>\n\t\t\t\t\t\t<\/div>\n\t\t\t\t<\/div>\n\t\t\t\t<div class=\"elementor-element elementor-element-dba597b elementor-widget__width-auto elementor-view-default elementor-widget elementor-widget-icon\" data-id=\"dba597b\" data-element_type=\"widget\" data-e-type=\"widget\" data-widget_type=\"icon.default\">\n\t\t\t\t<div class=\"elementor-widget-container\">\n\t\t\t\t\t\t\t<div class=\"elementor-icon-wrapper\">\n\t\t\t<div class=\"elementor-icon\">\n\t\t\t<i aria-hidden=\"true\" class=\"fas fa-star\"><\/i>\t\t\t<\/div>\n\t\t<\/div>\n\t\t\t\t\t\t<\/div>\n\t\t\t\t<\/div>\n\t\t\t\t<div class=\"elementor-element elementor-element-627d7de elementor-widget__width-auto elementor-view-default elementor-widget elementor-widget-icon\" data-id=\"627d7de\" data-element_type=\"widget\" data-e-type=\"widget\" data-widget_type=\"icon.default\">\n\t\t\t\t<div class=\"elementor-widget-container\">\n\t\t\t\t\t\t\t<div class=\"elementor-icon-wrapper\">\n\t\t\t<div class=\"elementor-icon\">\n\t\t\t<i aria-hidden=\"true\" class=\"fas fa-star\"><\/i>\t\t\t<\/div>\n\t\t<\/div>\n\t\t\t\t\t\t<\/div>\n\t\t\t\t<\/div>\n\t\t\t\t\t<\/div>\n\t\t<\/div>\n\t\t\t\t\t<\/div>\n\t\t<\/section>\n\t\t\t\t<div class=\"elementor-element elementor-element-1395775 elementor-widget elementor-widget-heading\" data-id=\"1395775\" data-element_type=\"widget\" data-e-type=\"widget\" data-widget_type=\"heading.default\">\n\t\t\t\t<div class=\"elementor-widget-container\">\n\t\t\t\t\t<h1 class=\"elementor-heading-title elementor-size-default\">Handelsbetingelser<\/h1>\t\t\t\t<\/div>\n\t\t\t\t<\/div>\n\t\t\t\t<div class=\"elementor-element elementor-element-7e995e1 elementor-align-center elementor-widget elementor-widget-breadcrumbs\" data-id=\"7e995e1\" data-element_type=\"widget\" data-e-type=\"widget\" data-widget_type=\"breadcrumbs.default\">\n\t\t\t\t<div class=\"elementor-widget-container\">\n\t\t\t\t\t<p id=\"breadcrumbs\"><span><span><a href=\"https:\/\/jambo.dk\/no\/forside\">Hjem<\/a><\/span><\/span><\/p>\t\t\t\t<\/div>\n\t\t\t\t<\/div>\n\t\t\t\t\t<\/div>\n\t\t<\/div>\n\t\t\t\t\t<\/div>\n\t\t<\/section>\n\t\t\t\t<section class=\"elementor-section elementor-top-section elementor-element elementor-element-399a13b elementor-section-boxed elementor-section-height-default elementor-section-height-default\" data-id=\"399a13b\" data-element_type=\"section\" data-e-type=\"section\">\n\t\t\t\t\t\t<div class=\"elementor-container elementor-column-gap-default\">\n\t\t\t\t\t<div class=\"elementor-column elementor-col-33 elementor-top-column elementor-element elementor-element-0d0eed9\" data-id=\"0d0eed9\" data-element_type=\"column\" data-e-type=\"column\">\n\t\t\t<div class=\"elementor-widget-wrap elementor-element-populated\">\n\t\t\t\t\t\t<div class=\"elementor-element elementor-element-ca5d9ec elementor-widget__width-initial elementor-toc--minimized-on-tablet elementor-widget elementor-widget-table-of-contents\" data-id=\"ca5d9ec\" data-element_type=\"widget\" data-e-type=\"widget\" data-settings=\"{&quot;headings_by_tags&quot;:[&quot;h2&quot;,&quot;h4&quot;,&quot;h5&quot;,&quot;h6&quot;],&quot;exclude_headings_by_selector&quot;:[],&quot;marker_view&quot;:&quot;bullets&quot;,&quot;icon&quot;:{&quot;value&quot;:&quot;&quot;,&quot;library&quot;:&quot;&quot;},&quot;no_headings_message&quot;:&quot;No headings were found on this page.&quot;,&quot;minimize_box&quot;:&quot;yes&quot;,&quot;minimized_on&quot;:&quot;tablet&quot;,&quot;hierarchical_view&quot;:&quot;yes&quot;,&quot;min_height&quot;:{&quot;unit&quot;:&quot;px&quot;,&quot;size&quot;:&quot;&quot;,&quot;sizes&quot;:[]},&quot;min_height_tablet&quot;:{&quot;unit&quot;:&quot;px&quot;,&quot;size&quot;:&quot;&quot;,&quot;sizes&quot;:[]},&quot;min_height_mobile&quot;:{&quot;unit&quot;:&quot;px&quot;,&quot;size&quot;:&quot;&quot;,&quot;sizes&quot;:[]}}\" data-widget_type=\"table-of-contents.default\">\n\t\t\t\t<div class=\"elementor-widget-container\">\n\t\t\t\t\t\t\t\t\t<div class=\"elementor-toc__header\">\n\t\t\t\t\t\t<h4 class=\"elementor-toc__header-title\">\n\t\t\t\tHandelsbetingelser\t\t\t<\/h4>\n\t\t\t\t\t\t\t\t\t\t<div class=\"elementor-toc__toggle-button elementor-toc__toggle-button--expand\" role=\"button\" tabindex=\"0\" aria-controls=\"elementor-toc__ca5d9ec\" aria-expanded=\"true\" aria-label=\"Open table of contents\"><i aria-hidden=\"true\" class=\"fas fa-chevron-down\"><\/i><\/div>\n\t\t\t\t<div class=\"elementor-toc__toggle-button elementor-toc__toggle-button--collapse\" role=\"button\" tabindex=\"0\" aria-controls=\"elementor-toc__ca5d9ec\" aria-expanded=\"true\" aria-label=\"Close table of contents\"><i aria-hidden=\"true\" class=\"fas fa-chevron-up\"><\/i><\/div>\n\t\t\t\t\t<\/div>\n\t\t\t\t<div id=\"elementor-toc__ca5d9ec\" class=\"elementor-toc__body\">\n\t\t\t<div class=\"elementor-toc__spinner-container\">\n\t\t\t\t<i class=\"elementor-toc__spinner eicon-animation-spin eicon-loading\" aria-hidden=\"true\"><\/i>\t\t\t<\/div>\n\t\t<\/div>\n\t\t\t\t\t\t<\/div>\n\t\t\t\t<\/div>\n\t\t\t\t\t<\/div>\n\t\t<\/div>\n\t\t\t\t<div class=\"elementor-column elementor-col-66 elementor-top-column elementor-element elementor-element-74cd545\" data-id=\"74cd545\" data-element_type=\"column\" data-e-type=\"column\">\n\t\t\t<div class=\"elementor-widget-wrap elementor-element-populated\">\n\t\t\t\t\t\t<div class=\"elementor-element elementor-element-827d31f elementor-widget elementor-widget-text-editor\" data-id=\"827d31f\" data-element_type=\"widget\" data-e-type=\"widget\" data-widget_type=\"text-editor.default\">\n\t\t\t\t<div class=\"elementor-widget-container\">\n\t\t\t\t\t\t\t\t\t<h3>Jambo Feriepark A\/S<\/h3>\n<h3>Solvejen 60<\/h3>\n<h3>DK-9493 Saltum<\/h3>\n<h3>CVR-nr. 25472489<\/h3>\n<p>Her er v\u00e5re generelle betingelser. N\u00e5r du bestiller hos Jambo Feriepark A\/S godtar du v\u00e5re vilk\u00e5r og betingelser. Hvis du vil lese v\u00e5r personopplysningspolicy, klikk <a href=\"https:\/\/jambo.dk\/no\/personopplysningspolicy\" target=\"_blank\" rel=\"noopener\">her<\/a>.<\/p>\n<h2>Rekkef\u00f8lge<\/h2>\n<p>Du kan bestille opphold p\u00e5 Jambo Feriepark p\u00e5 telefon, pr e-post og p\u00e5 <a href=\"https:\/\/jambo.dk\/no\">jambo.dk<\/a>. Alle priser er oppgitt i danske kroner inkludert 25 % dansk moms. Vi fakturerer prisen som gjelder p\u00e5 bestillingstidspunktet. De oppgitte prisene p\u00e5 jambo.dk kan justeres uten varsel i forbindelse med prisendringer fra leverand\u00f8rer, feil og lignende. Jambo Feriepark A\/S tar forbehold om mulige trykkfeil, valuta- og avgiftsendringer og Force Majeure.<\/p>\n<h2>Innbetaling<\/h2>\n<p>Jambo Feriepark A\/S tilbyr betaling med f\u00f8lgende kredittkort: VISA\/Dankort, Mastercard, Maestro, Diners Club (DK) og American Express. N\u00e5r du har fullf\u00f8rt bestillingen, vil bel\u00f8pet bli trukket fra kontoen din av NETS. Jambo Feriepark A\/S kan aldri ta ut et st\u00f8rre bel\u00f8p enn du godkjenner ved bestilling. Data som du legger inn i forbindelse med et kj\u00f8p hos Jambo Feriepark A\/S er kryptert. Bare NETS kan lese kredittkortdataene dine. Verken Jambo Feriepark A\/S eller tredjeparter har tilgang til disse dataene. Hvis du ikke \u00f8nsker \u00e5 betale med kredittkort, kan du ikke bestille online. Ta heller kontakt med Jambo Feriepark A\/S pr telefon eller e-post.<\/p>\n<h2>Leveranse<\/h2>\n<p>N\u00e5r du har fullf\u00f8rt din bestilling, sender vi deg en kvittering og en bestillingsbekreftelse pr e-post. Hvis du ikke mottar e-post fra oss, vennligst sjekk u\u00f8nsket post din. Har du bestilt luksuscampingvogn eller luksushytte f\u00e5r du en leiekontrakt. Ved mottak av bestillingsbekreftelsen ber vi deg sjekke at all informasjon stemmer overens med bestillingen din.<\/p>\n<h2>Angrerett og refusjon<\/h2>\n<p>Jambo Feriepark A\/S gir 14 dagers angrerett p\u00e5 bestillinger gjort mer enn 28 dager f\u00f8r ankomst, selv om salg av overnatting (f.eks. camping, hytter) ikke omfattes av forbrukeravtalelovens regler om angrerett. . Etter \u00a7 18, stk 2 nr. 12 er tjenester i form av overnatting unntatt. Etter at angreretten utl\u00f8per, refunderer ikke Jambo Feriepark A\/S innbetalt bel\u00f8p ved avbestilling dersom avbestillingsbeskyttelse ikke er kj\u00f8pt.<\/p>\n<h2>Kj\u00f8p av avbestillingsbeskyttelse<\/h2>\n<p>Du har muligheten til \u00e5 kj\u00f8pe ekstra avbestillingsbeskyttelse. Prisen for avbestillingsbeskyttelsen avhenger av enhetskategori og betales pr bestilt enhet. Det m\u00e5 bestilles samtidig med oppholdet. Ved kj\u00f8p av avbestillingsbeskyttelse dekker:<\/p>\n<p><em>Ved sykdom:<\/em><\/p>\n<ul>\n<li>Vernet gjelder t.o.m 12 dagen f\u00f8r ankomst.<\/li>\n<li>Du f\u00e5r refundert hele bel\u00f8pet, eksklusive bel\u00f8pet for avbestillingsbeskyttelse, mot fremvisning av legeerkl\u00e6ring.<\/li>\n<li>Dersom du har bestilt flere enheter, gjelder avbestillingsbeskyttelsen kun enheten der den syke skulle overnatte.<\/li>\n<\/ul>\n<p><em>Andre avbestillinger (ikke sykdom):<\/em><\/p>\n<ul>\n<li>Ved avbestilling mer enn 60 dager f\u00f8r ankomst refunderer Jambo Feriepark A\/S hele bel\u00f8pet minus bel\u00f8pet for avbestillingsbeskyttelse og et administrasjonsgebyr p\u00e5 DKK 500,-.<\/li>\n<li>Ved avbestilling 60-30 dager f\u00f8r ankomst vil du f\u00e5 refundert 50 % av bel\u00f8pet for oppholdet minus bel\u00f8pet for avbestillingsbeskyttelse<\/li>\n<li>Avbestilling mindre enn 30 dager f\u00f8r ankomst gir ingen refusjon.<\/li>\n<\/ul>\n<h2>Klager og klagesaker<\/h2>\n<p>Dersom det oppst\u00e5r feil og mangler under oppholdet, m\u00e5 du umiddelbart melde fra til Jambo Feriepark A\/S personlig, p\u00e5 telefon eller per post. Jambo Feriepark A\/S vil alltid pr\u00f8ve \u00e5 finne en god l\u00f8sning for begge parter.<\/p>\n<p>Hvis vi ikke kan bli enige om en l\u00f8sning, kan du lese mer om dine klagemuligheter p\u00e5 <a href=\"https:\/\/forbrug.dk\/\" target=\"_blank\" rel=\"noopener noreferrer nofollow\">https:\/\/forbrug.dk\/<\/a>. Hvis du er bosatt i et annet EU-land, kan du sende inn en klage til EU-kommisjonens online klageportal p\u00e5 <a href=\"https:\/\/ec.europa.eu\/consumers\/odr\/\" target=\"_blank\" rel=\"noopener noreferrer nofollow\">https:\/\/ec.europa.eu\/consumers\/odr\/<\/a>.<\/p>\n<p>Ved uenighet gjelder dansk lovgivning, og tvister skal avgj\u00f8res etter dansk lov. Verneting er Retten i Hj\u00f8rring.<\/p>\n<h2>Endringer<\/h2>\n<p>Vilk\u00e5rene er oppdatert 17. januar 2024.<\/p>\n\t\t\t\t\t\t\t\t<\/div>\n\t\t\t\t<\/div>\n\t\t\t\t\t<\/div>\n\t\t<\/div>\n\t\t\t\t\t<\/div>\n\t\t<\/section>\n\t\t\t\t<\/div>\n\t\t","protected":false},"excerpt":{"rendered":"<p>Handelsbetingelser Jambo Feriepark A\/S Solvejen 60 DK-9493 Saltum CVR-nr. 25472489 Her er v\u00e5re generelle betingelser. N\u00e5r du bestiller hos Jambo Feriepark A\/S godtar du v\u00e5re vilk\u00e5r og betingelser. Hvis du vil lese v\u00e5r personopplysningspolicy, klikk her. Rekkef\u00f8lge Du kan bestille opphold p\u00e5 Jambo Feriepark p\u00e5 telefon, pr e-post og p\u00e5 jambo.dk. Alle priser er oppgitt [&hellip;]<\/p>\n","protected":false},"author":4,"featured_media":0,"parent":0,"menu_order":0,"comment_status":"closed","ping_status":"closed","template":"","meta":{"_acf_changed":false,"footnotes":""},"class_list":["post-8030","page","type-page","status-publish","hentry"],"acf":[],"yoast_head":"<!-- This site is optimized with the Yoast SEO plugin v27.4 - https:\/\/yoast.com\/product\/yoast-seo-wordpress\/ -->\n<title>Handelsbetingelser - jambo feriepark<\/title>\n<meta name=\"description\" content=\"Avbestillingsbeskyttelse, bestilling, betaling, angrerett og alt det der, stort og sm\u00e5tt. Les Jambo Ferieparks vilk\u00e5r og betingelser her.\" \/>\n<meta name=\"robots\" content=\"index, follow, max-snippet:-1, max-image-preview:large, max-video-preview:-1\" \/>\n<link rel=\"canonical\" href=\"https:\/\/jambo.dk\/no\/handelsbetingelser\" \/>\n<meta property=\"og:locale\" content=\"nb_NO\" \/>\n<meta property=\"og:type\" content=\"article\" \/>\n<meta property=\"og:title\" content=\"Handelsbetingelser - jambo feriepark\" \/>\n<meta property=\"og:description\" content=\"Avbestillingsbeskyttelse, bestilling, betaling, angrerett og alt det der, stort og sm\u00e5tt. Les Jambo Ferieparks vilk\u00e5r og betingelser her.\" \/>\n<meta property=\"og:url\" content=\"https:\/\/jambo.dk\/no\/handelsbetingelser\" \/>\n<meta property=\"og:site_name\" content=\"jambo feriepark\" \/>\n<meta property=\"article:publisher\" content=\"https:\/\/www.facebook.com\/feriepark\/\" \/>\n<meta property=\"article:modified_time\" content=\"2024-10-19T19:34:30+00:00\" \/>\n<meta name=\"twitter:card\" content=\"summary_large_image\" \/>\n<meta name=\"twitter:label1\" content=\"Ansl. lesetid\" \/>\n\t<meta name=\"twitter:data1\" content=\"3 minutter\" \/>\n<script type=\"application\/ld+json\" class=\"yoast-schema-graph\">{\"@context\":\"https:\\\/\\\/schema.org\",\"@graph\":[{\"@type\":\"WebPage\",\"@id\":\"https:\\\/\\\/jambo.dk\\\/no\\\/handelsbetingelser\",\"url\":\"https:\\\/\\\/jambo.dk\\\/no\\\/handelsbetingelser\",\"name\":\"Handelsbetingelser - jambo feriepark\",\"isPartOf\":{\"@id\":\"https:\\\/\\\/jambo.dk\\\/no#website\"},\"datePublished\":\"2023-03-03T10:42:48+00:00\",\"dateModified\":\"2024-10-19T19:34:30+00:00\",\"description\":\"Avbestillingsbeskyttelse, bestilling, betaling, angrerett og alt det der, stort og sm\u00e5tt. Les Jambo Ferieparks vilk\u00e5r og betingelser her.\",\"breadcrumb\":{\"@id\":\"https:\\\/\\\/jambo.dk\\\/no\\\/handelsbetingelser#breadcrumb\"},\"inLanguage\":\"nb-NO\",\"potentialAction\":[{\"@type\":\"ReadAction\",\"target\":[\"https:\\\/\\\/jambo.dk\\\/no\\\/handelsbetingelser\"]}]},{\"@type\":\"BreadcrumbList\",\"@id\":\"https:\\\/\\\/jambo.dk\\\/no\\\/handelsbetingelser#breadcrumb\",\"itemListElement\":[{\"@type\":\"ListItem\",\"position\":1,\"name\":\"Hjem\",\"item\":\"https:\\\/\\\/jambo.dk\\\/no\\\/forside\"},{\"@type\":\"ListItem\",\"position\":2,\"name\":\"Handelsbetingelser\"}]},{\"@type\":\"WebSite\",\"@id\":\"https:\\\/\\\/jambo.dk\\\/no#website\",\"url\":\"https:\\\/\\\/jambo.dk\\\/no\",\"name\":\"jambo feriepark\",\"description\":\"5 stjerners campingplads\",\"publisher\":{\"@id\":\"https:\\\/\\\/jambo.dk\\\/no#organization\"},\"potentialAction\":[{\"@type\":\"SearchAction\",\"target\":{\"@type\":\"EntryPoint\",\"urlTemplate\":\"https:\\\/\\\/jambo.dk\\\/no?s={search_term_string}\"},\"query-input\":{\"@type\":\"PropertyValueSpecification\",\"valueRequired\":true,\"valueName\":\"search_term_string\"}}],\"inLanguage\":\"nb-NO\"},{\"@type\":\"Organization\",\"@id\":\"https:\\\/\\\/jambo.dk\\\/no#organization\",\"name\":\"Jambo Feriepark A\\\/S\",\"url\":\"https:\\\/\\\/jambo.dk\\\/no\",\"logo\":{\"@type\":\"ImageObject\",\"inLanguage\":\"nb-NO\",\"@id\":\"https:\\\/\\\/jambo.dk\\\/no#\\\/schema\\\/logo\\\/image\\\/\",\"url\":\"https:\\\/\\\/jambo.dk\\\/wp-content\\\/uploads\\\/2022\\\/03\\\/logo.png\",\"contentUrl\":\"https:\\\/\\\/jambo.dk\\\/wp-content\\\/uploads\\\/2022\\\/03\\\/logo.png\",\"width\":457,\"height\":196,\"caption\":\"Jambo Feriepark A\\\/S\"},\"image\":{\"@id\":\"https:\\\/\\\/jambo.dk\\\/no#\\\/schema\\\/logo\\\/image\\\/\"},\"sameAs\":[\"https:\\\/\\\/www.facebook.com\\\/feriepark\\\/\"]}]}<\/script>\n<!-- \/ Yoast SEO plugin. -->","yoast_head_json":{"title":"Handelsbetingelser - jambo feriepark","description":"Avbestillingsbeskyttelse, bestilling, betaling, angrerett og alt det der, stort og sm\u00e5tt. Les Jambo Ferieparks vilk\u00e5r og betingelser her.","robots":{"index":"index","follow":"follow","max-snippet":"max-snippet:-1","max-image-preview":"max-image-preview:large","max-video-preview":"max-video-preview:-1"},"canonical":"https:\/\/jambo.dk\/no\/handelsbetingelser","og_locale":"nb_NO","og_type":"article","og_title":"Handelsbetingelser - jambo feriepark","og_description":"Avbestillingsbeskyttelse, bestilling, betaling, angrerett og alt det der, stort og sm\u00e5tt. Les Jambo Ferieparks vilk\u00e5r og betingelser her.","og_url":"https:\/\/jambo.dk\/no\/handelsbetingelser","og_site_name":"jambo feriepark","article_publisher":"https:\/\/www.facebook.com\/feriepark\/","article_modified_time":"2024-10-19T19:34:30+00:00","twitter_card":"summary_large_image","twitter_misc":{"Ansl. lesetid":"3 minutter"},"schema":{"@context":"https:\/\/schema.org","@graph":[{"@type":"WebPage","@id":"https:\/\/jambo.dk\/no\/handelsbetingelser","url":"https:\/\/jambo.dk\/no\/handelsbetingelser","name":"Handelsbetingelser - jambo feriepark","isPartOf":{"@id":"https:\/\/jambo.dk\/no#website"},"datePublished":"2023-03-03T10:42:48+00:00","dateModified":"2024-10-19T19:34:30+00:00","description":"Avbestillingsbeskyttelse, bestilling, betaling, angrerett og alt det der, stort og sm\u00e5tt. Les Jambo Ferieparks vilk\u00e5r og betingelser her.","breadcrumb":{"@id":"https:\/\/jambo.dk\/no\/handelsbetingelser#breadcrumb"},"inLanguage":"nb-NO","potentialAction":[{"@type":"ReadAction","target":["https:\/\/jambo.dk\/no\/handelsbetingelser"]}]},{"@type":"BreadcrumbList","@id":"https:\/\/jambo.dk\/no\/handelsbetingelser#breadcrumb","itemListElement":[{"@type":"ListItem","position":1,"name":"Hjem","item":"https:\/\/jambo.dk\/no\/forside"},{"@type":"ListItem","position":2,"name":"Handelsbetingelser"}]},{"@type":"WebSite","@id":"https:\/\/jambo.dk\/no#website","url":"https:\/\/jambo.dk\/no","name":"jambo feriepark","description":"5 stjerners campingplads","publisher":{"@id":"https:\/\/jambo.dk\/no#organization"},"potentialAction":[{"@type":"SearchAction","target":{"@type":"EntryPoint","urlTemplate":"https:\/\/jambo.dk\/no?s={search_term_string}"},"query-input":{"@type":"PropertyValueSpecification","valueRequired":true,"valueName":"search_term_string"}}],"inLanguage":"nb-NO"},{"@type":"Organization","@id":"https:\/\/jambo.dk\/no#organization","name":"Jambo Feriepark A\/S","url":"https:\/\/jambo.dk\/no","logo":{"@type":"ImageObject","inLanguage":"nb-NO","@id":"https:\/\/jambo.dk\/no#\/schema\/logo\/image\/","url":"https:\/\/jambo.dk\/wp-content\/uploads\/2022\/03\/logo.png","contentUrl":"https:\/\/jambo.dk\/wp-content\/uploads\/2022\/03\/logo.png","width":457,"height":196,"caption":"Jambo Feriepark A\/S"},"image":{"@id":"https:\/\/jambo.dk\/no#\/schema\/logo\/image\/"},"sameAs":["https:\/\/www.facebook.com\/feriepark\/"]}]}},"_links":{"self":[{"href":"https:\/\/jambo.dk\/no\/wp-json\/wp\/v2\/pages\/8030","targetHints":{"allow":["GET"]}}],"collection":[{"href":"https:\/\/jambo.dk\/no\/wp-json\/wp\/v2\/pages"}],"about":[{"href":"https:\/\/jambo.dk\/no\/wp-json\/wp\/v2\/types\/page"}],"author":[{"embeddable":true,"href":"https:\/\/jambo.dk\/no\/wp-json\/wp\/v2\/users\/4"}],"replies":[{"embeddable":true,"href":"https:\/\/jambo.dk\/no\/wp-json\/wp\/v2\/comments?post=8030"}],"version-history":[{"count":12,"href":"https:\/\/jambo.dk\/no\/wp-json\/wp\/v2\/pages\/8030\/revisions"}],"predecessor-version":[{"id":10823,"href":"https:\/\/jambo.dk\/no\/wp-json\/wp\/v2\/pages\/8030\/revisions\/10823"}],"wp:attachment":[{"href":"https:\/\/jambo.dk\/no\/wp-json\/wp\/v2\/media?parent=8030"}],"curies":[{"name":"wp","href":"https:\/\/api.w.org\/{rel}","templated":true}]}}