{"id":8049,"date":"2023-03-03T10:49:38","date_gmt":"2023-03-03T10:49:38","guid":{"rendered":"https:\/\/jambo.dk\/personopplysningspolicy"},"modified":"2024-02-27T19:00:34","modified_gmt":"2024-02-27T19:00:34","slug":"personopplysningspolicy","status":"publish","type":"page","link":"https:\/\/jambo.dk\/no\/personopplysningspolicy","title":{"rendered":"Personopplysningspolicy"},"content":{"rendered":"\t\t<div data-elementor-type=\"wp-page\" data-elementor-id=\"8049\" class=\"elementor elementor-8049 elementor-7500\" data-elementor-post-type=\"page\">\n\t\t\t\t\t\t<section class=\"elementor-section elementor-top-section elementor-element elementor-element-cd05c91 elementor-section-boxed elementor-section-height-default elementor-section-height-default\" data-id=\"cd05c91\" data-element_type=\"section\" data-e-type=\"section\" data-settings=\"{&quot;background_background&quot;:&quot;classic&quot;}\">\n\t\t\t\t\t\t\t<div class=\"elementor-background-overlay\"><\/div>\n\t\t\t\t\t\t\t<div class=\"elementor-container elementor-column-gap-default\">\n\t\t\t\t\t<div class=\"elementor-column elementor-col-100 elementor-top-column elementor-element elementor-element-e6af377\" data-id=\"e6af377\" data-element_type=\"column\" data-e-type=\"column\">\n\t\t\t<div class=\"elementor-widget-wrap elementor-element-populated\">\n\t\t\t\t\t\t<section class=\"elementor-section elementor-inner-section elementor-element elementor-element-0f212c4 elementor-section-content-middle elementor-section-boxed elementor-section-height-default elementor-section-height-default\" data-id=\"0f212c4\" data-element_type=\"section\" data-e-type=\"section\">\n\t\t\t\t\t\t<div class=\"elementor-container elementor-column-gap-default\">\n\t\t\t\t\t<div class=\"elementor-column elementor-col-100 elementor-inner-column elementor-element elementor-element-e43d121\" data-id=\"e43d121\" data-element_type=\"column\" data-e-type=\"column\">\n\t\t\t<div class=\"elementor-widget-wrap elementor-element-populated\">\n\t\t\t\t\t\t<div class=\"elementor-element elementor-element-842cead elementor-widget__width-auto elementor-view-default elementor-widget elementor-widget-icon\" data-id=\"842cead\" data-element_type=\"widget\" data-e-type=\"widget\" data-widget_type=\"icon.default\">\n\t\t\t\t<div class=\"elementor-widget-container\">\n\t\t\t\t\t\t\t<div class=\"elementor-icon-wrapper\">\n\t\t\t<div class=\"elementor-icon\">\n\t\t\t<i aria-hidden=\"true\" class=\"fas fa-star\"><\/i>\t\t\t<\/div>\n\t\t<\/div>\n\t\t\t\t\t\t<\/div>\n\t\t\t\t<\/div>\n\t\t\t\t<div class=\"elementor-element elementor-element-4d04b25 elementor-widget__width-auto elementor-view-default elementor-widget elementor-widget-icon\" data-id=\"4d04b25\" data-element_type=\"widget\" data-e-type=\"widget\" data-widget_type=\"icon.default\">\n\t\t\t\t<div class=\"elementor-widget-container\">\n\t\t\t\t\t\t\t<div class=\"elementor-icon-wrapper\">\n\t\t\t<div class=\"elementor-icon\">\n\t\t\t<i aria-hidden=\"true\" class=\"fas fa-star\"><\/i>\t\t\t<\/div>\n\t\t<\/div>\n\t\t\t\t\t\t<\/div>\n\t\t\t\t<\/div>\n\t\t\t\t<div class=\"elementor-element elementor-element-496ff10 elementor-widget__width-auto elementor-view-default elementor-widget elementor-widget-icon\" data-id=\"496ff10\" data-element_type=\"widget\" data-e-type=\"widget\" data-widget_type=\"icon.default\">\n\t\t\t\t<div class=\"elementor-widget-container\">\n\t\t\t\t\t\t\t<div class=\"elementor-icon-wrapper\">\n\t\t\t<div class=\"elementor-icon\">\n\t\t\t<i aria-hidden=\"true\" class=\"fas fa-star\"><\/i>\t\t\t<\/div>\n\t\t<\/div>\n\t\t\t\t\t\t<\/div>\n\t\t\t\t<\/div>\n\t\t\t\t<div class=\"elementor-element elementor-element-dba597b elementor-widget__width-auto elementor-view-default elementor-widget elementor-widget-icon\" data-id=\"dba597b\" data-element_type=\"widget\" data-e-type=\"widget\" data-widget_type=\"icon.default\">\n\t\t\t\t<div class=\"elementor-widget-container\">\n\t\t\t\t\t\t\t<div class=\"elementor-icon-wrapper\">\n\t\t\t<div class=\"elementor-icon\">\n\t\t\t<i aria-hidden=\"true\" class=\"fas fa-star\"><\/i>\t\t\t<\/div>\n\t\t<\/div>\n\t\t\t\t\t\t<\/div>\n\t\t\t\t<\/div>\n\t\t\t\t<div class=\"elementor-element elementor-element-627d7de elementor-widget__width-auto elementor-view-default elementor-widget elementor-widget-icon\" data-id=\"627d7de\" data-element_type=\"widget\" data-e-type=\"widget\" data-widget_type=\"icon.default\">\n\t\t\t\t<div class=\"elementor-widget-container\">\n\t\t\t\t\t\t\t<div class=\"elementor-icon-wrapper\">\n\t\t\t<div class=\"elementor-icon\">\n\t\t\t<i aria-hidden=\"true\" class=\"fas fa-star\"><\/i>\t\t\t<\/div>\n\t\t<\/div>\n\t\t\t\t\t\t<\/div>\n\t\t\t\t<\/div>\n\t\t\t\t\t<\/div>\n\t\t<\/div>\n\t\t\t\t\t<\/div>\n\t\t<\/section>\n\t\t\t\t<div class=\"elementor-element elementor-element-1395775 elementor-widget elementor-widget-heading\" data-id=\"1395775\" data-element_type=\"widget\" data-e-type=\"widget\" data-widget_type=\"heading.default\">\n\t\t\t\t<div class=\"elementor-widget-container\">\n\t\t\t\t\t<h1 class=\"elementor-heading-title elementor-size-default\">Personopplysningspolicy<\/h1>\t\t\t\t<\/div>\n\t\t\t\t<\/div>\n\t\t\t\t<div class=\"elementor-element elementor-element-7e995e1 elementor-align-center elementor-widget elementor-widget-breadcrumbs\" data-id=\"7e995e1\" data-element_type=\"widget\" data-e-type=\"widget\" data-widget_type=\"breadcrumbs.default\">\n\t\t\t\t<div class=\"elementor-widget-container\">\n\t\t\t\t\t<p id=\"breadcrumbs\"><span><span><a href=\"https:\/\/jambo.dk\/no\/forside\">Hjem<\/a><\/span><\/span><\/p>\t\t\t\t<\/div>\n\t\t\t\t<\/div>\n\t\t\t\t\t<\/div>\n\t\t<\/div>\n\t\t\t\t\t<\/div>\n\t\t<\/section>\n\t\t\t\t<section class=\"elementor-section elementor-top-section elementor-element elementor-element-399a13b elementor-section-boxed elementor-section-height-default elementor-section-height-default\" data-id=\"399a13b\" data-element_type=\"section\" data-e-type=\"section\">\n\t\t\t\t\t\t<div class=\"elementor-container elementor-column-gap-default\">\n\t\t\t\t\t<div class=\"elementor-column elementor-col-33 elementor-top-column elementor-element elementor-element-0d0eed9\" data-id=\"0d0eed9\" data-element_type=\"column\" data-e-type=\"column\">\n\t\t\t<div class=\"elementor-widget-wrap elementor-element-populated\">\n\t\t\t\t\t\t<div class=\"elementor-element elementor-element-8dcbca5 elementor-toc--minimized-on-tablet elementor-widget elementor-widget-table-of-contents\" data-id=\"8dcbca5\" data-element_type=\"widget\" data-e-type=\"widget\" data-settings=\"{&quot;exclude_headings_by_selector&quot;:[],&quot;marker_view&quot;:&quot;bullets&quot;,&quot;icon&quot;:{&quot;value&quot;:&quot;&quot;,&quot;library&quot;:&quot;&quot;},&quot;headings_by_tags&quot;:[&quot;h2&quot;,&quot;h3&quot;,&quot;h4&quot;,&quot;h5&quot;,&quot;h6&quot;],&quot;no_headings_message&quot;:&quot;No headings were found on this page.&quot;,&quot;minimize_box&quot;:&quot;yes&quot;,&quot;minimized_on&quot;:&quot;tablet&quot;,&quot;hierarchical_view&quot;:&quot;yes&quot;,&quot;min_height&quot;:{&quot;unit&quot;:&quot;px&quot;,&quot;size&quot;:&quot;&quot;,&quot;sizes&quot;:[]},&quot;min_height_tablet&quot;:{&quot;unit&quot;:&quot;px&quot;,&quot;size&quot;:&quot;&quot;,&quot;sizes&quot;:[]},&quot;min_height_mobile&quot;:{&quot;unit&quot;:&quot;px&quot;,&quot;size&quot;:&quot;&quot;,&quot;sizes&quot;:[]}}\" data-widget_type=\"table-of-contents.default\">\n\t\t\t\t<div class=\"elementor-widget-container\">\n\t\t\t\t\t\t\t\t\t<div class=\"elementor-toc__header\">\n\t\t\t\t\t\t<h4 class=\"elementor-toc__header-title\">\n\t\t\t\tPersonopplysningspolicy\t\t\t<\/h4>\n\t\t\t\t\t\t\t\t\t\t<div class=\"elementor-toc__toggle-button elementor-toc__toggle-button--expand\" role=\"button\" tabindex=\"0\" aria-controls=\"elementor-toc__8dcbca5\" aria-expanded=\"true\" aria-label=\"Open table of contents\"><i aria-hidden=\"true\" class=\"fas fa-chevron-down\"><\/i><\/div>\n\t\t\t\t<div class=\"elementor-toc__toggle-button elementor-toc__toggle-button--collapse\" role=\"button\" tabindex=\"0\" aria-controls=\"elementor-toc__8dcbca5\" aria-expanded=\"true\" aria-label=\"Close table of contents\"><i aria-hidden=\"true\" class=\"fas fa-chevron-up\"><\/i><\/div>\n\t\t\t\t\t<\/div>\n\t\t\t\t<div id=\"elementor-toc__8dcbca5\" class=\"elementor-toc__body\">\n\t\t\t<div class=\"elementor-toc__spinner-container\">\n\t\t\t\t<i class=\"elementor-toc__spinner eicon-animation-spin eicon-loading\" aria-hidden=\"true\"><\/i>\t\t\t<\/div>\n\t\t<\/div>\n\t\t\t\t\t\t<\/div>\n\t\t\t\t<\/div>\n\t\t\t\t\t<\/div>\n\t\t<\/div>\n\t\t\t\t<div class=\"elementor-column elementor-col-66 elementor-top-column elementor-element elementor-element-74cd545\" data-id=\"74cd545\" data-element_type=\"column\" data-e-type=\"column\">\n\t\t\t<div class=\"elementor-widget-wrap elementor-element-populated\">\n\t\t\t\t\t\t<div class=\"elementor-element elementor-element-827d31f elementor-widget elementor-widget-text-editor\" data-id=\"827d31f\" data-element_type=\"widget\" data-e-type=\"widget\" data-widget_type=\"text-editor.default\">\n\t\t\t\t<div class=\"elementor-widget-container\">\n\t\t\t\t\t\t\t\t\t<p>Vi samler kun inn personopplysninger i tilfeller der det er relevant for ditt kj\u00f8p fra oss. Her kan du lese mer om dataene vi samler inn om deg.<\/p>\n<h2>Behandlingsansvarlig<\/h2>\n<p>Behandlingsansvarlig for innsamling, behandling og bruk av dine personopplysninger er Jambo Feriepark A\/S, Solvejen 60, 9493 Saltum, CVR-nr. 25472489. Du kan kontakte oss per post eller personlig, p\u00e5 e-post p\u00e5 <a href=\"mailto:info@jambo.dk\">info@jambo.dk<\/a> eller p\u00e5 telefon +45 9888 1666.<\/p>\n<h2>Indsamling af jeres oplysninger<\/h2>\n<p>Hvis du \u00f8nsker \u00e5 bestille et opphold hos oss, m\u00e5 vi samle inn visse personopplysninger for \u00e5 behandle oppholdet ditt p\u00e5 Jambo Feriepark A\/S. Vi samler inn informasjon som navn, adresse, telefonnummer og e-postadresse. Vi behandler dataene dine n\u00e5r du:<\/p>\n<ul>\n<li>fullf\u00f8rer en bestilling<\/li>\n<li>melder deg p\u00e5 v\u00e5rt nyhetsbrev<\/li>\n<li>sender oss \u200b\u200bsp\u00f8rsm\u00e5l, klager eller noe annet.<\/li>\n<\/ul>\n<h2>Behandlingsgrunnlag og form\u00e5l<\/h2>\n<p>Vi samler inn din generelle kontaktinformasjon som navn og adresse for \u00e5 behandle bestillingen din hos oss. Vi trenger din e-postadresse for \u00e5 kunne sende en bestillingsbekreftelse og annen informasjon knyttet til bestillingen din. Vi trenger telefonnummeret ditt for \u00e5 kontakte deg ang\u00e5ende ditt opphold hos oss.<\/p>\n<p>Vi samler inn denne informasjonen for \u00e5 oppfylle v\u00e5r kontrakt med deg. Dine opplysninger vil bli slettet ved utgangen av kalender\u00e5ret 5 \u00e5r etter ditt opphold p\u00e5 Jambo Feriepark A\/S.<\/p>\n<p>Hvis du har meldt deg p\u00e5 v\u00e5rt nyhetsbrev, bruker vi din e-postadresse og navn for \u00e5 sende deg nyhetsbrevet. Du samtykker til behandlingen i forbindelse med registreringen, og du kan n\u00e5r som helst melde deg av nyhetsbrevet. N\u00e5r du melder deg av nyhetsbrevet, slettes dine personopplysninger etter 3 m\u00e5neder.<\/p>\n<h2>Andre mottakere av personopplysninger<\/h2>\n<p>Vi selger ikke dine personopplysninger til tredjeparter. Vi har inng\u00e5tt databehandleravtaler med v\u00e5re databehandlere, som er din garanti for at de overholder gjeldende regelverk om beskyttelse av dine personopplysninger. Vi bruker ikke informasjonen din til \u00e5 ta automatiske avgj\u00f8relser som kan p\u00e5virke deg.<\/p>\n<h3>Rekkef\u00f8lge<\/h3>\n<p>Dine personopplysninger i forbindelse med booking lagres i v\u00e5rt administrasjonssystem. Vi hoster systemet hos CompuSoft A\/S, som har data plassert p\u00e5 servere i Danmark.<\/p>\n<h3>Innbetaling<\/h3>\n<p>N\u00e5r du fullf\u00f8rer en online betaling, videresender vi bestillingsdataene dine til NETS Easy. Jambo Feriepark A\/S lagrer ingen informasjon om betaling.<\/p>\n<h3>Nyhetsbrev<\/h3>\n<p>Hvis du har valgt \u00e5 abonnere p\u00e5 v\u00e5rt nyhetsbrev, behandler MailChimp (The Rocket Science Group, LLC), som er basert i USA, e-postadressen din og navnet ditt. I forbindelse med nyhetsbrevet har LAZZAWEB ApS tilgang til systemet.<\/p>\n<h2>Dine rettigheder<\/h2>\n<p>Du har rett til \u00e5 be oss om \u00e5 f\u00e5 innsikt i, korrigere eller endre dine personopplysninger og \u00e5 f\u00e5 dataene dine slettet. Du har ogs\u00e5 rett til \u00e5 klage p\u00e5 v\u00e5r bruk av personopplysningene dine til Datatilsynet. Hvis du \u00f8nsker at vi ikke lenger skal behandle dine personopplysninger eller at vi skal begrense behandlingen, kan du sende oss en foresp\u00f8rsel p\u00e5 <a href=\"mailto:info@jambo.dk\">info@jambo.dk<\/a>.<\/p>\n<h2>Endringer<\/h2>\n<p>Personopplysningspolicyen ble sist oppdatert 27. februar 2024.<\/p>\n\t\t\t\t\t\t\t\t<\/div>\n\t\t\t\t<\/div>\n\t\t\t\t\t<\/div>\n\t\t<\/div>\n\t\t\t\t\t<\/div>\n\t\t<\/section>\n\t\t\t\t<\/div>\n\t\t","protected":false},"excerpt":{"rendered":"<p>Personopplysningspolicy Vi samler kun inn personopplysninger i tilfeller der det er relevant for ditt kj\u00f8p fra oss. Her kan du lese mer om dataene vi samler inn om deg. Behandlingsansvarlig Behandlingsansvarlig for innsamling, behandling og bruk av dine personopplysninger er Jambo Feriepark A\/S, Solvejen 60, 9493 Saltum, CVR-nr. 25472489. Du kan kontakte oss per post [&hellip;]<\/p>\n","protected":false},"author":4,"featured_media":0,"parent":0,"menu_order":0,"comment_status":"closed","ping_status":"closed","template":"","meta":{"_acf_changed":false,"footnotes":""},"class_list":["post-8049","page","type-page","status-publish","hentry"],"acf":[],"yoast_head":"<!-- This site is optimized with the Yoast SEO plugin v27.4 - https:\/\/yoast.com\/product\/yoast-seo-wordpress\/ -->\n<title>Personopplysningspolicy - jambo feriepark<\/title>\n<meta name=\"robots\" content=\"index, follow, max-snippet:-1, max-image-preview:large, max-video-preview:-1\" \/>\n<link rel=\"canonical\" href=\"https:\/\/jambo.dk\/no\/personopplysningspolicy\" \/>\n<meta property=\"og:locale\" content=\"nb_NO\" \/>\n<meta property=\"og:type\" content=\"article\" \/>\n<meta property=\"og:title\" content=\"Personopplysningspolicy - jambo feriepark\" \/>\n<meta property=\"og:description\" content=\"Personopplysningspolicy Vi samler kun inn personopplysninger i tilfeller der det er relevant for ditt kj\u00f8p fra oss. Her kan du lese mer om dataene vi samler inn om deg. Behandlingsansvarlig Behandlingsansvarlig for innsamling, behandling og bruk av dine personopplysninger er Jambo Feriepark A\/S, Solvejen 60, 9493 Saltum, CVR-nr. 25472489. Du kan kontakte oss per post [&hellip;]\" \/>\n<meta property=\"og:url\" content=\"https:\/\/jambo.dk\/no\/personopplysningspolicy\" \/>\n<meta property=\"og:site_name\" content=\"jambo feriepark\" \/>\n<meta property=\"article:publisher\" content=\"https:\/\/www.facebook.com\/feriepark\/\" \/>\n<meta property=\"article:modified_time\" content=\"2024-02-27T19:00:34+00:00\" \/>\n<meta name=\"twitter:card\" content=\"summary_large_image\" \/>\n<meta name=\"twitter:label1\" content=\"Ansl. lesetid\" \/>\n\t<meta name=\"twitter:data1\" content=\"2 minutter\" \/>\n<script type=\"application\/ld+json\" class=\"yoast-schema-graph\">{\"@context\":\"https:\\\/\\\/schema.org\",\"@graph\":[{\"@type\":\"WebPage\",\"@id\":\"https:\\\/\\\/jambo.dk\\\/no\\\/personopplysningspolicy\",\"url\":\"https:\\\/\\\/jambo.dk\\\/no\\\/personopplysningspolicy\",\"name\":\"Personopplysningspolicy - jambo feriepark\",\"isPartOf\":{\"@id\":\"https:\\\/\\\/jambo.dk\\\/no#website\"},\"datePublished\":\"2023-03-03T10:49:38+00:00\",\"dateModified\":\"2024-02-27T19:00:34+00:00\",\"breadcrumb\":{\"@id\":\"https:\\\/\\\/jambo.dk\\\/no\\\/personopplysningspolicy#breadcrumb\"},\"inLanguage\":\"nb-NO\",\"potentialAction\":[{\"@type\":\"ReadAction\",\"target\":[\"https:\\\/\\\/jambo.dk\\\/no\\\/personopplysningspolicy\"]}]},{\"@type\":\"BreadcrumbList\",\"@id\":\"https:\\\/\\\/jambo.dk\\\/no\\\/personopplysningspolicy#breadcrumb\",\"itemListElement\":[{\"@type\":\"ListItem\",\"position\":1,\"name\":\"Hjem\",\"item\":\"https:\\\/\\\/jambo.dk\\\/no\\\/forside\"},{\"@type\":\"ListItem\",\"position\":2,\"name\":\"Personopplysningspolicy\"}]},{\"@type\":\"WebSite\",\"@id\":\"https:\\\/\\\/jambo.dk\\\/no#website\",\"url\":\"https:\\\/\\\/jambo.dk\\\/no\",\"name\":\"jambo feriepark\",\"description\":\"5 stjerners campingplads\",\"publisher\":{\"@id\":\"https:\\\/\\\/jambo.dk\\\/no#organization\"},\"potentialAction\":[{\"@type\":\"SearchAction\",\"target\":{\"@type\":\"EntryPoint\",\"urlTemplate\":\"https:\\\/\\\/jambo.dk\\\/no?s={search_term_string}\"},\"query-input\":{\"@type\":\"PropertyValueSpecification\",\"valueRequired\":true,\"valueName\":\"search_term_string\"}}],\"inLanguage\":\"nb-NO\"},{\"@type\":\"Organization\",\"@id\":\"https:\\\/\\\/jambo.dk\\\/no#organization\",\"name\":\"Jambo Feriepark A\\\/S\",\"url\":\"https:\\\/\\\/jambo.dk\\\/no\",\"logo\":{\"@type\":\"ImageObject\",\"inLanguage\":\"nb-NO\",\"@id\":\"https:\\\/\\\/jambo.dk\\\/no#\\\/schema\\\/logo\\\/image\\\/\",\"url\":\"https:\\\/\\\/jambo.dk\\\/wp-content\\\/uploads\\\/2022\\\/03\\\/logo.png\",\"contentUrl\":\"https:\\\/\\\/jambo.dk\\\/wp-content\\\/uploads\\\/2022\\\/03\\\/logo.png\",\"width\":457,\"height\":196,\"caption\":\"Jambo Feriepark A\\\/S\"},\"image\":{\"@id\":\"https:\\\/\\\/jambo.dk\\\/no#\\\/schema\\\/logo\\\/image\\\/\"},\"sameAs\":[\"https:\\\/\\\/www.facebook.com\\\/feriepark\\\/\"]}]}<\/script>\n<!-- \/ Yoast SEO plugin. -->","yoast_head_json":{"title":"Personopplysningspolicy - jambo feriepark","robots":{"index":"index","follow":"follow","max-snippet":"max-snippet:-1","max-image-preview":"max-image-preview:large","max-video-preview":"max-video-preview:-1"},"canonical":"https:\/\/jambo.dk\/no\/personopplysningspolicy","og_locale":"nb_NO","og_type":"article","og_title":"Personopplysningspolicy - jambo feriepark","og_description":"Personopplysningspolicy Vi samler kun inn personopplysninger i tilfeller der det er relevant for ditt kj\u00f8p fra oss. Her kan du lese mer om dataene vi samler inn om deg. Behandlingsansvarlig Behandlingsansvarlig for innsamling, behandling og bruk av dine personopplysninger er Jambo Feriepark A\/S, Solvejen 60, 9493 Saltum, CVR-nr. 25472489. Du kan kontakte oss per post [&hellip;]","og_url":"https:\/\/jambo.dk\/no\/personopplysningspolicy","og_site_name":"jambo feriepark","article_publisher":"https:\/\/www.facebook.com\/feriepark\/","article_modified_time":"2024-02-27T19:00:34+00:00","twitter_card":"summary_large_image","twitter_misc":{"Ansl. lesetid":"2 minutter"},"schema":{"@context":"https:\/\/schema.org","@graph":[{"@type":"WebPage","@id":"https:\/\/jambo.dk\/no\/personopplysningspolicy","url":"https:\/\/jambo.dk\/no\/personopplysningspolicy","name":"Personopplysningspolicy - jambo feriepark","isPartOf":{"@id":"https:\/\/jambo.dk\/no#website"},"datePublished":"2023-03-03T10:49:38+00:00","dateModified":"2024-02-27T19:00:34+00:00","breadcrumb":{"@id":"https:\/\/jambo.dk\/no\/personopplysningspolicy#breadcrumb"},"inLanguage":"nb-NO","potentialAction":[{"@type":"ReadAction","target":["https:\/\/jambo.dk\/no\/personopplysningspolicy"]}]},{"@type":"BreadcrumbList","@id":"https:\/\/jambo.dk\/no\/personopplysningspolicy#breadcrumb","itemListElement":[{"@type":"ListItem","position":1,"name":"Hjem","item":"https:\/\/jambo.dk\/no\/forside"},{"@type":"ListItem","position":2,"name":"Personopplysningspolicy"}]},{"@type":"WebSite","@id":"https:\/\/jambo.dk\/no#website","url":"https:\/\/jambo.dk\/no","name":"jambo feriepark","description":"5 stjerners campingplads","publisher":{"@id":"https:\/\/jambo.dk\/no#organization"},"potentialAction":[{"@type":"SearchAction","target":{"@type":"EntryPoint","urlTemplate":"https:\/\/jambo.dk\/no?s={search_term_string}"},"query-input":{"@type":"PropertyValueSpecification","valueRequired":true,"valueName":"search_term_string"}}],"inLanguage":"nb-NO"},{"@type":"Organization","@id":"https:\/\/jambo.dk\/no#organization","name":"Jambo Feriepark A\/S","url":"https:\/\/jambo.dk\/no","logo":{"@type":"ImageObject","inLanguage":"nb-NO","@id":"https:\/\/jambo.dk\/no#\/schema\/logo\/image\/","url":"https:\/\/jambo.dk\/wp-content\/uploads\/2022\/03\/logo.png","contentUrl":"https:\/\/jambo.dk\/wp-content\/uploads\/2022\/03\/logo.png","width":457,"height":196,"caption":"Jambo Feriepark A\/S"},"image":{"@id":"https:\/\/jambo.dk\/no#\/schema\/logo\/image\/"},"sameAs":["https:\/\/www.facebook.com\/feriepark\/"]}]}},"_links":{"self":[{"href":"https:\/\/jambo.dk\/no\/wp-json\/wp\/v2\/pages\/8049","targetHints":{"allow":["GET"]}}],"collection":[{"href":"https:\/\/jambo.dk\/no\/wp-json\/wp\/v2\/pages"}],"about":[{"href":"https:\/\/jambo.dk\/no\/wp-json\/wp\/v2\/types\/page"}],"author":[{"embeddable":true,"href":"https:\/\/jambo.dk\/no\/wp-json\/wp\/v2\/users\/4"}],"replies":[{"embeddable":true,"href":"https:\/\/jambo.dk\/no\/wp-json\/wp\/v2\/comments?post=8049"}],"version-history":[{"count":7,"href":"https:\/\/jambo.dk\/no\/wp-json\/wp\/v2\/pages\/8049\/revisions"}],"predecessor-version":[{"id":10855,"href":"https:\/\/jambo.dk\/no\/wp-json\/wp\/v2\/pages\/8049\/revisions\/10855"}],"wp:attachment":[{"href":"https:\/\/jambo.dk\/no\/wp-json\/wp\/v2\/media?parent=8049"}],"curies":[{"name":"wp","href":"https:\/\/api.w.org\/{rel}","templated":true}]}}